{"id":67,"date":"2013-11-21T21:17:39","date_gmt":"2013-11-21T21:17:39","guid":{"rendered":"https:\/\/visa-americana.com\/?page_id=67"},"modified":"2023-03-28T14:40:57","modified_gmt":"2023-03-28T20:40:57","slug":"contacto","status":"publish","type":"page","link":"https:\/\/www.ideaymedia.com.mx\/visa\/contacto\/","title":{"rendered":"Contacto"},"content":{"rendered":"<h1 class=\"blue\">Contacto<\/h1>\r\n<p class=\"justify-text\">Para dudas o comentarios generales, utilice la forma de contacto que se presenta a continuaci\u00f3n. Si usted contrat\u00f3 cierto producto o servicio de Visa Americana, antes de enviarnos su cuesti\u00f3n, lea con atenci\u00f3n los documentos y\/o comunicados electr\u00f3nicos recibidos para ponerse en contacto con el departamento correcto.<\/p>\r\n\r\n<div class=\"border-grey\">\r\n<h1 class=\"blue\">Forma de contacto<\/h1>\r\n<form class=\"infusion-form\" accept-charset=\"UTF-8\" action=\"https:\/\/ay150.infusionsoft.com\/app\/form\/process\/3eb8757c7d505e0361b6165a41420c7d\" method=\"POST\"><input name=\"inf_form_xid\" type=\"hidden\" value=\"3eb8757c7d505e0361b6165a41420c7d\" \/><input name=\"inf_form_name\" type=\"hidden\" value=\"Forma de contacto Visa\" \/><input name=\"infusionsoft_version\" type=\"hidden\" value=\"1.44.0.50\" \/>\r\n<div class=\"infusion-field\"><label for=\"inf_custom_Titulo\">T\u00edtulo *<\/label>\r\n<select id=\"inf_custom_Titulo\" class=\"infusion-field-input-container\" name=\"inf_custom_Titulo\">\r\n<option selected=\"selected\" value=\"Sr.\">Sr.<\/option>\r\n<option value=\"Sra.\">Sra.<\/option>\r\n<option value=\"Srta.\">Srta.<\/option>\r\n<\/select><\/div>\r\n<div class=\"infusion-field\"><label for=\"inf_field_FirstName\">Nombre *<\/label>\r\n<input id=\"inf_field_FirstName\" class=\"infusion-field-input-container\" name=\"inf_field_FirstName\" type=\"text\" \/><\/div>\r\n<div class=\"infusion-field\"><label for=\"inf_field_LastName\">Apellido paterno*<\/label>\r\n<input id=\"inf_field_LastName\" class=\"infusion-field-input-container\" name=\"inf_field_LastName\" type=\"text\" \/><\/div>\r\n<div class=\"infusion-field\"><label for=\"inf_field_MiddleName\">Apellido materno *<\/label><input id=\"inf_field_MiddleName\" class=\"infusion-field-input-container\" name=\"inf_field_MiddleName\" type=\"text\" \/><\/div>\r\n<div class=\"infusion-field\"><label for=\"inf_field_Email\">Correo electr\u00f3nico *<\/label>\r\n<input id=\"inf_field_Email\" class=\"infusion-field-input-container\" name=\"inf_field_Email\" type=\"text\" \/><\/div>\r\n<div class=\"infusion-field\"><label for=\"inf_custom_CountryDropdownMenu\">Pa\u00eds *<\/label>\r\n<select id=\"inf_custom_CountryDropdownMenu\" class=\"infusion-field-input-container\" name=\"inf_custom_CountryDropdownMenu\">\r\n<option selected=\"selected\" value=\"Argentina\">Argentina<\/option>\r\n<option value=\"Bolivia\">Bolivia<\/option>\r\n<option value=\"Colombia\">Colombia<\/option>\r\n<option value=\"Costa Rica\">Costa Rica<\/option>\r\n<option value=\"Republica Dominicana\">Republica Dominicana<\/option>\r\n<option value=\"Ecuador\">Ecuador<\/option>\r\n<option value=\"El Salvador\">El Salvador<\/option>\r\n<option value=\"Guatemala\">Guatemala<\/option>\r\n<option value=\"Honduras\">Honduras<\/option>\r\n<option value=\"Mexico\">Mexico<\/option>\r\n<option value=\"Nicaragua\">Nicaragua<\/option>\r\n<option value=\"Panama\">Panama<\/option>\r\n<option value=\"Paraguay\">Paraguay<\/option>\r\n<option value=\"Peru\">Peru<\/option>\r\n<option value=\"Uruguay\">Uruguay<\/option>\r\n<option value=\"Venezuela\">Venezuela<\/option>\r\n<option value=\"Otro Pais\">Otro Pais<\/option>\r\n<\/select><\/div>\r\n<div class=\"infusion-field\"><label for=\"inf_custom_ContactUsComments\">Comentarios: *<\/label>\r\n<textarea id=\"inf_custom_ContactUsComments\" cols=\"24\" name=\"inf_custom_ContactUsComments\" rows=\"5\"><\/textarea><\/div>\r\n<div class=\"infusion-field\"><span style=\"font-size: 10pt;\">He le\u00eddo y acepto los <a class=\"eModal-1\" href=\"#\">t\u00e9rminos y condiciones<\/a>*<\/span><input id=\"inf_option_IAgree\" style=\"float: right; width: 21px; height: 21px; border-radius: 5px; background-color: #fff;\" name=\"inf_option_IAgree\" required=\"\" type=\"checkbox\"><\/div>\r\n<div class=\"infusion-field\"><input style=\"margin-top: 0px !important;\" type=\"submit\" value=\"Enviar\"><\/div>\r\n<div class=\"infusion-field\" style=\"text-align: center; font-size: 11px;\"><a href=\"https:\/\/www.ideaymedia.com.mx\/visa\/terminos-y-condiciones\/poliza-de-privacidad\/\" target=\"_blank\" rel=\"noopener noreferrer\">P\u00f3liza de privacidad<\/a><\/div>\r\n\r\n<script src=\"https:\/\/ajax.googleapis.com\/ajax\/libs\/jquery\/1.8.3\/jquery.min.js\"><\/script><script src=\"https:\/\/ajax.googleapis.com\/ajax\/libs\/jqueryui\/1.7.2\/jquery-ui.min.js\"><\/script>\r\n    <script>\r\n        $(window).load(function(){\r\n            $('#inf_option_IAgree').attr('required', true);\r\n        });\r\n    <\/script>\r\n    <script>\r\n    \/\/Validacion para Safari\r\n    \/\/var isSafari = Object.prototype.toString.call(window.HTMLElement).indexOf('Constructor') > 0;\r\n    var detectarNavegador = window.navigator.userAgent;\r\n    var chrome = '\/Chrome\/';\r\n    var safari = '\/Safari\/';\r\n    if(detectarNavegador.indexOf('Safari')!=-1 && detectarNavegador.indexOf('Chrome')==-1)\r\n    var isSafari = true;\r\n    if (isSafari){\r\n        var forms = document.getElementsByTagName('form');\r\n        for (var i = 0; i < forms.length; i++) {\r\n            forms[i].noValidate = true;\r\n        \r\n            forms[i].addEventListener('submit', function(event) {\r\n                \/\/Prevent submission if checkValidity on the form returns false.\r\n                if (!event.target.checkValidity()) {\r\n                    event.preventDefault();\r\n                    alert('Es necesario marcar la casilla de t\u00e9rminos y condiciones para continuar');\r\n                    \/\/Implement you own means of displaying error messages to the user here.\r\n                }\r\n            }, false);\r\n        }\r\n    }\r\n    <\/script>\r\n\r\n<\/form><\/div>\r\n<p class=\"justify-text\">Si usted lo prefiere, puede hacernos llegar su comunicado por correo a la siguiente direcci\u00f3n:<\/p>\r\nVisa Americana LLC\r\n1712 Pioneer Ave. Suite 135\r\nCheyenne WY 82001 USA\r\n\r\n<strong>Tel:<\/strong>\r\n+1 (855) 208 6778\r\n+1 (307) 202 8288\r\n\r\n<strong>Fax:<\/strong>\r\n+1 (307) 316 8930\r\n\r\n<strong>Horarios de atenci\u00f3n:<\/strong>\r\nLunes - Viernes de 9am a 5pm.","protected":false},"excerpt":{"rendered":"Contacto Para dudas o comentarios generales, utilice la forma de contacto que se presenta a continuaci\u00f3n. Si usted contrat\u00f3 cierto producto o servicio de Visa Americana, antes de enviarnos su cuesti\u00f3n, lea con atenci\u00f3n los documentos y\/o comunicados electr\u00f3nicos recibidos<span class=\"ellipsis\">&hellip;<\/span><div class=\"read-more\"><a href=\"https:\/\/www.ideaymedia.com.mx\/visa\/contacto\/\">Read more &#8250;<\/a><\/div><!-- end of .read-more -->","protected":false},"author":3,"featured_media":0,"parent":0,"menu_order":141,"comment_status":"open","ping_status":"open","template":"template-single-sidebar-minimal.php","meta":{"footnotes":""},"class_list":["post-67","page","type-page","status-publish","hentry"],"yoast_head":"<!-- This site is optimized with the Yoast SEO plugin v26.5 - https:\/\/yoast.com\/wordpress\/plugins\/seo\/ -->\n<title>Solicitar Visa Americana | Contacto Visa Americana<\/title>\n<meta name=\"description\" content=\"Si tiene alguna pregunta o simplemente necesita ayuda con el proceso de solicitud de la Visa Americana, p\u00f3ngase en contacto con nosotros. Haga clic aqu\u00ed.\" \/>\n<meta name=\"robots\" content=\"index, follow, max-snippet:-1, max-image-preview:large, max-video-preview:-1\" \/>\n<link rel=\"canonical\" href=\"https:\/\/www.ideaymedia.com.mx\/visa\/contacto\/\" \/>\n<meta property=\"og:locale\" content=\"en_US\" \/>\n<meta property=\"og:type\" content=\"article\" \/>\n<meta property=\"og:title\" content=\"Solicitar Visa Americana | Contacto Visa Americana\" \/>\n<meta property=\"og:description\" content=\"Si tiene alguna pregunta o simplemente necesita ayuda con el proceso de solicitud de la Visa Americana, p\u00f3ngase en contacto con nosotros. Haga clic aqu\u00ed.\" \/>\n<meta property=\"og:url\" content=\"https:\/\/www.ideaymedia.com.mx\/visa\/contacto\/\" \/>\n<meta property=\"og:site_name\" content=\"Visa Americana Asesoramiento Migratorio\" \/>\n<meta property=\"article:modified_time\" content=\"2023-03-28T20:40:57+00:00\" \/>\n<meta name=\"twitter:label1\" content=\"Est. reading time\" \/>\n\t<meta name=\"twitter:data1\" content=\"1 minute\" \/>\n<script type=\"application\/ld+json\" class=\"yoast-schema-graph\">{\"@context\":\"https:\/\/schema.org\",\"@graph\":[{\"@type\":\"WebPage\",\"@id\":\"https:\/\/www.ideaymedia.com.mx\/visa\/contacto\/\",\"url\":\"https:\/\/www.ideaymedia.com.mx\/visa\/contacto\/\",\"name\":\"Solicitar Visa Americana | Contacto Visa Americana\",\"isPartOf\":{\"@id\":\"https:\/\/www.ideaymedia.com.mx\/visa\/#website\"},\"datePublished\":\"2013-11-21T21:17:39+00:00\",\"dateModified\":\"2023-03-28T20:40:57+00:00\",\"description\":\"Si tiene alguna pregunta o simplemente necesita ayuda con el proceso de solicitud de la Visa Americana, p\u00f3ngase en contacto con nosotros. Haga clic aqu\u00ed.\",\"breadcrumb\":{\"@id\":\"https:\/\/www.ideaymedia.com.mx\/visa\/contacto\/#breadcrumb\"},\"inLanguage\":\"en-US\",\"potentialAction\":[{\"@type\":\"ReadAction\",\"target\":[\"https:\/\/www.ideaymedia.com.mx\/visa\/contacto\/\"]}]},{\"@type\":\"BreadcrumbList\",\"@id\":\"https:\/\/www.ideaymedia.com.mx\/visa\/contacto\/#breadcrumb\",\"itemListElement\":[{\"@type\":\"ListItem\",\"position\":1,\"name\":\"Home\",\"item\":\"https:\/\/www.ideaymedia.com.mx\/visa\/requisitos-para-tramitar-visa-a-eu\/\"},{\"@type\":\"ListItem\",\"position\":2,\"name\":\"Contacto\"}]},{\"@type\":\"WebSite\",\"@id\":\"https:\/\/www.ideaymedia.com.mx\/visa\/#website\",\"url\":\"https:\/\/www.ideaymedia.com.mx\/visa\/\",\"name\":\"Visa Americana Asesoramiento Migratorio\",\"description\":\"Visa Americana Asesoramiento Migratorio\",\"publisher\":{\"@id\":\"https:\/\/www.ideaymedia.com.mx\/visa\/#organization\"},\"potentialAction\":[{\"@type\":\"SearchAction\",\"target\":{\"@type\":\"EntryPoint\",\"urlTemplate\":\"https:\/\/www.ideaymedia.com.mx\/visa\/?s={search_term_string}\"},\"query-input\":{\"@type\":\"PropertyValueSpecification\",\"valueRequired\":true,\"valueName\":\"search_term_string\"}}],\"inLanguage\":\"en-US\"},{\"@type\":\"Organization\",\"@id\":\"https:\/\/www.ideaymedia.com.mx\/visa\/#organization\",\"name\":\"Visa Americana\",\"url\":\"https:\/\/www.ideaymedia.com.mx\/visa\/\",\"logo\":{\"@type\":\"ImageObject\",\"inLanguage\":\"en-US\",\"@id\":\"https:\/\/www.ideaymedia.com.mx\/visa\/#\/schema\/logo\/image\/\",\"url\":\"https:\/\/www.ideaymedia.com.mx\/visa\/wp-content\/uploads\/2015\/02\/Escudo-Visa-Americana.gif\",\"contentUrl\":\"https:\/\/www.ideaymedia.com.mx\/visa\/wp-content\/uploads\/2015\/02\/Escudo-Visa-Americana.gif\",\"width\":165,\"height\":165,\"caption\":\"Visa Americana\"},\"image\":{\"@id\":\"https:\/\/www.ideaymedia.com.mx\/visa\/#\/schema\/logo\/image\/\"}}]}<\/script>\n<!-- \/ Yoast SEO plugin. -->","yoast_head_json":{"title":"Solicitar Visa Americana | Contacto Visa Americana","description":"Si tiene alguna pregunta o simplemente necesita ayuda con el proceso de solicitud de la Visa Americana, p\u00f3ngase en contacto con nosotros. Haga clic aqu\u00ed.","robots":{"index":"index","follow":"follow","max-snippet":"max-snippet:-1","max-image-preview":"max-image-preview:large","max-video-preview":"max-video-preview:-1"},"canonical":"https:\/\/www.ideaymedia.com.mx\/visa\/contacto\/","og_locale":"en_US","og_type":"article","og_title":"Solicitar Visa Americana | Contacto Visa Americana","og_description":"Si tiene alguna pregunta o simplemente necesita ayuda con el proceso de solicitud de la Visa Americana, p\u00f3ngase en contacto con nosotros. Haga clic aqu\u00ed.","og_url":"https:\/\/www.ideaymedia.com.mx\/visa\/contacto\/","og_site_name":"Visa Americana Asesoramiento Migratorio","article_modified_time":"2023-03-28T20:40:57+00:00","twitter_misc":{"Est. reading time":"1 minute"},"schema":{"@context":"https:\/\/schema.org","@graph":[{"@type":"WebPage","@id":"https:\/\/www.ideaymedia.com.mx\/visa\/contacto\/","url":"https:\/\/www.ideaymedia.com.mx\/visa\/contacto\/","name":"Solicitar Visa Americana | Contacto Visa Americana","isPartOf":{"@id":"https:\/\/www.ideaymedia.com.mx\/visa\/#website"},"datePublished":"2013-11-21T21:17:39+00:00","dateModified":"2023-03-28T20:40:57+00:00","description":"Si tiene alguna pregunta o simplemente necesita ayuda con el proceso de solicitud de la Visa Americana, p\u00f3ngase en contacto con nosotros. Haga clic aqu\u00ed.","breadcrumb":{"@id":"https:\/\/www.ideaymedia.com.mx\/visa\/contacto\/#breadcrumb"},"inLanguage":"en-US","potentialAction":[{"@type":"ReadAction","target":["https:\/\/www.ideaymedia.com.mx\/visa\/contacto\/"]}]},{"@type":"BreadcrumbList","@id":"https:\/\/www.ideaymedia.com.mx\/visa\/contacto\/#breadcrumb","itemListElement":[{"@type":"ListItem","position":1,"name":"Home","item":"https:\/\/www.ideaymedia.com.mx\/visa\/requisitos-para-tramitar-visa-a-eu\/"},{"@type":"ListItem","position":2,"name":"Contacto"}]},{"@type":"WebSite","@id":"https:\/\/www.ideaymedia.com.mx\/visa\/#website","url":"https:\/\/www.ideaymedia.com.mx\/visa\/","name":"Visa Americana Asesoramiento Migratorio","description":"Visa Americana Asesoramiento Migratorio","publisher":{"@id":"https:\/\/www.ideaymedia.com.mx\/visa\/#organization"},"potentialAction":[{"@type":"SearchAction","target":{"@type":"EntryPoint","urlTemplate":"https:\/\/www.ideaymedia.com.mx\/visa\/?s={search_term_string}"},"query-input":{"@type":"PropertyValueSpecification","valueRequired":true,"valueName":"search_term_string"}}],"inLanguage":"en-US"},{"@type":"Organization","@id":"https:\/\/www.ideaymedia.com.mx\/visa\/#organization","name":"Visa Americana","url":"https:\/\/www.ideaymedia.com.mx\/visa\/","logo":{"@type":"ImageObject","inLanguage":"en-US","@id":"https:\/\/www.ideaymedia.com.mx\/visa\/#\/schema\/logo\/image\/","url":"https:\/\/www.ideaymedia.com.mx\/visa\/wp-content\/uploads\/2015\/02\/Escudo-Visa-Americana.gif","contentUrl":"https:\/\/www.ideaymedia.com.mx\/visa\/wp-content\/uploads\/2015\/02\/Escudo-Visa-Americana.gif","width":165,"height":165,"caption":"Visa Americana"},"image":{"@id":"https:\/\/www.ideaymedia.com.mx\/visa\/#\/schema\/logo\/image\/"}}]}},"_links":{"self":[{"href":"https:\/\/www.ideaymedia.com.mx\/visa\/wp-json\/wp\/v2\/pages\/67","targetHints":{"allow":["GET"]}}],"collection":[{"href":"https:\/\/www.ideaymedia.com.mx\/visa\/wp-json\/wp\/v2\/pages"}],"about":[{"href":"https:\/\/www.ideaymedia.com.mx\/visa\/wp-json\/wp\/v2\/types\/page"}],"author":[{"embeddable":true,"href":"https:\/\/www.ideaymedia.com.mx\/visa\/wp-json\/wp\/v2\/users\/3"}],"replies":[{"embeddable":true,"href":"https:\/\/www.ideaymedia.com.mx\/visa\/wp-json\/wp\/v2\/comments?post=67"}],"version-history":[{"count":4,"href":"https:\/\/www.ideaymedia.com.mx\/visa\/wp-json\/wp\/v2\/pages\/67\/revisions"}],"predecessor-version":[{"id":4794,"href":"https:\/\/www.ideaymedia.com.mx\/visa\/wp-json\/wp\/v2\/pages\/67\/revisions\/4794"}],"wp:attachment":[{"href":"https:\/\/www.ideaymedia.com.mx\/visa\/wp-json\/wp\/v2\/media?parent=67"}],"curies":[{"name":"wp","href":"https:\/\/api.w.org\/{rel}","templated":true}]}}