{"id":65,"date":"2013-11-21T21:17:32","date_gmt":"2013-11-21T21:17:32","guid":{"rendered":"https:\/\/visa-americana.com\/?page_id=65"},"modified":"2018-06-13T18:50:44","modified_gmt":"2018-06-13T23:50:44","slug":"visa-previamente-negada","status":"publish","type":"page","link":"https:\/\/www.ideaymedia.com.mx\/visa\/visa-previamente-negada\/","title":{"rendered":"Visa Previamente Negada"},"content":{"rendered":"<h1 class= \"blue\">Visa Americana Previamente Negada (Tramite en Espa\u00f1ol)<\/h1>\r\n\r\n<img decoding=\"async\" class=\"alignnone\" style=\"float: right; width: 304px; height: 220px; margin: 0px 0px 0px 20px;\"  src=\"https:\/\/www.ideaymedia.com.mx\/visa\/wp-content\/uploads\/2015\/02\/Visa-Americana.jpg\" alt=\"Visa Previamente Negada\" style=\"float:right; width:304px; height:228px margin: 0px 0px 0px 20px;\">\r\n<h4 class= \"red\">Documentaci\u00f3n requerida para tramitar la visa previamente negada:<\/h4>\r\n<ol>\r\n\t<li>Pasaporte vigente<\/li>\r\n\t<li>La hoja de confirmaci\u00f3n del Formulario DS-160 (impresa)<\/li>\r\n\t<li>Recibo de pago (MRV) origina<\/li>\r\n<\/ol>\r\n\r\n<p><strong>Existen varias razones por la cual una visa puede ser negada.<\/strong><\/p>\r\n<p class=\"justify-text\">Si usted aplic\u00f3 para una visa de entrada a los Estados Unidos y su solicitud fue rechazada, es muy probable que esto NO sea una decisi\u00f3n final y que usted podr\u00e1 aplicar nuevamente para una visa despu\u00e9s de 6 meses.<\/p>\r\n<p class=\"justify-text\">La principal raz\u00f3n por la que una visa es rechazada por la embajada o consulado de los Estados Unidos es porque el solicitante no se prepar\u00f3\u00a0adecuadamente para realizar este tr\u00e1mite y no cumpli\u00f3 con los requisitos necesarios de acuerdo a las leyes de inmigraci\u00f3n de los Estados Unidos.<\/p>\r\n<p class=\"justify-text\">En la negativa de su visa que le otorg\u00f3 el consulado o embajada de los Estados Unidos, se detalla la raz\u00f3n por la cual su visa no le fue aprobada.<\/p>\r\n<p class=\"justify-text\"><b>INA Section 221(g) &#8211; Incomplete application or supporting documentation<\/b>\r\n<b>(Solicitud incompleta o falta de documentaci\u00f3n)\u00a0<\/b>\r\nUna visa que ha sido negada o una visa previamente negada bajo la secci\u00f3n 221(g) es debido a que el oficial consular no obtuvo toda la informaci\u00f3n requerida para determinar la elegibilidad del solicitante para obtener una visa. Esto significa que por el momento usted no es elegible para obtener una visa, pero su solicitud permanece abierta. Usted deber\u00e1 presentar los documentos requeridos por la embajada o consulado de los Estados Unidos para obtener su visado.<\/p>\r\n<p class=\"justify-text\"><b>INA Section 214(b) &#8211; Visa qualifications and immigrant intent<\/b>\r\n<b>(Solicitud de visa con la intenci\u00f3n de emigrar a los EE.UU.) <\/b>\r\nUna visa que ha sido negada o una visa previamente negada bajo la secci\u00f3n 214(b) es debido a que el oficial consular ha determinado que usted no califica para una visa de NO INMIGRANTE ya que no demostr\u00f3 que usted tiene fuertes lazos tanto sociales como econ\u00f3micos que lo compele a regresar a su pa\u00eds de origen una vez que su estad\u00eda temporal en los Estados Unidos haya terminado.<\/p>\r\n<p class=\"justify-text\"><b><\/b><b>INA Section 212(a)(2) &#8211; Criminal and related ineligibilities<\/b>\r\n<b>(Lazos criminales y\/o actividades il\u00edcitas)<\/b>\r\nUna visa que ha sido negada o una visa previamente negada bajo la secci\u00f3n 212(a)(2) se debe a que el oficial consular ha determinado que el solicitante tiene v\u00ednculos con el crimen organizado o esta involucrado con actividades il\u00edcitas como fraude, asalto, robo, evade impuestos, secuestro, narcotr\u00e1fico, trafico de humanos, vicios ocultos, prostituci\u00f3n, uso de drogas y narc\u00f3ticos y\/o haya estado encarcelado por un crimen por el cual la sentencia fue de 5 a\u00f1os o m\u00e1s.<\/p>\r\n<p class=\"justify-text\">Esta secci\u00f3n tiene bastantes variantes y no esta limitada a la lista de ofensas descrita anteriormente.<\/p>\r\n<p class=\"justify-text\"><strong>INA Section 212(a)(6)(C)(i) &#8211; Fraud and Misrepresentation<\/strong>\r\n<b>(Fraude y\/o falsas declaraciones)<\/b>\r\nUna visa que ha sido negada o una visa previamente negada bajo la secci\u00f3n 212(a)(6)(c)(i) es debido a que el oficial consular ha determinado que el solicitante ha utilizado informaci\u00f3n falsificada o fraudulenta al momento de realizar la solicitud de su visado.<\/p>\r\n<p class=\"justify-text\"><b>INA Section 212(a)(9)(B)(i) &#8211; Unlawful Presence in the United States<\/b>\r\n<b>(Ilegalmente presente en los Estados Unidos)<\/b>\r\nUna visa que ha sido negada o una visa previamente negada bajo la secci\u00f3n 212(a)(9)(B)(i) es debido a que el oficial consular ha determinado que el solicitante ha estado en los Estados Unidos de manera ilegal. Esto puede deberse a que el individuo haya permanecido en el pa\u00eds por mayor tiempo al que le fue autorizado por el gobierno de los Estados Unidos o porque estuvo en el pa\u00eds sin autorizaci\u00f3n alguna.<\/p>\r\n<p class=\"justify-text\"><b>INA Section 212(a)(4) &#8211; Public Charge<\/b>\r\n<b><\/b><b>(Cargo p\u00fablico)<\/b>\r\nUna visa que ha sido negada o una visa previamente negada bajo la secci\u00f3n 212(a)(4) es debido a que el oficial consular ha determinado que el solicitante no tiene los recursos econ\u00f3micos suficientes para viajar en los Estados Unidos y que por lo tanto se convertir\u00e1 en un \u201ccargo p\u00fablico\u201d, el cual podr\u00e1 llegar a ser completamente dependiente del apoyo financiero del gobierno de EE.UU. para subsistir.<\/p>\r\n\r\n<h4><span style=\"color: #800000;\">Pasos para realizar nuestro programa &#8220;Visa Previamente Negada en Espa\u00f1ol&#8221;:<\/span><\/h4>\r\n<ol>\r\n\t<li>Hacer clic en: \u201cVISA \u00a0NEGADA \u00a0B1\/B2 INICIAR AQU\u00cd\u201d<\/li>\r\n\t<li>Realizar pago correspondiente<\/li>\r\n\t<li>Descargar archivos incluidos<\/li>\r\n\t<li>Seguir indicaciones proporcionadas<\/li>\r\n<\/ol>\r\n<a class=\"green\" href=\"https:\/\/www.ideaymedia.com.mx\/visa\/tramite-visa-previamente-negada\/\">VISA \u00a0NEGADA \u00a0B1\/B2 INICIAR AQU\u00cd<\/a>","protected":false},"excerpt":{"rendered":"Visa Americana Previamente Negada (Tramite en Espa\u00f1ol) Documentaci\u00f3n requerida para tramitar la visa previamente negada: Pasaporte vigente La hoja de confirmaci\u00f3n del Formulario DS-160 (impresa) Recibo de pago (MRV) origina Existen varias razones por la cual una visa puede ser<span class=\"ellipsis\">&hellip;<\/span><div class=\"read-more\"><a href=\"https:\/\/www.ideaymedia.com.mx\/visa\/visa-previamente-negada\/\">Read more &#8250;<\/a><\/div><!-- end of .read-more -->","protected":false},"author":3,"featured_media":0,"parent":0,"menu_order":15,"comment_status":"open","ping_status":"open","template":"template-single-nosidebar-minimal.php","meta":{"footnotes":""},"class_list":["post-65","page","type-page","status-publish","hentry"],"yoast_head":"<!-- This site is optimized with the Yoast SEO plugin v26.5 - https:\/\/yoast.com\/wordpress\/plugins\/seo\/ -->\n<title>Requisitos para solicitar la Visa Previamente Negada<\/title>\n<meta name=\"description\" content=\"Si tiene una solicitud de Visa Previamente negada, conozca los nuevos requisitos para solicitar nuevamente la Visa Previamente Negada en Espa\u00f1ol. Clic aqu\u00ed\" \/>\n<meta name=\"robots\" content=\"index, follow, max-snippet:-1, max-image-preview:large, max-video-preview:-1\" \/>\n<link rel=\"canonical\" href=\"https:\/\/www.ideaymedia.com.mx\/visa\/visa-previamente-negada\/\" \/>\n<meta property=\"og:locale\" content=\"en_US\" \/>\n<meta property=\"og:type\" content=\"article\" \/>\n<meta property=\"og:title\" content=\"Requisitos para solicitar la Visa Previamente Negada\" \/>\n<meta property=\"og:description\" content=\"Si tiene una solicitud de Visa Previamente negada, conozca los nuevos requisitos para solicitar nuevamente la Visa Previamente Negada en Espa\u00f1ol. Clic aqu\u00ed\" \/>\n<meta property=\"og:url\" content=\"https:\/\/www.ideaymedia.com.mx\/visa\/visa-previamente-negada\/\" \/>\n<meta property=\"og:site_name\" content=\"Visa Americana Asesoramiento Migratorio\" \/>\n<meta property=\"article:modified_time\" content=\"2018-06-13T23:50:44+00:00\" \/>\n<meta property=\"og:image\" content=\"https:\/\/www.ideaymedia.com.mx\/visa\/wp-content\/uploads\/2015\/02\/Visa-Americana.jpg\" \/>\n<meta name=\"twitter:label1\" content=\"Est. reading time\" \/>\n\t<meta name=\"twitter:data1\" content=\"4 minutes\" \/>\n<script type=\"application\/ld+json\" class=\"yoast-schema-graph\">{\"@context\":\"https:\/\/schema.org\",\"@graph\":[{\"@type\":\"WebPage\",\"@id\":\"https:\/\/www.ideaymedia.com.mx\/visa\/visa-previamente-negada\/\",\"url\":\"https:\/\/www.ideaymedia.com.mx\/visa\/visa-previamente-negada\/\",\"name\":\"Requisitos para solicitar la Visa Previamente Negada\",\"isPartOf\":{\"@id\":\"https:\/\/www.ideaymedia.com.mx\/visa\/#website\"},\"primaryImageOfPage\":{\"@id\":\"https:\/\/www.ideaymedia.com.mx\/visa\/visa-previamente-negada\/#primaryimage\"},\"image\":{\"@id\":\"https:\/\/www.ideaymedia.com.mx\/visa\/visa-previamente-negada\/#primaryimage\"},\"thumbnailUrl\":\"https:\/\/www.ideaymedia.com.mx\/visa\/wp-content\/uploads\/2015\/02\/Visa-Americana.jpg\",\"datePublished\":\"2013-11-21T21:17:32+00:00\",\"dateModified\":\"2018-06-13T23:50:44+00:00\",\"description\":\"Si tiene una solicitud de Visa Previamente negada, conozca los nuevos requisitos para solicitar nuevamente la Visa Previamente Negada en Espa\u00f1ol. Clic aqu\u00ed\",\"breadcrumb\":{\"@id\":\"https:\/\/www.ideaymedia.com.mx\/visa\/visa-previamente-negada\/#breadcrumb\"},\"inLanguage\":\"en-US\",\"potentialAction\":[{\"@type\":\"ReadAction\",\"target\":[\"https:\/\/www.ideaymedia.com.mx\/visa\/visa-previamente-negada\/\"]}]},{\"@type\":\"ImageObject\",\"inLanguage\":\"en-US\",\"@id\":\"https:\/\/www.ideaymedia.com.mx\/visa\/visa-previamente-negada\/#primaryimage\",\"url\":\"https:\/\/www.ideaymedia.com.mx\/visa\/wp-content\/uploads\/2015\/02\/Visa-Americana.jpg\",\"contentUrl\":\"https:\/\/www.ideaymedia.com.mx\/visa\/wp-content\/uploads\/2015\/02\/Visa-Americana.jpg\",\"width\":341,\"height\":225},{\"@type\":\"BreadcrumbList\",\"@id\":\"https:\/\/www.ideaymedia.com.mx\/visa\/visa-previamente-negada\/#breadcrumb\",\"itemListElement\":[{\"@type\":\"ListItem\",\"position\":1,\"name\":\"Home\",\"item\":\"https:\/\/www.ideaymedia.com.mx\/visa\/requisitos-para-tramitar-visa-a-eu\/\"},{\"@type\":\"ListItem\",\"position\":2,\"name\":\"Visa Previamente Negada\"}]},{\"@type\":\"WebSite\",\"@id\":\"https:\/\/www.ideaymedia.com.mx\/visa\/#website\",\"url\":\"https:\/\/www.ideaymedia.com.mx\/visa\/\",\"name\":\"Visa Americana Asesoramiento Migratorio\",\"description\":\"Visa Americana Asesoramiento Migratorio\",\"publisher\":{\"@id\":\"https:\/\/www.ideaymedia.com.mx\/visa\/#organization\"},\"potentialAction\":[{\"@type\":\"SearchAction\",\"target\":{\"@type\":\"EntryPoint\",\"urlTemplate\":\"https:\/\/www.ideaymedia.com.mx\/visa\/?s={search_term_string}\"},\"query-input\":{\"@type\":\"PropertyValueSpecification\",\"valueRequired\":true,\"valueName\":\"search_term_string\"}}],\"inLanguage\":\"en-US\"},{\"@type\":\"Organization\",\"@id\":\"https:\/\/www.ideaymedia.com.mx\/visa\/#organization\",\"name\":\"Visa Americana\",\"url\":\"https:\/\/www.ideaymedia.com.mx\/visa\/\",\"logo\":{\"@type\":\"ImageObject\",\"inLanguage\":\"en-US\",\"@id\":\"https:\/\/www.ideaymedia.com.mx\/visa\/#\/schema\/logo\/image\/\",\"url\":\"https:\/\/www.ideaymedia.com.mx\/visa\/wp-content\/uploads\/2015\/02\/Escudo-Visa-Americana.gif\",\"contentUrl\":\"https:\/\/www.ideaymedia.com.mx\/visa\/wp-content\/uploads\/2015\/02\/Escudo-Visa-Americana.gif\",\"width\":165,\"height\":165,\"caption\":\"Visa Americana\"},\"image\":{\"@id\":\"https:\/\/www.ideaymedia.com.mx\/visa\/#\/schema\/logo\/image\/\"}}]}<\/script>\n<!-- \/ Yoast SEO plugin. -->","yoast_head_json":{"title":"Requisitos para solicitar la Visa Previamente Negada","description":"Si tiene una solicitud de Visa Previamente negada, conozca los nuevos requisitos para solicitar nuevamente la Visa Previamente Negada en Espa\u00f1ol. Clic aqu\u00ed","robots":{"index":"index","follow":"follow","max-snippet":"max-snippet:-1","max-image-preview":"max-image-preview:large","max-video-preview":"max-video-preview:-1"},"canonical":"https:\/\/www.ideaymedia.com.mx\/visa\/visa-previamente-negada\/","og_locale":"en_US","og_type":"article","og_title":"Requisitos para solicitar la Visa Previamente Negada","og_description":"Si tiene una solicitud de Visa Previamente negada, conozca los nuevos requisitos para solicitar nuevamente la Visa Previamente Negada en Espa\u00f1ol. Clic aqu\u00ed","og_url":"https:\/\/www.ideaymedia.com.mx\/visa\/visa-previamente-negada\/","og_site_name":"Visa Americana Asesoramiento Migratorio","article_modified_time":"2018-06-13T23:50:44+00:00","og_image":[{"url":"https:\/\/www.ideaymedia.com.mx\/visa\/wp-content\/uploads\/2015\/02\/Visa-Americana.jpg","type":"","width":"","height":""}],"twitter_misc":{"Est. reading time":"4 minutes"},"schema":{"@context":"https:\/\/schema.org","@graph":[{"@type":"WebPage","@id":"https:\/\/www.ideaymedia.com.mx\/visa\/visa-previamente-negada\/","url":"https:\/\/www.ideaymedia.com.mx\/visa\/visa-previamente-negada\/","name":"Requisitos para solicitar la Visa Previamente Negada","isPartOf":{"@id":"https:\/\/www.ideaymedia.com.mx\/visa\/#website"},"primaryImageOfPage":{"@id":"https:\/\/www.ideaymedia.com.mx\/visa\/visa-previamente-negada\/#primaryimage"},"image":{"@id":"https:\/\/www.ideaymedia.com.mx\/visa\/visa-previamente-negada\/#primaryimage"},"thumbnailUrl":"https:\/\/www.ideaymedia.com.mx\/visa\/wp-content\/uploads\/2015\/02\/Visa-Americana.jpg","datePublished":"2013-11-21T21:17:32+00:00","dateModified":"2018-06-13T23:50:44+00:00","description":"Si tiene una solicitud de Visa Previamente negada, conozca los nuevos requisitos para solicitar nuevamente la Visa Previamente Negada en Espa\u00f1ol. Clic aqu\u00ed","breadcrumb":{"@id":"https:\/\/www.ideaymedia.com.mx\/visa\/visa-previamente-negada\/#breadcrumb"},"inLanguage":"en-US","potentialAction":[{"@type":"ReadAction","target":["https:\/\/www.ideaymedia.com.mx\/visa\/visa-previamente-negada\/"]}]},{"@type":"ImageObject","inLanguage":"en-US","@id":"https:\/\/www.ideaymedia.com.mx\/visa\/visa-previamente-negada\/#primaryimage","url":"https:\/\/www.ideaymedia.com.mx\/visa\/wp-content\/uploads\/2015\/02\/Visa-Americana.jpg","contentUrl":"https:\/\/www.ideaymedia.com.mx\/visa\/wp-content\/uploads\/2015\/02\/Visa-Americana.jpg","width":341,"height":225},{"@type":"BreadcrumbList","@id":"https:\/\/www.ideaymedia.com.mx\/visa\/visa-previamente-negada\/#breadcrumb","itemListElement":[{"@type":"ListItem","position":1,"name":"Home","item":"https:\/\/www.ideaymedia.com.mx\/visa\/requisitos-para-tramitar-visa-a-eu\/"},{"@type":"ListItem","position":2,"name":"Visa Previamente Negada"}]},{"@type":"WebSite","@id":"https:\/\/www.ideaymedia.com.mx\/visa\/#website","url":"https:\/\/www.ideaymedia.com.mx\/visa\/","name":"Visa Americana Asesoramiento Migratorio","description":"Visa Americana Asesoramiento Migratorio","publisher":{"@id":"https:\/\/www.ideaymedia.com.mx\/visa\/#organization"},"potentialAction":[{"@type":"SearchAction","target":{"@type":"EntryPoint","urlTemplate":"https:\/\/www.ideaymedia.com.mx\/visa\/?s={search_term_string}"},"query-input":{"@type":"PropertyValueSpecification","valueRequired":true,"valueName":"search_term_string"}}],"inLanguage":"en-US"},{"@type":"Organization","@id":"https:\/\/www.ideaymedia.com.mx\/visa\/#organization","name":"Visa Americana","url":"https:\/\/www.ideaymedia.com.mx\/visa\/","logo":{"@type":"ImageObject","inLanguage":"en-US","@id":"https:\/\/www.ideaymedia.com.mx\/visa\/#\/schema\/logo\/image\/","url":"https:\/\/www.ideaymedia.com.mx\/visa\/wp-content\/uploads\/2015\/02\/Escudo-Visa-Americana.gif","contentUrl":"https:\/\/www.ideaymedia.com.mx\/visa\/wp-content\/uploads\/2015\/02\/Escudo-Visa-Americana.gif","width":165,"height":165,"caption":"Visa Americana"},"image":{"@id":"https:\/\/www.ideaymedia.com.mx\/visa\/#\/schema\/logo\/image\/"}}]}},"_links":{"self":[{"href":"https:\/\/www.ideaymedia.com.mx\/visa\/wp-json\/wp\/v2\/pages\/65","targetHints":{"allow":["GET"]}}],"collection":[{"href":"https:\/\/www.ideaymedia.com.mx\/visa\/wp-json\/wp\/v2\/pages"}],"about":[{"href":"https:\/\/www.ideaymedia.com.mx\/visa\/wp-json\/wp\/v2\/types\/page"}],"author":[{"embeddable":true,"href":"https:\/\/www.ideaymedia.com.mx\/visa\/wp-json\/wp\/v2\/users\/3"}],"replies":[{"embeddable":true,"href":"https:\/\/www.ideaymedia.com.mx\/visa\/wp-json\/wp\/v2\/comments?post=65"}],"version-history":[{"count":0,"href":"https:\/\/www.ideaymedia.com.mx\/visa\/wp-json\/wp\/v2\/pages\/65\/revisions"}],"wp:attachment":[{"href":"https:\/\/www.ideaymedia.com.mx\/visa\/wp-json\/wp\/v2\/media?parent=65"}],"curies":[{"name":"wp","href":"https:\/\/api.w.org\/{rel}","templated":true}]}}