{"id":63,"date":"2013-11-21T21:17:19","date_gmt":"2013-11-21T21:17:19","guid":{"rendered":"https:\/\/visa-americana.com\/?page_id=63"},"modified":"2018-06-15T17:06:40","modified_gmt":"2018-06-15T22:06:40","slug":"renovacion-de-visa","status":"publish","type":"page","link":"https:\/\/www.ideaymedia.com.mx\/visa\/renovacion-de-visa\/","title":{"rendered":"Renovacion de Visa"},"content":{"rendered":"<h1 class= \"blue\">Renovaci\u00f3n de Visa Americana B1\/B2 en Espa\u00f1ol<\/h1>\r\n\r\n<img decoding=\"async\" style=\"float: right; width: 304px; height: 228px; margin: 0px 0px 0px 20px;\" src=\"https:\/\/www.ideaymedia.com.mx\/visa\/wp-content\/uploads\/2015\/03\/Renovar-la-visa-de-estados-unidos.jpg\" alt=\"Renovaci\u00f3n de Visa\" \/>\r\n<h4 class= \"red\">Documentaci\u00f3n requerida para la renovaci\u00f3n de visa B1\/B2:<\/b><\/h4>\r\n<ol>\r\n\t<li>Pasaporte vigente<\/li>\r\n\t<li>La hoja de confirmaci\u00f3n del Formulario DS-160 (impresa)<\/li>\r\n\t<li>Recibo de pago (MRV) original<\/li>\r\n<\/ol>\r\n\r\n<p class=\"justify-text\"><b>Sobre la renovaci\u00f3n de visa: <\/b>Para aquellos solicitantes que desean renovar su visa en la misma categor\u00eda, esta <strong>deber\u00e1 estar vigente o haber expirado en un lapso menor a 12 meses. <\/strong>El solicitante nunca deber\u00e1 de haber sido arrestado o condenado por un delito, deportado de los Estados Unidos, le haya sido negada la entrada a los Estados Unidos, o ha tenido otros problemas o dificultades con Aduanas y Patrulla Fronteriza de EE.UU.<\/p>\r\n<p class=\"justify-text\"><b>Elegibilidad y requisitos para la renovaci\u00f3n de visa:<\/b>\u00a0Cualquier persona que anteriormente haya tenido una Visa Americana v\u00e1lida o tiene una Visa Americana a punto de vencerse, tiene el derecho de solicitar una nueva visa de visitante para los Estados Unidos. El proceso de renovaci\u00f3n de visa americana es muy similar al proceso de solicitud de una visa nueva. Sin embargo, la mayor\u00eda de las Embajadas y Consulados de los EE.UU. cuentan con procedimientos acelerados especiales que est\u00e1n a disposici\u00f3n de los solicitantes que anteriormente tuvieron una visa v\u00e1lida, una visa a punto de vencerse o en algunos casos una visa que haya vencido en los \u00faltimos 12 meses. Este proceso se le conoce como <strong>&#8220;Procedimientos de Reemisi\u00f3n y Renovaci\u00f3n de Visas&#8221;.<\/strong><\/p>\r\n<p class=\"justify-text\">Una de las principales ventajas de este proceso es que el solicitante normalmente no tendr\u00e1 que \u00a0presentarse a la entrevista consular, especialmente si la persona ha tenido una visa americana durante varios a\u00f1os, ha entrado y salido varias de los Estados Unidos y nunca excedi\u00f3 su estad\u00eda en los Estados Unidos.<\/p>\r\n<p class=\"justify-text\"><b>\u00bfPuedo viajar con una visa v\u00e1lida en un pasaporte vencido?<\/b>\u00a0A menos que su haya sido cancelada anteriormente, una visa es v\u00e1lida hasta su fecha de vencimiento. Por lo tanto, si tiene una visa americana de visitante en un pasaporte vencido, puede usarlo junto con un pasaporte nuevo y v\u00e1lido para viajar y entrar a los Estados Unidos.<\/p>\r\n\r\n<h4><span style=\"color: #800000;\">Pasos para realizar nuestro programa &#8220;Renovaci\u00f3n de Visa Americana en Espa\u00f1ol&#8221;<\/span><\/h4>\r\n<ol>\r\n\t<li>Hacer clic en: \u201cRENOVACI\u00d3N DE VISA INICIAR AQU\u00cd\u201d<\/li>\r\n\t<li>Realizar pago correspondiente<\/li>\r\n\t<li>Descargar archivos incluidos<\/li>\r\n       \t<li>Seguir indicaciones proporcionadas<\/li>\r\n<\/ol>\r\n<a class=\"green\" href=\"https:\/\/www.ideaymedia.com.mx\/visa\/tramite-renovacion-de-visa\">RENOVACI\u00d3N DE VISA INICIAR AQU\u00cd<\/a>","protected":false},"excerpt":{"rendered":"Renovaci\u00f3n de Visa Americana B1\/B2 en Espa\u00f1ol Documentaci\u00f3n requerida para la renovaci\u00f3n de visa B1\/B2: Pasaporte vigente La hoja de confirmaci\u00f3n del Formulario DS-160 (impresa) Recibo de pago (MRV) original Sobre la renovaci\u00f3n de visa: Para aquellos solicitantes que desean<span class=\"ellipsis\">&hellip;<\/span><div class=\"read-more\"><a href=\"https:\/\/www.ideaymedia.com.mx\/visa\/renovacion-de-visa\/\">Read more &#8250;<\/a><\/div><!-- end of .read-more -->","protected":false},"author":3,"featured_media":0,"parent":0,"menu_order":13,"comment_status":"open","ping_status":"open","template":"template-single-nosidebar-minimal.php","meta":{"footnotes":""},"class_list":["post-63","page","type-page","status-publish","hentry"],"yoast_head":"<!-- This site is optimized with the Yoast SEO plugin v26.5 - https:\/\/yoast.com\/wordpress\/plugins\/seo\/ -->\n<title>Renovacion de Visa - Visa Americana Asesoramiento Migratorio<\/title>\n<meta name=\"robots\" content=\"index, follow, max-snippet:-1, max-image-preview:large, max-video-preview:-1\" \/>\n<link rel=\"canonical\" href=\"https:\/\/www.ideaymedia.com.mx\/visa\/visa-americana-de-no-inmigrante-b1-b2-primera-ocasion\/\" \/>\n<meta property=\"og:locale\" content=\"en_US\" \/>\n<meta property=\"og:type\" content=\"article\" \/>\n<meta property=\"og:title\" content=\"Renovacion de Visa - Visa Americana Asesoramiento Migratorio\" \/>\n<meta property=\"og:description\" content=\"Renovaci\u00f3n de Visa Americana B1\/B2 en Espa\u00f1ol Documentaci\u00f3n requerida para la renovaci\u00f3n de visa B1\/B2: Pasaporte vigente La hoja de confirmaci\u00f3n del Formulario DS-160 (impresa) Recibo de pago (MRV) original Sobre la renovaci\u00f3n de visa: Para aquellos solicitantes que desean&hellip;Read more &#8250;\" \/>\n<meta property=\"og:url\" content=\"https:\/\/www.ideaymedia.com.mx\/visa\/visa-americana-de-no-inmigrante-b1-b2-primera-ocasion\/\" \/>\n<meta property=\"og:site_name\" content=\"Visa Americana Asesoramiento Migratorio\" \/>\n<meta property=\"article:modified_time\" content=\"2018-06-15T22:06:40+00:00\" \/>\n<meta name=\"twitter:label1\" content=\"Est. reading time\" \/>\n\t<meta name=\"twitter:data1\" content=\"2 minutes\" \/>\n<script type=\"application\/ld+json\" class=\"yoast-schema-graph\">{\"@context\":\"https:\/\/schema.org\",\"@graph\":[{\"@type\":\"WebPage\",\"@id\":\"https:\/\/www.ideaymedia.com.mx\/visa\/visa-americana-de-no-inmigrante-b1-b2-primera-ocasion\/\",\"url\":\"https:\/\/www.ideaymedia.com.mx\/visa\/visa-americana-de-no-inmigrante-b1-b2-primera-ocasion\/\",\"name\":\"Renovacion de Visa - Visa Americana Asesoramiento Migratorio\",\"isPartOf\":{\"@id\":\"https:\/\/www.ideaymedia.com.mx\/visa\/#website\"},\"primaryImageOfPage\":{\"@id\":\"https:\/\/www.ideaymedia.com.mx\/visa\/visa-americana-de-no-inmigrante-b1-b2-primera-ocasion\/#primaryimage\"},\"image\":{\"@id\":\"https:\/\/www.ideaymedia.com.mx\/visa\/visa-americana-de-no-inmigrante-b1-b2-primera-ocasion\/#primaryimage\"},\"thumbnailUrl\":\"https:\/\/www.ideaymedia.com.mx\/visa\/wp-content\/uploads\/2015\/03\/Renovar-la-visa-de-estados-unidos.jpg\",\"datePublished\":\"2013-11-21T21:17:19+00:00\",\"dateModified\":\"2018-06-15T22:06:40+00:00\",\"breadcrumb\":{\"@id\":\"https:\/\/www.ideaymedia.com.mx\/visa\/visa-americana-de-no-inmigrante-b1-b2-primera-ocasion\/#breadcrumb\"},\"inLanguage\":\"en-US\",\"potentialAction\":[{\"@type\":\"ReadAction\",\"target\":[\"https:\/\/www.ideaymedia.com.mx\/visa\/visa-americana-de-no-inmigrante-b1-b2-primera-ocasion\/\"]}]},{\"@type\":\"ImageObject\",\"inLanguage\":\"en-US\",\"@id\":\"https:\/\/www.ideaymedia.com.mx\/visa\/visa-americana-de-no-inmigrante-b1-b2-primera-ocasion\/#primaryimage\",\"url\":\"https:\/\/www.ideaymedia.com.mx\/visa\/wp-content\/uploads\/2015\/03\/Renovar-la-visa-de-estados-unidos.jpg\",\"contentUrl\":\"https:\/\/www.ideaymedia.com.mx\/visa\/wp-content\/uploads\/2015\/03\/Renovar-la-visa-de-estados-unidos.jpg\",\"width\":470,\"height\":352},{\"@type\":\"BreadcrumbList\",\"@id\":\"https:\/\/www.ideaymedia.com.mx\/visa\/visa-americana-de-no-inmigrante-b1-b2-primera-ocasion\/#breadcrumb\",\"itemListElement\":[{\"@type\":\"ListItem\",\"position\":1,\"name\":\"Home\",\"item\":\"https:\/\/www.ideaymedia.com.mx\/visa\/requisitos-para-tramitar-visa-a-eu\/\"},{\"@type\":\"ListItem\",\"position\":2,\"name\":\"Visa Americana de no inmigrante (B1\/B2) primera ocasi\u00f3n\"}]},{\"@type\":\"WebSite\",\"@id\":\"https:\/\/www.ideaymedia.com.mx\/visa\/#website\",\"url\":\"https:\/\/www.ideaymedia.com.mx\/visa\/\",\"name\":\"Visa Americana Asesoramiento Migratorio\",\"description\":\"Visa Americana Asesoramiento Migratorio\",\"publisher\":{\"@id\":\"https:\/\/www.ideaymedia.com.mx\/visa\/#organization\"},\"potentialAction\":[{\"@type\":\"SearchAction\",\"target\":{\"@type\":\"EntryPoint\",\"urlTemplate\":\"https:\/\/www.ideaymedia.com.mx\/visa\/?s={search_term_string}\"},\"query-input\":{\"@type\":\"PropertyValueSpecification\",\"valueRequired\":true,\"valueName\":\"search_term_string\"}}],\"inLanguage\":\"en-US\"},{\"@type\":\"Organization\",\"@id\":\"https:\/\/www.ideaymedia.com.mx\/visa\/#organization\",\"name\":\"Visa Americana\",\"url\":\"https:\/\/www.ideaymedia.com.mx\/visa\/\",\"logo\":{\"@type\":\"ImageObject\",\"inLanguage\":\"en-US\",\"@id\":\"https:\/\/www.ideaymedia.com.mx\/visa\/#\/schema\/logo\/image\/\",\"url\":\"https:\/\/www.ideaymedia.com.mx\/visa\/wp-content\/uploads\/2015\/02\/Escudo-Visa-Americana.gif\",\"contentUrl\":\"https:\/\/www.ideaymedia.com.mx\/visa\/wp-content\/uploads\/2015\/02\/Escudo-Visa-Americana.gif\",\"width\":165,\"height\":165,\"caption\":\"Visa Americana\"},\"image\":{\"@id\":\"https:\/\/www.ideaymedia.com.mx\/visa\/#\/schema\/logo\/image\/\"}}]}<\/script>\n<!-- \/ Yoast SEO plugin. -->","yoast_head_json":{"title":"Renovacion de Visa - Visa Americana Asesoramiento Migratorio","robots":{"index":"index","follow":"follow","max-snippet":"max-snippet:-1","max-image-preview":"max-image-preview:large","max-video-preview":"max-video-preview:-1"},"canonical":"https:\/\/www.ideaymedia.com.mx\/visa\/visa-americana-de-no-inmigrante-b1-b2-primera-ocasion\/","og_locale":"en_US","og_type":"article","og_title":"Renovacion de Visa - Visa Americana Asesoramiento Migratorio","og_description":"Renovaci\u00f3n de Visa Americana B1\/B2 en Espa\u00f1ol Documentaci\u00f3n requerida para la renovaci\u00f3n de visa B1\/B2: Pasaporte vigente La hoja de confirmaci\u00f3n del Formulario DS-160 (impresa) Recibo de pago (MRV) original Sobre la renovaci\u00f3n de visa: Para aquellos solicitantes que desean&hellip;Read more &#8250;","og_url":"https:\/\/www.ideaymedia.com.mx\/visa\/visa-americana-de-no-inmigrante-b1-b2-primera-ocasion\/","og_site_name":"Visa Americana Asesoramiento Migratorio","article_modified_time":"2018-06-15T22:06:40+00:00","twitter_misc":{"Est. reading time":"2 minutes"},"schema":{"@context":"https:\/\/schema.org","@graph":[{"@type":"WebPage","@id":"https:\/\/www.ideaymedia.com.mx\/visa\/visa-americana-de-no-inmigrante-b1-b2-primera-ocasion\/","url":"https:\/\/www.ideaymedia.com.mx\/visa\/visa-americana-de-no-inmigrante-b1-b2-primera-ocasion\/","name":"Renovacion de Visa - Visa Americana Asesoramiento Migratorio","isPartOf":{"@id":"https:\/\/www.ideaymedia.com.mx\/visa\/#website"},"primaryImageOfPage":{"@id":"https:\/\/www.ideaymedia.com.mx\/visa\/visa-americana-de-no-inmigrante-b1-b2-primera-ocasion\/#primaryimage"},"image":{"@id":"https:\/\/www.ideaymedia.com.mx\/visa\/visa-americana-de-no-inmigrante-b1-b2-primera-ocasion\/#primaryimage"},"thumbnailUrl":"https:\/\/www.ideaymedia.com.mx\/visa\/wp-content\/uploads\/2015\/03\/Renovar-la-visa-de-estados-unidos.jpg","datePublished":"2013-11-21T21:17:19+00:00","dateModified":"2018-06-15T22:06:40+00:00","breadcrumb":{"@id":"https:\/\/www.ideaymedia.com.mx\/visa\/visa-americana-de-no-inmigrante-b1-b2-primera-ocasion\/#breadcrumb"},"inLanguage":"en-US","potentialAction":[{"@type":"ReadAction","target":["https:\/\/www.ideaymedia.com.mx\/visa\/visa-americana-de-no-inmigrante-b1-b2-primera-ocasion\/"]}]},{"@type":"ImageObject","inLanguage":"en-US","@id":"https:\/\/www.ideaymedia.com.mx\/visa\/visa-americana-de-no-inmigrante-b1-b2-primera-ocasion\/#primaryimage","url":"https:\/\/www.ideaymedia.com.mx\/visa\/wp-content\/uploads\/2015\/03\/Renovar-la-visa-de-estados-unidos.jpg","contentUrl":"https:\/\/www.ideaymedia.com.mx\/visa\/wp-content\/uploads\/2015\/03\/Renovar-la-visa-de-estados-unidos.jpg","width":470,"height":352},{"@type":"BreadcrumbList","@id":"https:\/\/www.ideaymedia.com.mx\/visa\/visa-americana-de-no-inmigrante-b1-b2-primera-ocasion\/#breadcrumb","itemListElement":[{"@type":"ListItem","position":1,"name":"Home","item":"https:\/\/www.ideaymedia.com.mx\/visa\/requisitos-para-tramitar-visa-a-eu\/"},{"@type":"ListItem","position":2,"name":"Visa Americana de no inmigrante (B1\/B2) primera ocasi\u00f3n"}]},{"@type":"WebSite","@id":"https:\/\/www.ideaymedia.com.mx\/visa\/#website","url":"https:\/\/www.ideaymedia.com.mx\/visa\/","name":"Visa Americana Asesoramiento Migratorio","description":"Visa Americana Asesoramiento Migratorio","publisher":{"@id":"https:\/\/www.ideaymedia.com.mx\/visa\/#organization"},"potentialAction":[{"@type":"SearchAction","target":{"@type":"EntryPoint","urlTemplate":"https:\/\/www.ideaymedia.com.mx\/visa\/?s={search_term_string}"},"query-input":{"@type":"PropertyValueSpecification","valueRequired":true,"valueName":"search_term_string"}}],"inLanguage":"en-US"},{"@type":"Organization","@id":"https:\/\/www.ideaymedia.com.mx\/visa\/#organization","name":"Visa Americana","url":"https:\/\/www.ideaymedia.com.mx\/visa\/","logo":{"@type":"ImageObject","inLanguage":"en-US","@id":"https:\/\/www.ideaymedia.com.mx\/visa\/#\/schema\/logo\/image\/","url":"https:\/\/www.ideaymedia.com.mx\/visa\/wp-content\/uploads\/2015\/02\/Escudo-Visa-Americana.gif","contentUrl":"https:\/\/www.ideaymedia.com.mx\/visa\/wp-content\/uploads\/2015\/02\/Escudo-Visa-Americana.gif","width":165,"height":165,"caption":"Visa Americana"},"image":{"@id":"https:\/\/www.ideaymedia.com.mx\/visa\/#\/schema\/logo\/image\/"}}]}},"_links":{"self":[{"href":"https:\/\/www.ideaymedia.com.mx\/visa\/wp-json\/wp\/v2\/pages\/63","targetHints":{"allow":["GET"]}}],"collection":[{"href":"https:\/\/www.ideaymedia.com.mx\/visa\/wp-json\/wp\/v2\/pages"}],"about":[{"href":"https:\/\/www.ideaymedia.com.mx\/visa\/wp-json\/wp\/v2\/types\/page"}],"author":[{"embeddable":true,"href":"https:\/\/www.ideaymedia.com.mx\/visa\/wp-json\/wp\/v2\/users\/3"}],"replies":[{"embeddable":true,"href":"https:\/\/www.ideaymedia.com.mx\/visa\/wp-json\/wp\/v2\/comments?post=63"}],"version-history":[{"count":0,"href":"https:\/\/www.ideaymedia.com.mx\/visa\/wp-json\/wp\/v2\/pages\/63\/revisions"}],"wp:attachment":[{"href":"https:\/\/www.ideaymedia.com.mx\/visa\/wp-json\/wp\/v2\/media?parent=63"}],"curies":[{"name":"wp","href":"https:\/\/api.w.org\/{rel}","templated":true}]}}