{"id":464,"date":"2014-03-08T11:58:30","date_gmt":"2014-03-08T17:58:30","guid":{"rendered":"https:\/\/visa-americana.com\/?page_id=464"},"modified":"2023-08-11T11:39:23","modified_gmt":"2023-08-11T16:39:23","slug":"negada_con_un_experto","status":"publish","type":"page","link":"https:\/\/www.ideaymedia.com.mx\/visa\/negada_con_un_experto\/","title":{"rendered":"Negada con un experto"},"content":{"rendered":"<div class=\"mobile-view\">\r\n<h1 class=\"blue\">Tr\u00e1mite con un experto<\/h1>\r\n<h3 class=\"red\">Solicitud para la Visa Americana de no inmigrante (B1\/B2) previamente negada<\/h3>\r\n<p class=\"justify-text\">Si usted tramit\u00f3 su visa americana con anterioridad y \u00e9sta le fue negada, la mejor opci\u00f3n para usted es realizar nuevamente su aplicaci\u00f3n por medio de nuestros agentes expertos. Para esto, usted deber\u00e1 realizar los siguientes pasos:<\/p>\r\n\r\n<ol style=\"text-align: left;\" start=\"1\">\r\n \t<li><strong>Introduzca su t\u00edtulo, nombre, apellidos y correo electr\u00f3nico<\/strong><\/li>\r\n \t<li><strong>Seleccione su pa\u00eds, acepte los t\u00e9rminos y haga clic en \u201cEnviar\u201d<\/strong><\/li>\r\n \t<li><strong>Realice el pago correspondiente<\/strong><\/li>\r\n \t<li><strong>Siga las indicaciones del cuestionario y permanezca atento a su correo electr\u00f3nico para recibir notificaciones<\/strong><\/li>\r\n<\/ol>\r\n<\/div>\r\n<form id=\"ifs-right\" class=\"infusion-form form-350\" style=\"margin-top: 40px;\" accept-charset=\"UTF-8\" action=\"https:\/\/ay150.infusionsoft.com\/app\/form\/process\/4f1c84a06687bf3c4bab5461c7831ca7\" method=\"POST\"><input name=\"inf_form_xid\" type=\"hidden\" value=\"4f1c84a06687bf3c4bab5461c7831ca7\"><input name=\"inf_form_name\" type=\"hidden\" value=\"Tramite de Visa NEGADA?con un experto form\"><input name=\"infusionsoft_version\" type=\"hidden\" value=\"1.42.0.39\"><span class=\"blue medium center\" style=\"width: 100%; font-weight: bold; text-shadow: -1px -1px 2px white; margin-bottom: 15px;\">1. Introduzca sus datos<\/span>\r\n<div class=\"infusion-field\"><label for=\"inf_custom_Titulo\">T\u00edtulo *<\/label><select id=\"inf_custom_Titulo\" style=\"float: right; margin-left: 13px;\" name=\"inf_custom_Titulo\">\r\n<option selected=\"selected\" value=\"Sr.\">Sr.<\/option>\r\n<option value=\"Sra.\">Sra.<\/option>\r\n<option value=\"Srta.\">Srta.<\/option>\r\n<\/select><\/div>\r\n<div class=\"infusion-field\"><label for=\"inf_field_FirstName\">Nombre *<\/label><input id=\"inf_field_FirstName\" class=\"infusion-field-input-container\" style=\"float: right; margin-left: 13px;\" name=\"inf_field_FirstName\" type=\"text\"><\/div>\r\n<div class=\"infusion-field\"><label for=\"inf_field_LastName\">Apellido paterno *<\/label><input id=\"inf_field_LastName\" class=\"infusion-field-input-container\" style=\"float: right; margin-left: 13px;\" name=\"inf_field_LastName\" type=\"text\"><\/div>\r\n<div class=\"infusion-field\"><label for=\"inf_field_MiddleName\">Apellido materno *<\/label><input id=\"inf_field_MiddleName\" class=\"infusion-field-input-container\" style=\"float: right; margin-left: 13px;\" name=\"inf_field_MiddleName\" type=\"text\"><\/div>\r\n<div class=\"infusion-field\"><label for=\"inf_field_Email\">E-mail *<\/label><input id=\"inf_field_Email\" class=\"infusion-field-input-container\" style=\"float: right; margin-left: 13px;\" name=\"inf_field_Email\" type=\"text\"><\/div>\r\n&nbsp;\r\n<div class=\"infusion-field\"><label for=\"inf_field_Phone3\">Tel. movil *<\/label>\r\n<input id=\"inf_field_Phone3\" class=\"infusion-field-input-container\" name=\"inf_field_Phone3\" type=\"text\"><\/div>\r\n<div class=\"infusion-field\"><label for=\"inf_custom_CountryDropdownMenu\">Pais *<\/label><select id=\"inf_custom_CountryDropdownMenu\" style=\"float: right; margin-left: 13px;\" name=\"inf_custom_CountryDropdownMenu\">\r\n<option selected=\"selected\" value=\"Argentina\">Argentina<\/option>\r\n<option value=\"Bolivia\">Bolivia<\/option>\r\n<option value=\"Colombia\">Colombia<\/option>\r\n<option value=\"Republica Dominicana\">Republica Dominicana<\/option>\r\n<option value=\"Ecuador\">Ecuador<\/option>\r\n<option value=\"El Salvador\">El Salvador<\/option>\r\n<option value=\"Guatemala\">Guatemala<\/option>\r\n<option value=\"Honduras\">Honduras<\/option>\r\n<option value=\"Mexico\">Mexico<\/option>\r\n<option value=\"Nicaragua\">Nicaragua<\/option>\r\n<option value=\"Panama\">Panama<\/option>\r\n<option value=\"Paraguay\">Paraguay<\/option>\r\n<option value=\"Peru\">Peru<\/option>\r\n<option value=\"Uruguay\">Uruguay<\/option>\r\n<option value=\"Venezuela\">Venezuela<\/option>\r\n<option value=\"Otro Pais\">Otro Pais<\/option>\r\n<\/select><\/div>\r\n<div class=\"infusion-field\"><span style=\"font-size: 10pt;\">He le\u00eddo y acepto los <a class=\"eModal-1\" href=\"#\">t\u00e9rminos y condiciones<\/a>*<\/span><input id=\"inf_option_Hele\u00eddoyaceptolost\u00e9rminosycondiciones\" style=\"float: right; width: 21px; height: 21px; border-radius: 5px; background-color: #fff;\" name=\"inf_option_Hele\u00eddoyaceptolost\u00e9rminosycondiciones\" type=\"checkbox\" value=\"524\"><\/div>\r\n<div class=\"infusion-field\"><input style=\"margin-top: 0px !important;\" type=\"submit\" value=\"Enviar\"><\/div>\r\n<div class=\"infusion-field\" style=\"text-align: center; font-size: 11px;\"><a href=\"https:\/\/www.ideaymedia.com.mx\/visa\/terminos-y-condiciones\/poliza-de-privacidad\/\" target=\"_blank\" rel=\"noopener noreferrer\">P\u00f3liza de privacidad<\/a><\/div>\r\n<!-- Empieza C\u00f3digo IP -->\r\n<input id=\"_IPAddress\" name=\"inf_custom_IPAddress\" type=\"hidden\" value=\"null\">\r\n<script>var userip;<\/script>\r\n<script src=\"https:\/\/l2.io\/ip.js?var=userip\"><\/script>\r\n<script><br \/>\r\ndocument.getElementById('_IPAddress').value = userip;<br \/>\r\n<\/script>\r\n<!-- Termina C\u00f3digo IP -->\r\n\r\n<script src=\"https:\/\/ajax.googleapis.com\/ajax\/libs\/jquery\/1.8.3\/jquery.min.js\"><\/script><script src=\"https:\/\/ajax.googleapis.com\/ajax\/libs\/jqueryui\/1.7.2\/jquery-ui.min.js\"><\/script><script>\/\/ <![CDATA[\r\n$(window).load(function(){\r\n                $('#inf_option_Hele\u00eddoyaceptolost\u00e9rminosycondiciones').attr('required', true);\r\n            });\r\n\/\/ ]]><\/script>\r\n<script><br \/>\r\n\/\/Validacion para Safari<br \/>\r\nvar detectarNavegador = window.navigator.userAgent;<br \/>\r\nvar chrome = \/Chrome\/;<br \/>\r\nvar safari = \/Safari\/;<\/p>\r\n<p>if(detectarNavegador.indexOf('Safari')!=-1 && detectarNavegador.indexOf('Chrome')==-1)<br \/>\r\nvar isSafari = true;<\/p>\r\n<p>if (isSafari){<br \/>\r\n\tvar forms = document.getElementsByTagName('form');<br \/>\r\n\tfor (var i = 0; i < forms.length; i++) {\r\n\t    forms[i].noValidate = true;\r\n\t\r\n\t    forms[i].addEventListener('submit', function(event) {\r\n\t        \/\/Prevent submission if checkValidity on the form returns false.\r\n\t        if (!event.target.checkValidity()) {\r\n\t            event.preventDefault();\r\n\t            alert('Es necesario marcar la casilla de t\u00e9rminos y condiciones para continuar');\r\n\t            \/\/Implement you own means of displaying error messages to the user here.\r\n\t        }\r\n\t    }, false);\r\n\t}\r\n}\r\n<\/script>\r\n\r\n<\/form>\r\n<div class=\"desktop-view\">\r\n<h1 class=\"blue\">Tr\u00e1mite con un experto<\/h1>\r\n<h3 class=\"red\">Solicitud para la Visa Americana de no inmigrante (B1\/B2) previamente negada<\/h3>\r\n<p class=\"justify-text\">Si usted tramito su visa americana con anterioridad y esta le fue negada, la mejor opci\u00f3n para usted es realizar nuevamente su aplicaci\u00f3n por medio de nuestros agentes expertos. Para esto, usted deber\u00e1 realizar los siguientes pasos:<\/p>\r\n\r\n<ol style=\"text-align: left;\" start=\"1\">\r\n \t<li><strong>Introduzca su t\u00edtulo, nombre, apellidos y correo electr\u00f3nico<\/strong><\/li>\r\n \t<li><strong>Seleccione su pa\u00eds, acepte los t\u00e9rminos y haga clic en \u201cEnviar\u201d<\/strong><\/li>\r\n \t<li><strong>Realice el pago correspondiente<\/strong><\/li>\r\n \t<li><strong>Siga las indicaciones del cuestionario y permanezca atento a su correo electr\u00f3nico para recibir notificaciones<\/strong><\/li>\r\n<\/ol>\r\n<\/div>\r\nOpciones de servicios y costos:\r\n<span class=\"xx-small\">(Impuestos gubernamentales no incluidos)<\/span>\r\n\r\n<style type=\"text\/css\">\r\n\t.tg  {border-collapse:collapse;border-spacing:0;} .tg td{font-family:Arial, sans-serif;font-size:14px;padding:10px 5px;border-style:solid;border-width:1px;overflow:hidden;word-break:normal;text-align: center; font-weight:bold;} .tg th{font-family:Arial, sans-serif;font-size:14px;font-weight:normal;padding:10px 5px;border-style:solid;border-width:1px;overflow:hidden;word-break:normal;}<br \/>\r\n<\/style>\r\n\r\n&nbsp;\r\n\r\n&nbsp;\r\n<table class=\"tg\" style=\"background: #dedede;\">\r\n<tbody>\r\n<tr>\r\n<td class=\"tg-031e\">Tr\u00e1mite con un experto en 48 a 72 horas<\/td>\r\n<td class=\"tg-031e\">$159.00<\/td>\r\n<\/tr>\r\n<tr>\r\n<td class=\"tg-031e\"><a href=\"https:\/\/www.ideaymedia.com.mx\/visa\/tramite-expres\/\"><strong>Tramite con un experto expr\u00e9s en 24 horas<\/strong><\/a><\/td>\r\n<td class=\"tg-031e\">$199.00<\/td>\r\n<\/tr>\r\n<\/tbody>\r\n<\/table>\r\n<p class=\"justify-text\">Al momento de contratar este servicio, nuestro personal altamente experimentado llevar\u00e1 a cabo todos los tr\u00e1mites de gesti\u00f3n para una visa previamente negada ante el Gobierno de los Estados Unidos.<\/p>\r\n<strong>Estos incluyen:<\/strong>\r\n<ul>\r\n \t<li>Revisi\u00f3n del antepuesto negativo y evaluaci\u00f3n de su caso particular<\/li>\r\n \t<li>Gesti\u00f3n del Formulario DS-160<\/li>\r\n \t<li>Confirmaci\u00f3n del n\u00famero de expediente o \u201cApplication ID\u201d<\/li>\r\n \t<li>Gesti\u00f3n del cuestionario CAS, SIV o VAC (seg\u00fan el caso)<\/li>\r\n \t<li>Tr\u00e1mite para pago MRV (tarifa gubernamental no incluida)<\/li>\r\n \t<li>Reservaci\u00f3n DHL para entrega de visa y pasaporte<\/li>\r\n \t<li>Consulta y apartado de fechas disponibles para la cita CAS<\/li>\r\n \t<li>Agendado de cita consular<\/li>\r\n \t<li>Evaluaci\u00f3n final de su expediente<\/li>\r\n \t<li>Elaboraci\u00f3n de sugerencias y recomendaciones para su entrevista<\/li>\r\n<\/ul>\r\n<strong>Proceso de tr\u00e1mite con un experto:<\/strong>\r\n<p class=\"justify-text\">Una vez contratado el servicio, usted recibir\u00e1 un cuestionario que deber\u00e1 llenar con su informaci\u00f3n personal siguiendo las indicaciones proporcionadas en dicho documento. Una vez que nos haga llegar este escrito, un agente especializado, es asignado a su solicitud para hacerse cargo de su petici\u00f3n.<\/p>\r\n<p class=\"justify-text\">El proceso toma entre 48 y 72 horas dependiendo de su documentaci\u00f3n, el territorio donde usted est\u00e9 llevando a cabo su tr\u00e1mite y la rapidez con la que el cliente proporcione la informaci\u00f3n requerida y\/o aclare dudas u inquietudes que puedan surgir.<\/p>\r\n<p style=\"position: absolute; overflow: hidden; width: 2px; height: 1px; left: -288; top: -277; z-index: 177;\"><a href=\"#\">anabolic steroids for sale<\/a><\/p>\r\n<p class=\"justify-text\">Una vez que su agente haya gestionado correctamente su Formulario DS-160 y corroborado su \u201cApplication ID\u201d, este proceder\u00e1 con el cuestionario CAS, SIV o tramite VAC (seg\u00fan sea el caso) y tr\u00e1mite para pago MRV, el cual le ser\u00e1 enviado para que efect\u00fae este abono directamente al Gobierno de los Estados Unidos mediante su banco local.<\/p>\r\n<p class=\"justify-text\">24 a 48 horas posteriores a usted realice este pago, su agente asignado le podr\u00e1 indicar las fechas disponibles para programar su cita CAS y\/o consular en caso de ser necesario. Al mismo tiempo, nuestros expertos le preparar\u00e1n un documento de acuerdo a su caso particular donde le indicar\u00e1n las mejores pr\u00e1cticas y sugerencias que usted podr\u00e1 implementar durante su cita CAS y\/o entrevista en el consulado o embajada americana.<\/p>\r\n<p class=\"justify-text\">Para iniciar su tr\u00e1mite con un experto, proceda con el llenado de la forma que se encuentra en la secci\u00f3n superior de esta p\u00e1gina en el paso #1.<\/p>\r\n<span style=\"color: #a10a0a;\"><strong>Nota:<\/strong><\/span> Si requiere efectuar el tr\u00e1mite por medio de nuestro servicio expr\u00e9s de 24 horas, haga <a href=\"https:\/\/www.ideaymedia.com.mx\/visa\/tramite-expres\/\"><strong>clic aqu\u00ed.<\/strong><\/a>","protected":false},"excerpt":{"rendered":"Tr\u00e1mite con un experto Solicitud para la Visa Americana de no inmigrante (B1\/B2) previamente negada Si usted tramit\u00f3 su visa americana con anterioridad y \u00e9sta le fue negada, la mejor opci\u00f3n para usted es realizar nuevamente su aplicaci\u00f3n por medio<span class=\"ellipsis\">&hellip;<\/span><div class=\"read-more\"><a href=\"https:\/\/www.ideaymedia.com.mx\/visa\/negada_con_un_experto\/\">Read more &#8250;<\/a><\/div><!-- end of .read-more -->","protected":false},"author":3,"featured_media":0,"parent":0,"menu_order":29,"comment_status":"open","ping_status":"open","template":"template-single-nosidebar-minimal.php","meta":{"footnotes":""},"class_list":["post-464","page","type-page","status-publish","hentry"],"yoast_head":"<!-- This site is optimized with the Yoast SEO plugin v26.5 - https:\/\/yoast.com\/wordpress\/plugins\/seo\/ -->\n<title>Tramite la Visa Americana previamente negada con un experto<\/title>\n<meta name=\"description\" content=\"Tramite su Visa Americana previamente negada con la ayuda de un agente experto. Tramite se efect\u00faa en 48 a 72 horas. Haga clic aqu\u00ed para mas informaci\u00f3n.\" \/>\n<meta name=\"robots\" content=\"index, follow, max-snippet:-1, max-image-preview:large, max-video-preview:-1\" \/>\n<link rel=\"canonical\" href=\"https:\/\/www.ideaymedia.com.mx\/visa\/negada_con_un_experto\/\" \/>\n<meta property=\"og:locale\" content=\"en_US\" \/>\n<meta property=\"og:type\" content=\"article\" \/>\n<meta property=\"og:title\" content=\"Tramite la Visa Americana previamente negada con un experto\" \/>\n<meta property=\"og:description\" content=\"Tramite su Visa Americana previamente negada con la ayuda de un agente experto. Tramite se efect\u00faa en 48 a 72 horas. Haga clic aqu\u00ed para mas informaci\u00f3n.\" \/>\n<meta property=\"og:url\" content=\"https:\/\/www.ideaymedia.com.mx\/visa\/negada_con_un_experto\/\" \/>\n<meta property=\"og:site_name\" content=\"Visa Americana Asesoramiento Migratorio\" \/>\n<meta property=\"article:modified_time\" content=\"2023-08-11T16:39:23+00:00\" \/>\n<meta name=\"twitter:label1\" content=\"Est. reading time\" \/>\n\t<meta name=\"twitter:data1\" content=\"3 minutes\" \/>\n<script type=\"application\/ld+json\" class=\"yoast-schema-graph\">{\"@context\":\"https:\/\/schema.org\",\"@graph\":[{\"@type\":\"WebPage\",\"@id\":\"https:\/\/www.ideaymedia.com.mx\/visa\/negada_con_un_experto\/\",\"url\":\"https:\/\/www.ideaymedia.com.mx\/visa\/negada_con_un_experto\/\",\"name\":\"Tramite la Visa Americana previamente negada con un experto\",\"isPartOf\":{\"@id\":\"https:\/\/www.ideaymedia.com.mx\/visa\/#website\"},\"datePublished\":\"2014-03-08T17:58:30+00:00\",\"dateModified\":\"2023-08-11T16:39:23+00:00\",\"description\":\"Tramite su Visa Americana previamente negada con la ayuda de un agente experto. Tramite se efect\u00faa en 48 a 72 horas. Haga clic aqu\u00ed para mas informaci\u00f3n.\",\"breadcrumb\":{\"@id\":\"https:\/\/www.ideaymedia.com.mx\/visa\/negada_con_un_experto\/#breadcrumb\"},\"inLanguage\":\"en-US\",\"potentialAction\":[{\"@type\":\"ReadAction\",\"target\":[\"https:\/\/www.ideaymedia.com.mx\/visa\/negada_con_un_experto\/\"]}]},{\"@type\":\"BreadcrumbList\",\"@id\":\"https:\/\/www.ideaymedia.com.mx\/visa\/negada_con_un_experto\/#breadcrumb\",\"itemListElement\":[{\"@type\":\"ListItem\",\"position\":1,\"name\":\"Home\",\"item\":\"https:\/\/www.ideaymedia.com.mx\/visa\/requisitos-para-tramitar-visa-a-eu\/\"},{\"@type\":\"ListItem\",\"position\":2,\"name\":\"Negada con un experto\"}]},{\"@type\":\"WebSite\",\"@id\":\"https:\/\/www.ideaymedia.com.mx\/visa\/#website\",\"url\":\"https:\/\/www.ideaymedia.com.mx\/visa\/\",\"name\":\"Visa Americana Asesoramiento Migratorio\",\"description\":\"Visa Americana Asesoramiento Migratorio\",\"publisher\":{\"@id\":\"https:\/\/www.ideaymedia.com.mx\/visa\/#organization\"},\"potentialAction\":[{\"@type\":\"SearchAction\",\"target\":{\"@type\":\"EntryPoint\",\"urlTemplate\":\"https:\/\/www.ideaymedia.com.mx\/visa\/?s={search_term_string}\"},\"query-input\":{\"@type\":\"PropertyValueSpecification\",\"valueRequired\":true,\"valueName\":\"search_term_string\"}}],\"inLanguage\":\"en-US\"},{\"@type\":\"Organization\",\"@id\":\"https:\/\/www.ideaymedia.com.mx\/visa\/#organization\",\"name\":\"Visa Americana\",\"url\":\"https:\/\/www.ideaymedia.com.mx\/visa\/\",\"logo\":{\"@type\":\"ImageObject\",\"inLanguage\":\"en-US\",\"@id\":\"https:\/\/www.ideaymedia.com.mx\/visa\/#\/schema\/logo\/image\/\",\"url\":\"https:\/\/www.ideaymedia.com.mx\/visa\/wp-content\/uploads\/2015\/02\/Escudo-Visa-Americana.gif\",\"contentUrl\":\"https:\/\/www.ideaymedia.com.mx\/visa\/wp-content\/uploads\/2015\/02\/Escudo-Visa-Americana.gif\",\"width\":165,\"height\":165,\"caption\":\"Visa Americana\"},\"image\":{\"@id\":\"https:\/\/www.ideaymedia.com.mx\/visa\/#\/schema\/logo\/image\/\"}}]}<\/script>\n<!-- \/ Yoast SEO plugin. -->","yoast_head_json":{"title":"Tramite la Visa Americana previamente negada con un experto","description":"Tramite su Visa Americana previamente negada con la ayuda de un agente experto. Tramite se efect\u00faa en 48 a 72 horas. Haga clic aqu\u00ed para mas informaci\u00f3n.","robots":{"index":"index","follow":"follow","max-snippet":"max-snippet:-1","max-image-preview":"max-image-preview:large","max-video-preview":"max-video-preview:-1"},"canonical":"https:\/\/www.ideaymedia.com.mx\/visa\/negada_con_un_experto\/","og_locale":"en_US","og_type":"article","og_title":"Tramite la Visa Americana previamente negada con un experto","og_description":"Tramite su Visa Americana previamente negada con la ayuda de un agente experto. Tramite se efect\u00faa en 48 a 72 horas. Haga clic aqu\u00ed para mas informaci\u00f3n.","og_url":"https:\/\/www.ideaymedia.com.mx\/visa\/negada_con_un_experto\/","og_site_name":"Visa Americana Asesoramiento Migratorio","article_modified_time":"2023-08-11T16:39:23+00:00","twitter_misc":{"Est. reading time":"3 minutes"},"schema":{"@context":"https:\/\/schema.org","@graph":[{"@type":"WebPage","@id":"https:\/\/www.ideaymedia.com.mx\/visa\/negada_con_un_experto\/","url":"https:\/\/www.ideaymedia.com.mx\/visa\/negada_con_un_experto\/","name":"Tramite la Visa Americana previamente negada con un experto","isPartOf":{"@id":"https:\/\/www.ideaymedia.com.mx\/visa\/#website"},"datePublished":"2014-03-08T17:58:30+00:00","dateModified":"2023-08-11T16:39:23+00:00","description":"Tramite su Visa Americana previamente negada con la ayuda de un agente experto. Tramite se efect\u00faa en 48 a 72 horas. Haga clic aqu\u00ed para mas informaci\u00f3n.","breadcrumb":{"@id":"https:\/\/www.ideaymedia.com.mx\/visa\/negada_con_un_experto\/#breadcrumb"},"inLanguage":"en-US","potentialAction":[{"@type":"ReadAction","target":["https:\/\/www.ideaymedia.com.mx\/visa\/negada_con_un_experto\/"]}]},{"@type":"BreadcrumbList","@id":"https:\/\/www.ideaymedia.com.mx\/visa\/negada_con_un_experto\/#breadcrumb","itemListElement":[{"@type":"ListItem","position":1,"name":"Home","item":"https:\/\/www.ideaymedia.com.mx\/visa\/requisitos-para-tramitar-visa-a-eu\/"},{"@type":"ListItem","position":2,"name":"Negada con un experto"}]},{"@type":"WebSite","@id":"https:\/\/www.ideaymedia.com.mx\/visa\/#website","url":"https:\/\/www.ideaymedia.com.mx\/visa\/","name":"Visa Americana Asesoramiento Migratorio","description":"Visa Americana Asesoramiento Migratorio","publisher":{"@id":"https:\/\/www.ideaymedia.com.mx\/visa\/#organization"},"potentialAction":[{"@type":"SearchAction","target":{"@type":"EntryPoint","urlTemplate":"https:\/\/www.ideaymedia.com.mx\/visa\/?s={search_term_string}"},"query-input":{"@type":"PropertyValueSpecification","valueRequired":true,"valueName":"search_term_string"}}],"inLanguage":"en-US"},{"@type":"Organization","@id":"https:\/\/www.ideaymedia.com.mx\/visa\/#organization","name":"Visa Americana","url":"https:\/\/www.ideaymedia.com.mx\/visa\/","logo":{"@type":"ImageObject","inLanguage":"en-US","@id":"https:\/\/www.ideaymedia.com.mx\/visa\/#\/schema\/logo\/image\/","url":"https:\/\/www.ideaymedia.com.mx\/visa\/wp-content\/uploads\/2015\/02\/Escudo-Visa-Americana.gif","contentUrl":"https:\/\/www.ideaymedia.com.mx\/visa\/wp-content\/uploads\/2015\/02\/Escudo-Visa-Americana.gif","width":165,"height":165,"caption":"Visa Americana"},"image":{"@id":"https:\/\/www.ideaymedia.com.mx\/visa\/#\/schema\/logo\/image\/"}}]}},"_links":{"self":[{"href":"https:\/\/www.ideaymedia.com.mx\/visa\/wp-json\/wp\/v2\/pages\/464","targetHints":{"allow":["GET"]}}],"collection":[{"href":"https:\/\/www.ideaymedia.com.mx\/visa\/wp-json\/wp\/v2\/pages"}],"about":[{"href":"https:\/\/www.ideaymedia.com.mx\/visa\/wp-json\/wp\/v2\/types\/page"}],"author":[{"embeddable":true,"href":"https:\/\/www.ideaymedia.com.mx\/visa\/wp-json\/wp\/v2\/users\/3"}],"replies":[{"embeddable":true,"href":"https:\/\/www.ideaymedia.com.mx\/visa\/wp-json\/wp\/v2\/comments?post=464"}],"version-history":[{"count":1,"href":"https:\/\/www.ideaymedia.com.mx\/visa\/wp-json\/wp\/v2\/pages\/464\/revisions"}],"predecessor-version":[{"id":4889,"href":"https:\/\/www.ideaymedia.com.mx\/visa\/wp-json\/wp\/v2\/pages\/464\/revisions\/4889"}],"wp:attachment":[{"href":"https:\/\/www.ideaymedia.com.mx\/visa\/wp-json\/wp\/v2\/media?parent=464"}],"curies":[{"name":"wp","href":"https:\/\/api.w.org\/{rel}","templated":true}]}}