{"id":2209,"date":"2015-04-24T18:33:54","date_gmt":"2015-04-24T23:33:54","guid":{"rendered":"https:\/\/visa-americana.com\/?page_id=2209"},"modified":"2016-04-26T21:03:50","modified_gmt":"2016-04-27T02:03:50","slug":"como-funciona","status":"publish","type":"page","link":"https:\/\/www.ideaymedia.com.mx\/visa\/como-funciona\/","title":{"rendered":"Como funciona"},"content":{"rendered":"<h3 style=\"text-align: justify;\">Descripci\u00f3n del programa y c\u00f3mo funciona<\/h3>\r\n<p style=\"text-align: justify;\">El nuevo programa Visa Americana B1\/B2 en Espa\u00f1ol, simplifica el proceso de la gesti\u00f3n del visado, brind\u00e1ndole al usuario acceso a los diferentes tr\u00e1mites necesarios para llevar a cabo esta solicitud en una sola locaci\u00f3n y con indicaciones en su idioma nativo.<\/p>\r\n<p style=\"text-align: justify;\">Es importante que indique correctamente su pa\u00eds de residencia, ya que el programa var\u00eda de acuerdo al territorio en el que usted se localiza.<\/p>\r\n<p style=\"text-align: justify;\">Para los solicitantes de los territorios de <strong>Argentina, Colombia, M\u00e9xico, Ecuador, Bolivia, Paraguay, Uruguay y Per\u00fa,<\/strong> el programa Visa Americana B1\/B2 en Espa\u00f1ol incluye los siguientes documentos e indicaciones:<\/p>\r\n\r\n<ul style=\"text-align: justify;\">\r\n\t<li>Formulario DS-160 en Espa\u00f1ol<\/li>\r\n\t<li>CAS (Centro de atenci\u00f3n a Solicitantes)<\/li>\r\n\t<li>Programa para renovaci\u00f3n de visa (para solicitantes renovando su visado)<\/li>\r\n\t<li>Programa para visa previamente negada (para solicitantes a los que su solicitud les fue negada con anterioridad)<\/li>\r\n<\/ul>\r\n<p style=\"text-align: justify;\">Para los solicitantes de los territorios de <strong>El Salvador, Honduras, Nicaragua, Guatemala, Venezuela y Panam\u00e1<\/strong> el programa Visa Americana B1\/B2 en Espa\u00f1ol incluye los siguientes documentos e indicaciones:<\/p>\r\n\r\n<ul style=\"text-align: justify;\">\r\n\t<li>Formulario DS-160 en Espa\u00f1ol<\/li>\r\n\t<li>SIV (Servicio de Informaci\u00f3n de Visas)<\/li>\r\n\t<li>Programa para renovaci\u00f3n de visa (para solicitantes renovando su visado)<\/li>\r\n\t<li>Programa para visa previamente negada (para solicitantes a los que su solicitud les fue negada con anterioridad)<\/li>\r\n<\/ul>\r\n<p style=\"text-align: justify;\">Para los solicitantes del territorio de\u00a0<strong>Rep\u00fablica\u00a0Dominicana<\/strong>, el programa Visa Americana B1\/B2 en Espa\u00f1ol incluye los siguientes documentos e indicaciones:<\/p>\r\n\r\n<ul style=\"text-align: justify;\">\r\n\t<li>Formulario DS-160 en Espa\u00f1ol<\/li>\r\n\t<li>VAC (Visa Attention Center)<\/li>\r\n\t<li>Programa para renovaci\u00f3n de visa (para solicitantes renovando su visado)<\/li>\r\n\t<li>Programa para visa previamente negada (para solicitantes a los que su solicitud les fue negada con anterioridad)<\/li>\r\n<\/ul>\r\n<p style=\"text-align: justify;\">Una vez descargados los documentos que forman parte del programa que usted estar\u00e1 realizando, lea y preste atenci\u00f3n a las indicaciones proporcionadas.<\/p>\r\n<p style=\"text-align: justify;\"><strong><span style=\"color: #800000;\">Nota:<\/span><\/strong> La descarga del programa se efect\u00faa en versi\u00f3n <strong>PDF<\/strong> y necesitar\u00e1 de un programa capaz de abrir este tipo de archivo. Si usted a\u00fan no cuenta con este tipo de programa en su computadora, puede descargar Adobe Acrobat Reader gratuitamente haciendo <a href=\"https:\/\/get.adobe.com\/es\/reader\/\" target=\"_blank\">clic aqu\u00ed.<\/a><\/p>\r\n<p style=\"text-align: justify;\">Los programas se deber\u00e1n llevar a cabo en el siguiente orden:<\/p>\r\n\r\n<h4 style=\"text-align: justify;\">Programa Visa Americana B1\/B2 por primera ocasi\u00f3n:<\/h4>\r\n<ol class=\"numbers\" style=\"text-align: justify;\">\r\n\t<li>Seguir las indicaciones del documento Formulario DS-160 en espa\u00f1ol para efectuar dicho cuestionario en l\u00ednea.<\/li>\r\n\t<li>Seguir las indicaciones del documento CAS o SIV o VAC (dependiendo del territorio donde usted se localiza), para efectuar dicho cuestionario en l\u00ednea y obtener acceso al pago MRV.<\/li>\r\n\t<li>Efectuar pago MRV de $160 ante el gobierno de los Estados Unidos por medio de una de las 3 opciones de pago indicadas.<\/li>\r\n\t<li>Una vez que su pago haya sido recibido por el gobierno de EU (esto puede tomar entre 24 y 72 horas dependiendo de la opci\u00f3n de pago seleccionada), deber\u00e1 ingresar nuevamente al portal indicado en el documento CAS o SIV o VAC para programar su cita para la toma de datos biom\u00e9tricos (huellas dactilares o digitales y fotograf\u00eda), y\/o cita consular (seg\u00fan sea el caso).<\/li>\r\n<\/ol>\r\n<a class=\"green\" href=\"https:\/\/www.ideaymedia.com.mx\/visa\/visa\/tramite-visa-americana\/\">VISA \u00a0E.U. B1\/B2 INICIAR AQUI<\/a>\r\n<br><\/br>\r\n<h4 style=\"text-align: justify;\">Programa de Renovaci\u00f3n de Visa Americana B1\/B2:<\/h4>\r\n<ol class=\"numbers\" style=\"text-align: justify;\">\r\n\t<li>Seguir las indicaciones del documento Renovaci\u00f3n de Visa Americana B1\/B2.<\/li>\r\n\t<li>Seguir las indicaciones del documento Formulario DS-160 en espa\u00f1ol para efectuar dicho cuestionario en l\u00ednea.<\/li>\r\n\t<li>Seguir las indicaciones del documento CAS o SIV o VAC (dependiendo del territorio donde usted se localiza), para efectuar dicho cuestionario en l\u00ednea y obtener acceso al pago MRV.<\/li>\r\n\t<li>Efectuar pago MRV de $160 ante el gobierno de los Estados Unidos por medio de una de las 3 opciones de pago indicadas.<\/li>\r\n\t<li>Una vez que su pago haya sido recibido por el gobierno de EU (esto puede tomar entre 24 y 72 horas dependiendo de la opci\u00f3n de pago seleccionada), deber\u00e1 ingresar nuevamente al portal indicado en el documento CAS o SIV o VAC para programar su cita para la toma de datos biom\u00e9tricos (huellas dactilares o digitales y fotograf\u00eda), y\/o cita consular (seg\u00fan sea el caso).<\/li>\r\n<\/ol>\r\n<a class=\"green\" href=\"https:\/\/www.ideaymedia.com.mx\/visa\/tramite-renovacion-de-visa\">RENOVACION DE VISA INICIAR AQUI<\/a>\r\n<br><\/br>\r\n<h4 style=\"text-align: justify;\">Programa Visa Americana B1\/B2 previamente negada:<\/h4>\r\n<ol class=\"numbers\" style=\"text-align: justify;\">\r\n\t<li>Seguir las indicaciones del documento Visa Americana B1\/B2 previamente negada.<\/li>\r\n\t<li>Seguir las indicaciones del documento Formulario DS-160 en espa\u00f1ol para efectuar dicho cuestionario en l\u00ednea.<\/li>\r\n\t<li>Seguir las indicaciones del documento CAS o SIV o VAC (dependiendo del territorio donde usted se localiza), para efectuar dicho cuestionario en l\u00ednea y obtener acceso al pago MRV.<\/li>\r\n\t<li>Efectuar pago MRV de $160 ante el gobierno de los Estados Unidos por medio de una de las 3 opciones de pago indicadas.<\/li>\r\n\t<li>Una vez que su pago haya sido recibido por el gobierno de EU (esto puede tomar entre 24 y 72 horas dependiendo de la opci\u00f3n de pago seleccionada), deber\u00e1 ingresar nuevamente al portal indicado en el documento CAS o SIV o VAC para programar su cita para la toma de datos biom\u00e9tricos (huellas dactilares o digitales y fotograf\u00eda), y\/o cita consular (seg\u00fan sea el caso).<\/li>\r\n<\/ol>\r\n<a class=\"green\" href=\"https:\/\/www.ideaymedia.com.mx\/visa\/tramite-visa-previamente-negada\/\">VISA \u00a0NEGADA \u00a0B1\/B2 INICIAR AQUI<\/a>\r\n<br><\/br>\r\n<p style=\"text-align: justify;\">Cada etapa de la gesti\u00f3n para tr\u00e1mite Visa Americana debe ser llevado a cabo correctamente y en un orden preciso. Para facilitar al usuario la gesti\u00f3n de dicho tr\u00e1mite, fue desarrollado el nuevo programa, Visa Americana en Espa\u00f1ol.<\/p>\r\n\r\n<h4 style=\"text-align: justify;\">Caracter\u00edsticas, servicios y costos:<\/h4>\r\n<div class=\"wrapper\">\r\n<div class=\"table\">\r\n<div class=\"row header blue\">\r\n<div class=\"cell\" style=\"width: 400px;\">Caracter\u00edsticas y Servicios<\/div>\r\n<div class=\"cell\" style=\"width: 100px;\">Sitio visa-americana.com<\/div>\r\n<div class=\"cell\" style=\"width: 100px;\">Sitio web .gov<\/div>\r\n<\/div>\r\n<div class=\"row\">\r\n<div class=\"cell\">Indicaciones 100% en espa\u00f1ol<\/div>\r\n<div class=\"cell\">Incluido<\/div>\r\n<div class=\"cell\">No disponible<\/div>\r\n<\/div>\r\n<div class=\"row\">\r\n<div class=\"cell\">Soporte v\u00eda email 24\/7<\/div>\r\n<div class=\"cell\">Incluido<\/div>\r\n<div class=\"cell\">No disponible<\/div>\r\n<\/div>\r\n<div class=\"row\">\r\n<div class=\"cell\">Acceso directo a todas las formas necesarias<\/div>\r\n<div class=\"cell\">Incluido<\/div>\r\n<div class=\"cell\">No disponible<\/div>\r\n<\/div>\r\n<div class=\"row\">\r\n<div class=\"cell\">Plantillas en espa\u00f1ol<\/div>\r\n<div class=\"cell\">Incluido<\/div>\r\n<div class=\"cell\">No disponible<\/div>\r\n<\/div>\r\n<div class=\"row\">\r\n<div class=\"cell\">Herramienta para llenado de Formularios<\/div>\r\n<div class=\"cell\">Incluido<\/div>\r\n<div class=\"cell\">No disponible<\/div>\r\n<\/div>\r\n<div class=\"row\">\r\n<div class=\"cell\">Acceso directo al Formulario DS-160 (todos los pa\u00edses)<\/div>\r\n<div class=\"cell\">Incluido<\/div>\r\n<div class=\"cell\">Disponible<\/div>\r\n<\/div>\r\n<div class=\"row\">\r\n<div class=\"cell\">Acceso directo a la ficha de pago MRV<\/div>\r\n<div class=\"cell\">Incluido<\/div>\r\n<div class=\"cell\">Incluido<\/div>\r\n<\/div>\r\n<div class=\"row\">\r\n<div class=\"cell\">Acceso directo al Formulario CAS (pa\u00edses participantes)<\/div>\r\n<div class=\"cell\">Incluido<\/div>\r\n<div class=\"cell\">No disponible<\/div>\r\n<\/div>\r\n<div class=\"row\">\r\n<div class=\"cell\">Acceso directo al Formulario CGV (pa\u00edses participantes)<\/div>\r\n<div class=\"cell\">Incluido<\/div>\r\n<div class=\"cell\">No disponible<\/div>\r\n<\/div>\r\n<div class=\"row\">\r\n<div class=\"cell\">Acceso directo al Formulario SIV (pa\u00edses participantes)<\/div>\r\n<div class=\"cell\">Incluido<\/div>\r\n<div class=\"cell\">No disponible<\/div>\r\n<\/div>\r\n<div class=\"row\">\r\n<div class=\"cell\">Tramite con un experto<\/div>\r\n<div class=\"cell\">Disponible<\/div>\r\n<div class=\"cell\">No disponible<\/div>\r\n<\/div>\r\n<div class=\"row\">\r\n<div class=\"cell\">Tramite con un experto expr\u00e9s (servicio en 24 horas)<\/div>\r\n<div class=\"cell\">Disponible<\/div>\r\n<div class=\"cell\">No disponible<\/div>\r\n<\/div>\r\n<div class=\"row header blue\">\r\n<div class=\"cell\">Tarifas y costos<\/div>\r\n<div class=\"cell\">Sitio visa-americana.com<\/div>\r\n<div class=\"cell\">Sitio web .gov<\/div>\r\n<\/div>\r\n<div class=\"row\">\r\n<div class=\"cell\">Pago MRV o tarifa de visa<\/div>\r\n<div class=\"cell\">$160<\/div>\r\n<div class=\"cell\">$160.00<\/div>\r\n<\/div>\r\n<div class=\"row\">\r\n<div class=\"cell\">Pago MRV p\/ menores (pa\u00edses participantes)<\/div>\r\n<div class=\"cell\">$17<\/div>\r\n<div class=\"cell\">$17.00<\/div>\r\n<\/div>\r\n<div class=\"row\">\r\n<div class=\"cell\">Programa Visa Americana B1\/B2 en espa\u00f1ol<\/div>\r\n<div class=\"cell\">$47<\/div>\r\n<div class=\"cell\">No disponible<\/div>\r\n<\/div>\r\n<div class=\"row\">\r\n<div class=\"cell\">Programa Renovaci\u00f3n de visa en espa\u00f1ol<\/div>\r\n<div class=\"cell\">$47<\/div>\r\n<div class=\"cell\">No disponible<\/div>\r\n<\/div>\r\n<div class=\"row\">\r\n<div class=\"cell\">Programa Visa Americana previamente negada<\/div>\r\n<div class=\"cell\">$67<\/div>\r\n<div class=\"cell\">No disponible<\/div>\r\n<\/div>\r\n<div class=\"row\">\r\n<div class=\"cell\">Tramite con un experto<\/div>\r\n<div class=\"cell\">$127 &#8211; $147<\/div>\r\n<div class=\"cell\">No disponible<\/div>\r\n<\/div>\r\n<div class=\"row\">\r\n<div class=\"cell\">Tramite con un experto expr\u00e9s (servicio en 24 horas)<\/div>\r\n<div class=\"cell\">$187<\/div>\r\n<div class=\"cell\">No disponible<\/div>\r\n<\/div>\r\n<\/div>\r\n<\/div>\r\n<h4 style=\"text-align: justify;\">Programa Tr\u00e1mite con un Experto<\/h4>\r\n<p style=\"text-align: justify;\">El programa \u201cTramite con un Experto\u201d est\u00e1 dise\u00f1ado para aquellas personas que prefieran la comodidad y seguridad de saber que un agente experto est\u00e1 gestionando correctamente su aplicaci\u00f3n.<\/p>\r\n<p style=\"text-align: justify;\">Este servicio completo incluye la elaboraci\u00f3n de las aplicaciones y cuestionarios que forman parte del tr\u00e1mite para la Visa Americana, el agendado de citas, tanto en los Centro de Atenci\u00f3n como en la embajada o consulado, seg\u00fan sea su caso.<\/p>\r\n<p style=\"text-align: justify;\">Para un listado completo de servicios incluidos vea a continuaci\u00f3n.<\/p>\r\n\r\n<ul style=\"text-align: justify;\">\r\n\t<li>Revisi\u00f3n y evaluaci\u00f3n de su caso particular<\/li>\r\n\t<li>Gesti\u00f3n del Formulario DS-160<\/li>\r\n\t<li>Confirmaci\u00f3n del n\u00famero de expediente o \u201cApplication ID\u201d<\/li>\r\n\t<li>Gesti\u00f3n del cuestionario CAS o SIV o VAC (seg\u00fan el caso)<\/li>\r\n\t<li>Tr\u00e1mite para pago MRV<\/li>\r\n\t<li>Reservaci\u00f3n DHL para entrega de visa y pasaporte<\/li>\r\n\t<li>Consulta y apartado de fechas disponibles para la cita CAS, SIV o VAC\u00a0(seg\u00fan el caso)<\/li>\r\n\t<li>Agendado de cita consular<\/li>\r\n\t<li>Evaluaci\u00f3n final de su expediente<\/li>\r\n\t<li>Elaboraci\u00f3n de sugerencias y recomendaciones para su entrevista<\/li>\r\n<\/ul>\r\n<a class=\"green\" href=\"https:\/\/www.ideaymedia.com.mx\/visa\/tramite-con-un-experto\/\">TRAMITE CON UN EXPERTO INICIAR AQUI<\/a>\r\n<p style=\"text-align: justify;\">Nuestros expertos har\u00e1n todo el trabajo pesado para que usted \u00fanicamente tenga que realizar el pago MRV por el derecho de tr\u00e1mite para la visa americana y presentarse a su cita en el CAS\/ VAC y\/o embajada americana local.<\/p>\r\n<p style=\"text-align: justify;\">Este servicio exclusivo toma entre <strong>48 y 72 horas<\/strong>. Para m\u00e1s informaci\u00f3n o para contratar este servicio, haga <a href=\"https:\/\/www.ideaymedia.com.mx\/visa\/tramite-con-un-experto\/\"><strong>clic aqu\u00ed.<\/strong><\/a><\/p>\r\n<p style=\"text-align: justify;\"><strong><span style=\"color: #800000;\">Nota:<\/span><\/strong> Para casos de emergencias, contamos con servicio de tr\u00e1mite expr\u00e9s en <strong><span style=\"color: #800000;\">24 horas.<\/span><\/strong> Haga <a href=\"https:\/\/www.ideaymedia.com.mx\/visa\/tramite-expres\/\"><strong>clic aqu\u00ed<\/strong><\/a> para m\u00e1s informaci\u00f3n.<\/p>","protected":false},"excerpt":{"rendered":"Descripci\u00f3n del programa y c\u00f3mo funciona El nuevo programa Visa Americana B1\/B2 en Espa\u00f1ol, simplifica el proceso de la gesti\u00f3n del visado, brind\u00e1ndole al usuario acceso a los diferentes tr\u00e1mites necesarios para llevar a cabo esta solicitud en una sola<span class=\"ellipsis\">&hellip;<\/span><div class=\"read-more\"><a href=\"https:\/\/www.ideaymedia.com.mx\/visa\/como-funciona\/\">Read more &#8250;<\/a><\/div><!-- end of .read-more -->","protected":false},"author":3,"featured_media":0,"parent":0,"menu_order":0,"comment_status":"closed","ping_status":"closed","template":"template-single-nosidebar-minimal.php","meta":{"footnotes":""},"class_list":["post-2209","page","type-page","status-publish","hentry"],"yoast_head":"<!-- This site is optimized with the Yoast SEO plugin v26.5 - https:\/\/yoast.com\/wordpress\/plugins\/seo\/ -->\n<title>C\u00f3mo funciona | Visa Americana<\/title>\n<meta name=\"description\" content=\"\u00bfQuieres saber como funciona el nuevo programa visa americana? Todo lo que necesitas para saber efectuar la solicitud de tu visa americana, est\u00e1 aqu\u00ed.\" \/>\n<meta name=\"robots\" content=\"index, follow, max-snippet:-1, max-image-preview:large, max-video-preview:-1\" \/>\n<link rel=\"canonical\" href=\"https:\/\/www.ideaymedia.com.mx\/visa\/como-funciona\/\" \/>\n<meta property=\"og:locale\" content=\"en_US\" \/>\n<meta property=\"og:type\" content=\"article\" \/>\n<meta property=\"og:title\" content=\"C\u00f3mo funciona | Visa Americana\" \/>\n<meta property=\"og:description\" content=\"\u00bfQuieres saber como funciona el nuevo programa visa americana? Todo lo que necesitas para saber efectuar la solicitud de tu visa americana, est\u00e1 aqu\u00ed.\" \/>\n<meta property=\"og:url\" content=\"https:\/\/www.ideaymedia.com.mx\/visa\/como-funciona\/\" \/>\n<meta property=\"og:site_name\" content=\"Visa Americana Asesoramiento Migratorio\" \/>\n<meta property=\"article:modified_time\" content=\"2016-04-27T02:03:50+00:00\" \/>\n<meta name=\"twitter:label1\" content=\"Est. reading time\" \/>\n\t<meta name=\"twitter:data1\" content=\"7 minutes\" \/>\n<script type=\"application\/ld+json\" class=\"yoast-schema-graph\">{\"@context\":\"https:\/\/schema.org\",\"@graph\":[{\"@type\":\"WebPage\",\"@id\":\"https:\/\/www.ideaymedia.com.mx\/visa\/como-funciona\/\",\"url\":\"https:\/\/www.ideaymedia.com.mx\/visa\/como-funciona\/\",\"name\":\"C\u00f3mo funciona | Visa Americana\",\"isPartOf\":{\"@id\":\"https:\/\/www.ideaymedia.com.mx\/visa\/#website\"},\"datePublished\":\"2015-04-24T23:33:54+00:00\",\"dateModified\":\"2016-04-27T02:03:50+00:00\",\"description\":\"\u00bfQuieres saber como funciona el nuevo programa visa americana? Todo lo que necesitas para saber efectuar la solicitud de tu visa americana, est\u00e1 aqu\u00ed.\",\"breadcrumb\":{\"@id\":\"https:\/\/www.ideaymedia.com.mx\/visa\/como-funciona\/#breadcrumb\"},\"inLanguage\":\"en-US\",\"potentialAction\":[{\"@type\":\"ReadAction\",\"target\":[\"https:\/\/www.ideaymedia.com.mx\/visa\/como-funciona\/\"]}]},{\"@type\":\"BreadcrumbList\",\"@id\":\"https:\/\/www.ideaymedia.com.mx\/visa\/como-funciona\/#breadcrumb\",\"itemListElement\":[{\"@type\":\"ListItem\",\"position\":1,\"name\":\"Home\",\"item\":\"https:\/\/www.ideaymedia.com.mx\/visa\/requisitos-para-tramitar-visa-a-eu\/\"},{\"@type\":\"ListItem\",\"position\":2,\"name\":\"Como funciona\"}]},{\"@type\":\"WebSite\",\"@id\":\"https:\/\/www.ideaymedia.com.mx\/visa\/#website\",\"url\":\"https:\/\/www.ideaymedia.com.mx\/visa\/\",\"name\":\"Visa Americana Asesoramiento Migratorio\",\"description\":\"Visa Americana Asesoramiento Migratorio\",\"publisher\":{\"@id\":\"https:\/\/www.ideaymedia.com.mx\/visa\/#organization\"},\"potentialAction\":[{\"@type\":\"SearchAction\",\"target\":{\"@type\":\"EntryPoint\",\"urlTemplate\":\"https:\/\/www.ideaymedia.com.mx\/visa\/?s={search_term_string}\"},\"query-input\":{\"@type\":\"PropertyValueSpecification\",\"valueRequired\":true,\"valueName\":\"search_term_string\"}}],\"inLanguage\":\"en-US\"},{\"@type\":\"Organization\",\"@id\":\"https:\/\/www.ideaymedia.com.mx\/visa\/#organization\",\"name\":\"Visa Americana\",\"url\":\"https:\/\/www.ideaymedia.com.mx\/visa\/\",\"logo\":{\"@type\":\"ImageObject\",\"inLanguage\":\"en-US\",\"@id\":\"https:\/\/www.ideaymedia.com.mx\/visa\/#\/schema\/logo\/image\/\",\"url\":\"https:\/\/www.ideaymedia.com.mx\/visa\/wp-content\/uploads\/2015\/02\/Escudo-Visa-Americana.gif\",\"contentUrl\":\"https:\/\/www.ideaymedia.com.mx\/visa\/wp-content\/uploads\/2015\/02\/Escudo-Visa-Americana.gif\",\"width\":165,\"height\":165,\"caption\":\"Visa Americana\"},\"image\":{\"@id\":\"https:\/\/www.ideaymedia.com.mx\/visa\/#\/schema\/logo\/image\/\"}}]}<\/script>\n<!-- \/ Yoast SEO plugin. -->","yoast_head_json":{"title":"C\u00f3mo funciona | Visa Americana","description":"\u00bfQuieres saber como funciona el nuevo programa visa americana? Todo lo que necesitas para saber efectuar la solicitud de tu visa americana, est\u00e1 aqu\u00ed.","robots":{"index":"index","follow":"follow","max-snippet":"max-snippet:-1","max-image-preview":"max-image-preview:large","max-video-preview":"max-video-preview:-1"},"canonical":"https:\/\/www.ideaymedia.com.mx\/visa\/como-funciona\/","og_locale":"en_US","og_type":"article","og_title":"C\u00f3mo funciona | Visa Americana","og_description":"\u00bfQuieres saber como funciona el nuevo programa visa americana? Todo lo que necesitas para saber efectuar la solicitud de tu visa americana, est\u00e1 aqu\u00ed.","og_url":"https:\/\/www.ideaymedia.com.mx\/visa\/como-funciona\/","og_site_name":"Visa Americana Asesoramiento Migratorio","article_modified_time":"2016-04-27T02:03:50+00:00","twitter_misc":{"Est. reading time":"7 minutes"},"schema":{"@context":"https:\/\/schema.org","@graph":[{"@type":"WebPage","@id":"https:\/\/www.ideaymedia.com.mx\/visa\/como-funciona\/","url":"https:\/\/www.ideaymedia.com.mx\/visa\/como-funciona\/","name":"C\u00f3mo funciona | Visa Americana","isPartOf":{"@id":"https:\/\/www.ideaymedia.com.mx\/visa\/#website"},"datePublished":"2015-04-24T23:33:54+00:00","dateModified":"2016-04-27T02:03:50+00:00","description":"\u00bfQuieres saber como funciona el nuevo programa visa americana? Todo lo que necesitas para saber efectuar la solicitud de tu visa americana, est\u00e1 aqu\u00ed.","breadcrumb":{"@id":"https:\/\/www.ideaymedia.com.mx\/visa\/como-funciona\/#breadcrumb"},"inLanguage":"en-US","potentialAction":[{"@type":"ReadAction","target":["https:\/\/www.ideaymedia.com.mx\/visa\/como-funciona\/"]}]},{"@type":"BreadcrumbList","@id":"https:\/\/www.ideaymedia.com.mx\/visa\/como-funciona\/#breadcrumb","itemListElement":[{"@type":"ListItem","position":1,"name":"Home","item":"https:\/\/www.ideaymedia.com.mx\/visa\/requisitos-para-tramitar-visa-a-eu\/"},{"@type":"ListItem","position":2,"name":"Como funciona"}]},{"@type":"WebSite","@id":"https:\/\/www.ideaymedia.com.mx\/visa\/#website","url":"https:\/\/www.ideaymedia.com.mx\/visa\/","name":"Visa Americana Asesoramiento Migratorio","description":"Visa Americana Asesoramiento Migratorio","publisher":{"@id":"https:\/\/www.ideaymedia.com.mx\/visa\/#organization"},"potentialAction":[{"@type":"SearchAction","target":{"@type":"EntryPoint","urlTemplate":"https:\/\/www.ideaymedia.com.mx\/visa\/?s={search_term_string}"},"query-input":{"@type":"PropertyValueSpecification","valueRequired":true,"valueName":"search_term_string"}}],"inLanguage":"en-US"},{"@type":"Organization","@id":"https:\/\/www.ideaymedia.com.mx\/visa\/#organization","name":"Visa Americana","url":"https:\/\/www.ideaymedia.com.mx\/visa\/","logo":{"@type":"ImageObject","inLanguage":"en-US","@id":"https:\/\/www.ideaymedia.com.mx\/visa\/#\/schema\/logo\/image\/","url":"https:\/\/www.ideaymedia.com.mx\/visa\/wp-content\/uploads\/2015\/02\/Escudo-Visa-Americana.gif","contentUrl":"https:\/\/www.ideaymedia.com.mx\/visa\/wp-content\/uploads\/2015\/02\/Escudo-Visa-Americana.gif","width":165,"height":165,"caption":"Visa Americana"},"image":{"@id":"https:\/\/www.ideaymedia.com.mx\/visa\/#\/schema\/logo\/image\/"}}]}},"_links":{"self":[{"href":"https:\/\/www.ideaymedia.com.mx\/visa\/wp-json\/wp\/v2\/pages\/2209","targetHints":{"allow":["GET"]}}],"collection":[{"href":"https:\/\/www.ideaymedia.com.mx\/visa\/wp-json\/wp\/v2\/pages"}],"about":[{"href":"https:\/\/www.ideaymedia.com.mx\/visa\/wp-json\/wp\/v2\/types\/page"}],"author":[{"embeddable":true,"href":"https:\/\/www.ideaymedia.com.mx\/visa\/wp-json\/wp\/v2\/users\/3"}],"replies":[{"embeddable":true,"href":"https:\/\/www.ideaymedia.com.mx\/visa\/wp-json\/wp\/v2\/comments?post=2209"}],"version-history":[{"count":0,"href":"https:\/\/www.ideaymedia.com.mx\/visa\/wp-json\/wp\/v2\/pages\/2209\/revisions"}],"wp:attachment":[{"href":"https:\/\/www.ideaymedia.com.mx\/visa\/wp-json\/wp\/v2\/media?parent=2209"}],"curies":[{"name":"wp","href":"https:\/\/api.w.org\/{rel}","templated":true}]}}