{"id":1973,"date":"2015-03-06T18:49:09","date_gmt":"2015-03-07T00:49:09","guid":{"rendered":"https:\/\/visa-americana.com\/?page_id=1973"},"modified":"2018-06-13T18:45:23","modified_gmt":"2018-06-13T23:45:23","slug":"solicitud-de-visa-estados-unidos","status":"publish","type":"page","link":"https:\/\/www.ideaymedia.com.mx\/visa\/solicitud-de-visa-estados-unidos\/","title":{"rendered":"Solicitud de Visa Estados Unidos"},"content":{"rendered":"<h1 class= \"blue\">Solicitud de Visa Estados Unidos B1\/B2 en Espa&ntilde;ol<\/h1>\r\n\r\n<img loading=\"lazy\" decoding=\"async\" class=\"alignnone\" style=\"float: right; width: 304px; height: 228px; margin: 0px 0px 0px 20px;\" src=\"https:\/\/www.ideaymedia.com.mx\/visa\/wp-content\/uploads\/2015\/02\/Visa-Americana.jpg\" alt=\"Solicitud de Visa Estados Unidos\" width=\"341\" height=\"225\">\r\n\r\n<h4 class= \"red\">Documentaci&oacute;n requerida para el tr&aacute;mite de la Visa B1\/B2:<\/h4>\r\n <ol>\r\n        <li>Pasaporte vigente<\/li>\r\n\t<li>La hoja de confirmaci&oacute;n del Formulario DS-160 (impresa)<\/li>\r\n\t<li>Recibo de pago MRV original<\/li>\r\n <\/ol>\r\n\r\n<p class=\"justify-text\"><b>Requisitos de elegibilidad para la solicitud de visa Estados Unidos:<\/b><\/p>\r\n<p class=\"justify-text\">Los solicitantes de visa B1 y B2 deben demostrar su intenci&oacute;n de entrar a E.U.A. por un per&iacute;odo temporal, solamente con el prop&oacute;sito de atender viajes de negocios cortos y turismo. Los solicitantes deben demostrar tambi&eacute;n que cuentan con los fondos econ&oacute;micos necesarios para cubrir los gastos de su viaje durante su estad&iacute;a en E.U.A.; as&iacute; como tambi&eacute;n lazos sociales, econ&oacute;micos, y de cualquier tipo en su pa&iacute;s de origen para garantizar que el solicitante regrese despu&eacute;s de su visita legal y temporal.<\/p>\r\n<p class=\"justify-text\"><b>Duraci&oacute;n de la estad&iacute;a de la visa de turista:<\/b><\/p>\r\n<p class=\"justify-text\">A las personas admitidas en los Estados Unidos con una visa B1\/B2 se les conceder&aacute; un m&aacute;ximo de 6 meses de estad&iacute;a. El funcionario de inmigraci&oacute;n determina el tiempo que se le permite a cada visitante permanecer en el pa&iacute;s y tiene el derecho a emitir una estad&iacute;a m&aacute;s corta bas&aacute;ndose en el caso particular de cada individuo.<\/p>\r\n<p class=\"justify-text\"><b>Tratamiento m&eacute;dico con la visa B2:<\/b><\/p>\r\n<p class=\"justify-text\">Adem&aacute;s del turismo, las visas B2 tambi&eacute;n son emitidas a las personas que viajan a los Estados Unidos para someterse a un tratamiento m&eacute;dico. El proceso de solicitud es similar al de una visa de turista, con la excepci&oacute;n de algunos documentos adicionales que se deber&aacute;n presentar.<\/p>\r\n\r\n<h4><span style=\"color: #800000;\">Pasos para realizar nuestro programa &#8220;Visa Americana B1\/B2 en Espa&ntilde;ol&#8221;:<\/span><\/h4>\r\n<ol>\r\n        <li>Hacer clic en: VISA E.U. B1\/B2 INICIAR AQU\u00cd<\/li>\r\n\t<li>Realizar pago correspondiente<\/li>\r\n\t<li>Descargar archivos incluidos<\/li>\r\n\t<li>Seguir indicaciones proporcionadas<\/li>\r\n<\/ol>\r\n<a class=\"green\" href=\"https:\/\/www.ideaymedia.com.mx\/visa\/visa\/tramite-visa-americana\/\">VISA E.U. B1\/B2 INICIAR AQU\u00cd<\/a>\r\n ","protected":false},"excerpt":{"rendered":"Solicitud de Visa Estados Unidos B1\/B2 en Espa&ntilde;ol Documentaci&oacute;n requerida para el tr&aacute;mite de la Visa B1\/B2: Pasaporte vigente La hoja de confirmaci&oacute;n del Formulario DS-160 (impresa) Recibo de pago MRV original Requisitos de elegibilidad para la solicitud de visa<span class=\"ellipsis\">&hellip;<\/span><div class=\"read-more\"><a href=\"https:\/\/www.ideaymedia.com.mx\/visa\/solicitud-de-visa-estados-unidos\/\">Read more &#8250;<\/a><\/div><!-- end of .read-more -->","protected":false},"author":3,"featured_media":0,"parent":0,"menu_order":8,"comment_status":"closed","ping_status":"closed","template":"template-single-nosidebar-minimal.php","meta":{"footnotes":""},"class_list":["post-1973","page","type-page","status-publish","hentry"],"yoast_head":"<!-- This site is optimized with the Yoast SEO plugin v26.5 - https:\/\/yoast.com\/wordpress\/plugins\/seo\/ -->\n<title>Solicitud de Visa Estados Unidos | Visa Americana<\/title>\n<meta name=\"description\" content=\"Para la solicitud de Visa Estados unidos o Visa Americana de Turista o Negocios B1\/B2, haga clic aqu\u00ed para obtener m\u00e1s informaci\u00f3n.\" \/>\n<meta name=\"robots\" content=\"index, follow, max-snippet:-1, max-image-preview:large, max-video-preview:-1\" \/>\n<link rel=\"canonical\" href=\"https:\/\/www.ideaymedia.com.mx\/visa\/solicitud-de-visa-estados-unidos\/\" \/>\n<meta property=\"og:locale\" content=\"en_US\" \/>\n<meta property=\"og:type\" content=\"article\" \/>\n<meta property=\"og:title\" content=\"Solicitud de Visa Estados Unidos | Visa Americana\" \/>\n<meta property=\"og:description\" content=\"Para la solicitud de Visa Estados unidos o Visa Americana de Turista o Negocios B1\/B2, haga clic aqu\u00ed para obtener m\u00e1s informaci\u00f3n.\" \/>\n<meta property=\"og:url\" content=\"https:\/\/www.ideaymedia.com.mx\/visa\/solicitud-de-visa-estados-unidos\/\" \/>\n<meta property=\"og:site_name\" content=\"Visa Americana Asesoramiento Migratorio\" \/>\n<meta property=\"article:modified_time\" content=\"2018-06-13T23:45:23+00:00\" \/>\n<meta property=\"og:image\" content=\"https:\/\/www.ideaymedia.com.mx\/visa\/wp-content\/uploads\/2015\/02\/Visa-Americana.jpg\" \/>\n<meta name=\"twitter:label1\" content=\"Est. reading time\" \/>\n\t<meta name=\"twitter:data1\" content=\"2 minutes\" \/>\n<script type=\"application\/ld+json\" class=\"yoast-schema-graph\">{\"@context\":\"https:\/\/schema.org\",\"@graph\":[{\"@type\":\"WebPage\",\"@id\":\"https:\/\/www.ideaymedia.com.mx\/visa\/solicitud-de-visa-estados-unidos\/\",\"url\":\"https:\/\/www.ideaymedia.com.mx\/visa\/solicitud-de-visa-estados-unidos\/\",\"name\":\"Solicitud de Visa Estados Unidos | Visa Americana\",\"isPartOf\":{\"@id\":\"https:\/\/www.ideaymedia.com.mx\/visa\/#website\"},\"primaryImageOfPage\":{\"@id\":\"https:\/\/www.ideaymedia.com.mx\/visa\/solicitud-de-visa-estados-unidos\/#primaryimage\"},\"image\":{\"@id\":\"https:\/\/www.ideaymedia.com.mx\/visa\/solicitud-de-visa-estados-unidos\/#primaryimage\"},\"thumbnailUrl\":\"https:\/\/www.ideaymedia.com.mx\/visa\/wp-content\/uploads\/2015\/02\/Visa-Americana.jpg\",\"datePublished\":\"2015-03-07T00:49:09+00:00\",\"dateModified\":\"2018-06-13T23:45:23+00:00\",\"description\":\"Para la solicitud de Visa Estados unidos o Visa Americana de Turista o Negocios B1\/B2, haga clic aqu\u00ed para obtener m\u00e1s informaci\u00f3n.\",\"breadcrumb\":{\"@id\":\"https:\/\/www.ideaymedia.com.mx\/visa\/solicitud-de-visa-estados-unidos\/#breadcrumb\"},\"inLanguage\":\"en-US\",\"potentialAction\":[{\"@type\":\"ReadAction\",\"target\":[\"https:\/\/www.ideaymedia.com.mx\/visa\/solicitud-de-visa-estados-unidos\/\"]}]},{\"@type\":\"ImageObject\",\"inLanguage\":\"en-US\",\"@id\":\"https:\/\/www.ideaymedia.com.mx\/visa\/solicitud-de-visa-estados-unidos\/#primaryimage\",\"url\":\"https:\/\/www.ideaymedia.com.mx\/visa\/wp-content\/uploads\/2015\/02\/Visa-Americana.jpg\",\"contentUrl\":\"https:\/\/www.ideaymedia.com.mx\/visa\/wp-content\/uploads\/2015\/02\/Visa-Americana.jpg\",\"width\":341,\"height\":225},{\"@type\":\"BreadcrumbList\",\"@id\":\"https:\/\/www.ideaymedia.com.mx\/visa\/solicitud-de-visa-estados-unidos\/#breadcrumb\",\"itemListElement\":[{\"@type\":\"ListItem\",\"position\":1,\"name\":\"Home\",\"item\":\"https:\/\/www.ideaymedia.com.mx\/visa\/requisitos-para-tramitar-visa-a-eu\/\"},{\"@type\":\"ListItem\",\"position\":2,\"name\":\"Solicitud de Visa Estados Unidos\"}]},{\"@type\":\"WebSite\",\"@id\":\"https:\/\/www.ideaymedia.com.mx\/visa\/#website\",\"url\":\"https:\/\/www.ideaymedia.com.mx\/visa\/\",\"name\":\"Visa Americana Asesoramiento Migratorio\",\"description\":\"Visa Americana Asesoramiento Migratorio\",\"publisher\":{\"@id\":\"https:\/\/www.ideaymedia.com.mx\/visa\/#organization\"},\"potentialAction\":[{\"@type\":\"SearchAction\",\"target\":{\"@type\":\"EntryPoint\",\"urlTemplate\":\"https:\/\/www.ideaymedia.com.mx\/visa\/?s={search_term_string}\"},\"query-input\":{\"@type\":\"PropertyValueSpecification\",\"valueRequired\":true,\"valueName\":\"search_term_string\"}}],\"inLanguage\":\"en-US\"},{\"@type\":\"Organization\",\"@id\":\"https:\/\/www.ideaymedia.com.mx\/visa\/#organization\",\"name\":\"Visa Americana\",\"url\":\"https:\/\/www.ideaymedia.com.mx\/visa\/\",\"logo\":{\"@type\":\"ImageObject\",\"inLanguage\":\"en-US\",\"@id\":\"https:\/\/www.ideaymedia.com.mx\/visa\/#\/schema\/logo\/image\/\",\"url\":\"https:\/\/www.ideaymedia.com.mx\/visa\/wp-content\/uploads\/2015\/02\/Escudo-Visa-Americana.gif\",\"contentUrl\":\"https:\/\/www.ideaymedia.com.mx\/visa\/wp-content\/uploads\/2015\/02\/Escudo-Visa-Americana.gif\",\"width\":165,\"height\":165,\"caption\":\"Visa Americana\"},\"image\":{\"@id\":\"https:\/\/www.ideaymedia.com.mx\/visa\/#\/schema\/logo\/image\/\"}}]}<\/script>\n<!-- \/ Yoast SEO plugin. -->","yoast_head_json":{"title":"Solicitud de Visa Estados Unidos | Visa Americana","description":"Para la solicitud de Visa Estados unidos o Visa Americana de Turista o Negocios B1\/B2, haga clic aqu\u00ed para obtener m\u00e1s informaci\u00f3n.","robots":{"index":"index","follow":"follow","max-snippet":"max-snippet:-1","max-image-preview":"max-image-preview:large","max-video-preview":"max-video-preview:-1"},"canonical":"https:\/\/www.ideaymedia.com.mx\/visa\/solicitud-de-visa-estados-unidos\/","og_locale":"en_US","og_type":"article","og_title":"Solicitud de Visa Estados Unidos | Visa Americana","og_description":"Para la solicitud de Visa Estados unidos o Visa Americana de Turista o Negocios B1\/B2, haga clic aqu\u00ed para obtener m\u00e1s informaci\u00f3n.","og_url":"https:\/\/www.ideaymedia.com.mx\/visa\/solicitud-de-visa-estados-unidos\/","og_site_name":"Visa Americana Asesoramiento Migratorio","article_modified_time":"2018-06-13T23:45:23+00:00","og_image":[{"url":"https:\/\/www.ideaymedia.com.mx\/visa\/wp-content\/uploads\/2015\/02\/Visa-Americana.jpg","type":"","width":"","height":""}],"twitter_misc":{"Est. reading time":"2 minutes"},"schema":{"@context":"https:\/\/schema.org","@graph":[{"@type":"WebPage","@id":"https:\/\/www.ideaymedia.com.mx\/visa\/solicitud-de-visa-estados-unidos\/","url":"https:\/\/www.ideaymedia.com.mx\/visa\/solicitud-de-visa-estados-unidos\/","name":"Solicitud de Visa Estados Unidos | Visa Americana","isPartOf":{"@id":"https:\/\/www.ideaymedia.com.mx\/visa\/#website"},"primaryImageOfPage":{"@id":"https:\/\/www.ideaymedia.com.mx\/visa\/solicitud-de-visa-estados-unidos\/#primaryimage"},"image":{"@id":"https:\/\/www.ideaymedia.com.mx\/visa\/solicitud-de-visa-estados-unidos\/#primaryimage"},"thumbnailUrl":"https:\/\/www.ideaymedia.com.mx\/visa\/wp-content\/uploads\/2015\/02\/Visa-Americana.jpg","datePublished":"2015-03-07T00:49:09+00:00","dateModified":"2018-06-13T23:45:23+00:00","description":"Para la solicitud de Visa Estados unidos o Visa Americana de Turista o Negocios B1\/B2, haga clic aqu\u00ed para obtener m\u00e1s informaci\u00f3n.","breadcrumb":{"@id":"https:\/\/www.ideaymedia.com.mx\/visa\/solicitud-de-visa-estados-unidos\/#breadcrumb"},"inLanguage":"en-US","potentialAction":[{"@type":"ReadAction","target":["https:\/\/www.ideaymedia.com.mx\/visa\/solicitud-de-visa-estados-unidos\/"]}]},{"@type":"ImageObject","inLanguage":"en-US","@id":"https:\/\/www.ideaymedia.com.mx\/visa\/solicitud-de-visa-estados-unidos\/#primaryimage","url":"https:\/\/www.ideaymedia.com.mx\/visa\/wp-content\/uploads\/2015\/02\/Visa-Americana.jpg","contentUrl":"https:\/\/www.ideaymedia.com.mx\/visa\/wp-content\/uploads\/2015\/02\/Visa-Americana.jpg","width":341,"height":225},{"@type":"BreadcrumbList","@id":"https:\/\/www.ideaymedia.com.mx\/visa\/solicitud-de-visa-estados-unidos\/#breadcrumb","itemListElement":[{"@type":"ListItem","position":1,"name":"Home","item":"https:\/\/www.ideaymedia.com.mx\/visa\/requisitos-para-tramitar-visa-a-eu\/"},{"@type":"ListItem","position":2,"name":"Solicitud de Visa Estados Unidos"}]},{"@type":"WebSite","@id":"https:\/\/www.ideaymedia.com.mx\/visa\/#website","url":"https:\/\/www.ideaymedia.com.mx\/visa\/","name":"Visa Americana Asesoramiento Migratorio","description":"Visa Americana Asesoramiento Migratorio","publisher":{"@id":"https:\/\/www.ideaymedia.com.mx\/visa\/#organization"},"potentialAction":[{"@type":"SearchAction","target":{"@type":"EntryPoint","urlTemplate":"https:\/\/www.ideaymedia.com.mx\/visa\/?s={search_term_string}"},"query-input":{"@type":"PropertyValueSpecification","valueRequired":true,"valueName":"search_term_string"}}],"inLanguage":"en-US"},{"@type":"Organization","@id":"https:\/\/www.ideaymedia.com.mx\/visa\/#organization","name":"Visa Americana","url":"https:\/\/www.ideaymedia.com.mx\/visa\/","logo":{"@type":"ImageObject","inLanguage":"en-US","@id":"https:\/\/www.ideaymedia.com.mx\/visa\/#\/schema\/logo\/image\/","url":"https:\/\/www.ideaymedia.com.mx\/visa\/wp-content\/uploads\/2015\/02\/Escudo-Visa-Americana.gif","contentUrl":"https:\/\/www.ideaymedia.com.mx\/visa\/wp-content\/uploads\/2015\/02\/Escudo-Visa-Americana.gif","width":165,"height":165,"caption":"Visa Americana"},"image":{"@id":"https:\/\/www.ideaymedia.com.mx\/visa\/#\/schema\/logo\/image\/"}}]}},"_links":{"self":[{"href":"https:\/\/www.ideaymedia.com.mx\/visa\/wp-json\/wp\/v2\/pages\/1973","targetHints":{"allow":["GET"]}}],"collection":[{"href":"https:\/\/www.ideaymedia.com.mx\/visa\/wp-json\/wp\/v2\/pages"}],"about":[{"href":"https:\/\/www.ideaymedia.com.mx\/visa\/wp-json\/wp\/v2\/types\/page"}],"author":[{"embeddable":true,"href":"https:\/\/www.ideaymedia.com.mx\/visa\/wp-json\/wp\/v2\/users\/3"}],"replies":[{"embeddable":true,"href":"https:\/\/www.ideaymedia.com.mx\/visa\/wp-json\/wp\/v2\/comments?post=1973"}],"version-history":[{"count":0,"href":"https:\/\/www.ideaymedia.com.mx\/visa\/wp-json\/wp\/v2\/pages\/1973\/revisions"}],"wp:attachment":[{"href":"https:\/\/www.ideaymedia.com.mx\/visa\/wp-json\/wp\/v2\/media?parent=1973"}],"curies":[{"name":"wp","href":"https:\/\/api.w.org\/{rel}","templated":true}]}}