{"id":1732,"date":"2015-02-05T15:09:15","date_gmt":"2015-02-05T21:09:15","guid":{"rendered":"https:\/\/visa-americana.com\/?page_id=1732"},"modified":"2023-08-11T11:47:13","modified_gmt":"2023-08-11T16:47:13","slug":"tramite-expres","status":"publish","type":"page","link":"https:\/\/www.ideaymedia.com.mx\/visa\/tramite-expres\/","title":{"rendered":"Tramite Express con un Experto"},"content":{"rendered":"<form id=\"ifs-right\" class=\"infusion-form\" style=\"margin-top: 0px;\" accept-charset=\"UTF-8\" action=\"https:\/\/ay150.infusionsoft.com\/app\/form\/process\/d9ef93c04aba4acc8f0432fcbcb003d7\" method=\"POST\"><input name=\"inf_form_xid\" type=\"hidden\" value=\"d9ef93c04aba4acc8f0432fcbcb003d7\"><input name=\"inf_form_name\" type=\"hidden\" value=\"Tramite Visa NUEVA\"><input name=\"infusionsoft_version\" type=\"hidden\" value=\"1.40.0.46\"><span class=\"blue medium center\" style=\"width: 100%; font-weight: bold; text-shadow: -1px -1px 2px white; margin-bottom: 15px;\">1. Introduzca sus datos<\/span>\r\n<div class=\"infusion-field\"><label for=\"inf_custom_Titulo\">T\u00edtulo *<\/label><select id=\"inf_custom_Titulo\" style=\"float: right; width: 260px; margin-left: 13px;\" name=\"inf_custom_Titulo\">\r\n<option selected=\"selected\" value=\"Sr.\">Sr.<\/option>\r\n<option value=\"Sra.\">Sra.<\/option>\r\n<option value=\"Srta.\">Srta.<\/option>\r\n<\/select><\/div>\r\n<div class=\"infusion-field\"><label for=\"inf_field_FirstName\">Nombre *<\/label><input id=\"inf_field_FirstName\" class=\"infusion-field-input-container\" style=\"float: right; width: 260px; margin-left: 13px;\" name=\"inf_field_FirstName\" type=\"text\"><\/div>\r\n<div class=\"infusion-field\"><label for=\"inf_field_LastName\">Apellido paterno *<\/label><input id=\"inf_field_LastName\" class=\"infusion-field-input-container\" style=\"float: right; width: 260px; margin-left: 13px;\" name=\"inf_field_LastName\" type=\"text\"><\/div>\r\n<div class=\"infusion-field\"><label for=\"inf_field_MiddleName\">Apellido materno *<\/label><input id=\"inf_field_MiddleName\" class=\"infusion-field-input-container\" style=\"float: right; width: 260px; margin-left: 13px;\" name=\"inf_field_MiddleName\" type=\"text\"><\/div>\r\n<div class=\"infusion-field\"><label for=\"inf_field_Email\">E-mail *<\/label><input id=\"inf_field_Email\" class=\"infusion-field-input-container\" style=\"float: right; width: 260px; margin-left: 13px;\" name=\"inf_field_Email\" type=\"text\"><\/div>\r\n<div class=\"infusion-field\"><label for=\"inf_field_Phone2\">Tel. movil *<\/label>\r\n<input id=\"inf_field_Phone2\" class=\"infusion-field-input-container\" name=\"inf_field_Phone2\" type=\"text\"><\/div>\r\n<div class=\"infusion-field\"><label for=\"inf_custom_CountryDropdownMenu\">Pa\u00eds *<\/label><select id=\"inf_custom_CountryDropdownMenu\" style=\"float: right; width: 260px; margin-left: 13px;\" name=\"inf_custom_CountryDropdownMenu\">\r\n<option selected=\"selected\" value=\"Argentina\">Argentina<\/option>\r\n<option value=\"Bolivia\">Bolivia<\/option>\r\n<option value=\"Colombia\">Colombia<\/option>\r\n<option value=\"Republica Dominicana\">Republica Dominicana<\/option>\r\n<option value=\"Ecuador\">Ecuador<\/option>\r\n<option value=\"El Salvador\">El Salvador<\/option>\r\n<option value=\"Guatemala\">Guatemala<\/option>\r\n<option value=\"Honduras\">Honduras<\/option>\r\n<option value=\"Mexico\">Mexico<\/option>\r\n<option value=\"Nicaragua\">Nicaragua<\/option>\r\n<option value=\"Panama\">Panama<\/option>\r\n<option value=\"Paraguay\">Paraguay<\/option>\r\n<option value=\"Peru\">Peru<\/option>\r\n<option value=\"Uruguay\">Uruguay<\/option>\r\n<option value=\"Venezuela\">Venezuela<\/option>\r\n<option value=\"Otro Pais\">Otro Pais<\/option>\r\n<\/select><\/div>\r\n<div class=\"infusion-field\"><span style=\"font-size: 10pt;\">He le\u00eddo y acepto los <a class=\"eModal-1\" href=\"#\">t\u00e9rminos y condiciones<\/a>*<\/span><input id=\"inf_option_Hele\u00eddoyaceptolost\u00e9rminosycondicionesdeuso\" style=\"float: right; width: 21px; height: 21px; border-radius: 5px; background-color: #fff;\" name=\"inf_option_Hele\u00eddoyaceptolost\u00e9rminosycondicionesdeuso\" type=\"checkbox\" value=\"464\"><\/div>\r\n<div class=\"infusion-field\"><input style=\"margin-top: 0px !important;\" type=\"submit\" value=\"Enviar\"><\/div>\r\n<div class=\"infusion-field\" style=\"text-align: center; font-size: 11px;\"><a href=\"https:\/\/www.ideaymedia.com.mx\/visa\/terminos-y-condiciones\/poliza-de-privacidad\/\" target=\"_blank\" rel=\"noopener noreferrer\">P\u00f3liza de privacidad<\/a><\/div>\r\n<!-- Empieza C\u00f3digo IP -->\r\n<input id=\"_IPAddress\" name=\"inf_custom_IPAddress\" type=\"hidden\" value=\"null\">\r\n<script>var userip;<\/script>\r\n<script src=\"https:\/\/l2.io\/ip.js?var=userip\"><\/script>\r\n<script><br \/>\r\ndocument.getElementById('_IPAddress').value = userip;<br \/>\r\n<\/script>\r\n<!-- Termina C\u00f3digo IP -->\r\n\r\n<script src=\"https:\/\/ajax.googleapis.com\/ajax\/libs\/jquery\/1.8.3\/jquery.min.js\"><\/script><script src=\"https:\/\/ajax.googleapis.com\/ajax\/libs\/jqueryui\/1.7.2\/jquery-ui.min.js\"><\/script>\r\n<script><br \/>\r\n$(window).load(function(){<br \/>\r\n                   $('#inf_option_Hele\u00eddoyaceptolost\u00e9rminosycondicionesdeuso').attr('required', true);<br \/>\r\n            });<\/script>\r\n<script><br \/>\r\n\/\/Validacion para Safari<br \/>\r\nvar detectarNavegador = window.navigator.userAgent;<br \/>\r\nvar chrome = \/Chrome\/;<br \/>\r\nvar safari = \/Safari\/;<\/p>\r\n<p>if(detectarNavegador.indexOf('Safari')!=-1 && detectarNavegador.indexOf('Chrome')==-1)<br \/>\r\nvar isSafari = true;<\/p>\r\n<p>if (isSafari){<br \/>\r\n\tvar forms = document.getElementsByTagName('form');<br \/>\r\n\tfor (var i = 0; i < forms.length; i++) {\r\n\t    forms[i].noValidate = true;\r\n\t\r\n\t    forms[i].addEventListener('submit', function(event) {\r\n\t        \/\/Prevent submission if checkValidity on the form returns false.\r\n\t        if (!event.target.checkValidity()) {\r\n\t            event.preventDefault();\r\n\t            alert('Es necesario marcar la casilla de t\u00e9rminos y condiciones para continuar');\r\n\t            \/\/Implement you own means of displaying error messages to the user here.\r\n\t        }\r\n\t    }, false);\r\n\t}\r\n}\r\n<\/script><\/form>\r\n<div class=\"desktop-view\">\r\n<h1 class=\"red\">Tr\u00e1mite con un experto <u>express en 24 horas<\/u><\/h1>\r\n<p class=\"justify-text\">Si usted cuenta con prisa para obtener la Visa Americana su mejor opci\u00f3n es utilizar nuestro servicio express para lograr su gesti\u00f3n a la brevedad posible. Para que su tr\u00e1mite sea efectuado por uno de nuestros agentes expertos en las siguientes 24 horas, contrate este servicio siguiendo los pasos que se muestran a continuaci\u00f3n.<\/p>\r\n\r\n<ol class=\"justify-text\" start=\"1\">\r\n \t<li><strong>Introduzca su t\u00edtulo, nombre, apellidos y correo electr\u00f3nico<\/strong><\/li>\r\n \t<li><strong>Seleccione su pa\u00eds, acepte los t\u00e9rminos y haga clic en \u201cEnviar\u201d<\/strong><\/li>\r\n \t<li><strong>Realizar el pago correspondiente $199.00<\/strong><span style=\"font-size: xx-small;\"> (Impuestos gubernamentales no incluidos)<\/span><\/li>\r\n \t<li><strong>Siga las indicaciones del cuestionario y permanezca atento a su\r\ncorreo electr\u00f3nico para recibir notificaciones<\/strong><\/li>\r\n<\/ol>\r\n<\/div>\r\n<div class=\"mobile-view\">\r\n<h2 class=\"red\">Tr\u00e1mite con un experto expres en 24 horas<\/h2>\r\n<p class=\"justify-text\">Si usted cuenta con prisa para obtener la Visa Americana su mejor opci\u00f3n es utilizar nuestro servicio expres para lograr su gesti\u00f3n a la brevedad posible. Para que su tr\u00e1mite sea efectuado por uno de nuestros agentes expertos en las siguientes 24 horas, contrate este servicio siguiendo los pasos que se muestran a continuaci\u00f3n.<\/p>\r\n\r\n<ol class=\"justify-text\" start=\"1\">\r\n \t<li><strong>Introduzca su t\u00edtulo, nombre, apellidos y correo electr\u00f3nico<\/strong><\/li>\r\n \t<li><strong>Seleccione su pa\u00eds, acepte los t\u00e9rminos y haga clic en \u201cEnviar\u201d<\/strong><\/li>\r\n \t<li><strong>Realizar el pago correspondiente $199.00<\/strong><span style=\"font-size: xx-small;\"> (Impuestos gubernamentales no incluidos)<\/span><\/li>\r\n \t<li><strong>Siga las indicaciones del cuestionario y permanezca atento a su\r\ncorreo electr\u00f3nico para recibir notificaciones<\/strong><\/li>\r\n<\/ol>\r\n<\/div>\r\n<p class=\"justify-text\">Al momento de contratar este servicio, nuestro personal altamente experimentado llevar\u00e1 a cabo todos los tr\u00e1mites de solicitud de visa correspondientes ante el Gobierno de los Estados Unidos.<\/p>\r\n<strong>Estos incluyen:<\/strong>\r\n<ul>\r\n \t<li>Revisi\u00f3n y evaluaci\u00f3n de su caso particular<\/li>\r\n \t<li>Gesti\u00f3n del Formulario DS-160<\/li>\r\n \t<li>Confirmaci\u00f3n del n\u00famero de expediente o \u201cApplication ID\u201d<\/li>\r\n \t<li>Gesti\u00f3n del cuestionario CAS, SIV o VAC (seg\u00fan el caso)<\/li>\r\n \t<li>Tr\u00e1mite para pago MRV (tarifa gubernamental no incluida)<\/li>\r\n \t<li>Reservaci\u00f3n DHL para entrega de visa y pasaporte<\/li>\r\n \t<li>Consulta y apartado de fechas disponibles para la cita CAS<\/li>\r\n \t<li>Agendado de cita consular<\/li>\r\n \t<li>Evaluaci\u00f3n final de su expediente<\/li>\r\n \t<li>Elaboraci\u00f3n de sugerencias y recomendaciones para su entrevista<\/li>\r\n<\/ul>\r\n<strong>Proceso de tr\u00e1mite express con un experto:<\/strong>\r\n<p class=\"justify-text\">Una vez contratado el servicio usted descargar\u00e1 un cuestionario que deber\u00e1 llenar con su informaci\u00f3n personal siguiendo las indicaciones proporcionadas en dicho documento. El tiempo aproximado que esto le tomar\u00e1 es de 20 a 30 minutos. Aseg\u00farese de contestar todas las preguntas y no dejar espacios en blanco, ya que de esto depende la rapidez de su proceso.<\/p>\r\n&nbsp;\r\n<p class=\"justify-text\">Cuando nos haga llegar su cuestionario, un agente especializado es asignado a su solicitud para hacerse cargo de su petici\u00f3n (y de su familia, en caso de as\u00ed requerirlo). La agilidad con la que su gesti\u00f3n ser\u00e1 realizada depende de su documentaci\u00f3n, el territorio donde usted est\u00e9 llevando a cabo su tr\u00e1mite y la rapidez con la que el cliente proporcione la informaci\u00f3n requerida y\/o aclare dudas e inquietudes que puedan surgir. Es muy importante que en el momento en que usted decida iniciar su tr\u00e1mite est\u00e9 pendiente de su correo electr\u00f3nico para resolver cualquier inconveniente.<\/p>\r\n<p class=\"justify-text\">Una vez que su agente haya gestionado correctamente su Formulario DS-160 y corroborado su \u201cApplication ID\u201d, este proceder\u00e1 con el cuestionario CAS, SIV o tramite VAC y tr\u00e1mite para pago MRV, el cual le ser\u00e1 enviado para que efect\u00fae este abono directamente al gobierno de los Estados Unidos mediante su banco local.<\/p>\r\n<p class=\"justify-text\">Despu\u00e9s de efectuar su pago MRV deber\u00e1 informar inmediatamente a su agente en cargo e indicar si desea que le sea asignada la cita m\u00e1s pr\u00f3xima o si prefiere que le sean indicadas fechas disponibles para programar su cita CAS y\/o consular en caso de ser necesario. El tiempo estimado que puede tomar en ser registrado su pago es de 24 a 48 horas y depende completamente de su banco local y el territorio donde est\u00e1 efectuando su gesti\u00f3n.<\/p>\r\n<p class=\"justify-text\">Si usted recibe un correo indicando que su pago ha sido registrado deber\u00e1 indicarlo o reenviarlo a su agente, no intente cambiar contrase\u00f1as para acceder a su cuenta CAS, SIV o VAC ya que esto \u00fanicamente retardar\u00e1 su tr\u00e1mite.<\/p>\r\n<p class=\"justify-text\">Al finalizar el proceso, su agente le preparar\u00e1 un documento de acuerdo a su caso particular donde le indicar\u00e1 las mejores pr\u00e1cticas y sugerencias que usted podr\u00e1 implementar durante su cita CAS y\/o entrevista en el consulado o embajada americana.<\/p>","protected":false},"excerpt":{"rendered":"1. Introduzca sus datos T\u00edtulo * Sr. Sra. Srta. Nombre * Apellido paterno * Apellido materno * E-mail * Tel. movil * Pa\u00eds * Argentina Bolivia Colombia Republica Dominicana Ecuador El Salvador Guatemala Honduras Mexico Nicaragua Panama Paraguay Peru Uruguay<span class=\"ellipsis\">&hellip;<\/span><div class=\"read-more\"><a href=\"https:\/\/www.ideaymedia.com.mx\/visa\/tramite-expres\/\">Read more &#8250;<\/a><\/div><!-- end of .read-more -->","protected":false},"author":3,"featured_media":0,"parent":0,"menu_order":30,"comment_status":"closed","ping_status":"closed","template":"template-single-nosidebar-minimal.php","meta":{"footnotes":""},"class_list":["post-1732","page","type-page","status-publish","hentry"],"yoast_head":"<!-- This site is optimized with the Yoast SEO plugin v26.5 - https:\/\/yoast.com\/wordpress\/plugins\/seo\/ -->\n<title>Tr\u00e1mite expr\u00e9s para la Visa Americana - Visa Estados Unidos<\/title>\n<meta name=\"description\" content=\"Tr\u00e1mite la Visa Americana en 24 horas con la ayuda de un agente especializado. Para mas informaci\u00f3n haga clic aqu\u00ed.\" \/>\n<meta name=\"robots\" content=\"index, follow, max-snippet:-1, max-image-preview:large, max-video-preview:-1\" \/>\n<link rel=\"canonical\" href=\"https:\/\/www.ideaymedia.com.mx\/visa\/tramite-expres\/\" \/>\n<meta property=\"og:locale\" content=\"en_US\" \/>\n<meta property=\"og:type\" content=\"article\" \/>\n<meta property=\"og:title\" content=\"Tr\u00e1mite expr\u00e9s para la Visa Americana - Visa Estados Unidos\" \/>\n<meta property=\"og:description\" content=\"Tr\u00e1mite la Visa Americana en 24 horas con la ayuda de un agente especializado. Para mas informaci\u00f3n haga clic aqu\u00ed.\" \/>\n<meta property=\"og:url\" content=\"https:\/\/www.ideaymedia.com.mx\/visa\/tramite-expres\/\" \/>\n<meta property=\"og:site_name\" content=\"Visa Americana Asesoramiento Migratorio\" \/>\n<meta property=\"article:modified_time\" content=\"2023-08-11T16:47:13+00:00\" \/>\n<meta name=\"twitter:label1\" content=\"Est. reading time\" \/>\n\t<meta name=\"twitter:data1\" content=\"4 minutes\" \/>\n<script type=\"application\/ld+json\" class=\"yoast-schema-graph\">{\"@context\":\"https:\/\/schema.org\",\"@graph\":[{\"@type\":\"WebPage\",\"@id\":\"https:\/\/www.ideaymedia.com.mx\/visa\/tramite-expres\/\",\"url\":\"https:\/\/www.ideaymedia.com.mx\/visa\/tramite-expres\/\",\"name\":\"Tr\u00e1mite expr\u00e9s para la Visa Americana - Visa Estados Unidos\",\"isPartOf\":{\"@id\":\"https:\/\/www.ideaymedia.com.mx\/visa\/#website\"},\"datePublished\":\"2015-02-05T21:09:15+00:00\",\"dateModified\":\"2023-08-11T16:47:13+00:00\",\"description\":\"Tr\u00e1mite la Visa Americana en 24 horas con la ayuda de un agente especializado. Para mas informaci\u00f3n haga clic aqu\u00ed.\",\"breadcrumb\":{\"@id\":\"https:\/\/www.ideaymedia.com.mx\/visa\/tramite-expres\/#breadcrumb\"},\"inLanguage\":\"en-US\",\"potentialAction\":[{\"@type\":\"ReadAction\",\"target\":[\"https:\/\/www.ideaymedia.com.mx\/visa\/tramite-expres\/\"]}]},{\"@type\":\"BreadcrumbList\",\"@id\":\"https:\/\/www.ideaymedia.com.mx\/visa\/tramite-expres\/#breadcrumb\",\"itemListElement\":[{\"@type\":\"ListItem\",\"position\":1,\"name\":\"Home\",\"item\":\"https:\/\/www.ideaymedia.com.mx\/visa\/requisitos-para-tramitar-visa-a-eu\/\"},{\"@type\":\"ListItem\",\"position\":2,\"name\":\"Tramite Express con un Experto\"}]},{\"@type\":\"WebSite\",\"@id\":\"https:\/\/www.ideaymedia.com.mx\/visa\/#website\",\"url\":\"https:\/\/www.ideaymedia.com.mx\/visa\/\",\"name\":\"Visa Americana Asesoramiento Migratorio\",\"description\":\"Visa Americana Asesoramiento Migratorio\",\"publisher\":{\"@id\":\"https:\/\/www.ideaymedia.com.mx\/visa\/#organization\"},\"potentialAction\":[{\"@type\":\"SearchAction\",\"target\":{\"@type\":\"EntryPoint\",\"urlTemplate\":\"https:\/\/www.ideaymedia.com.mx\/visa\/?s={search_term_string}\"},\"query-input\":{\"@type\":\"PropertyValueSpecification\",\"valueRequired\":true,\"valueName\":\"search_term_string\"}}],\"inLanguage\":\"en-US\"},{\"@type\":\"Organization\",\"@id\":\"https:\/\/www.ideaymedia.com.mx\/visa\/#organization\",\"name\":\"Visa Americana\",\"url\":\"https:\/\/www.ideaymedia.com.mx\/visa\/\",\"logo\":{\"@type\":\"ImageObject\",\"inLanguage\":\"en-US\",\"@id\":\"https:\/\/www.ideaymedia.com.mx\/visa\/#\/schema\/logo\/image\/\",\"url\":\"https:\/\/www.ideaymedia.com.mx\/visa\/wp-content\/uploads\/2015\/02\/Escudo-Visa-Americana.gif\",\"contentUrl\":\"https:\/\/www.ideaymedia.com.mx\/visa\/wp-content\/uploads\/2015\/02\/Escudo-Visa-Americana.gif\",\"width\":165,\"height\":165,\"caption\":\"Visa Americana\"},\"image\":{\"@id\":\"https:\/\/www.ideaymedia.com.mx\/visa\/#\/schema\/logo\/image\/\"}}]}<\/script>\n<!-- \/ Yoast SEO plugin. -->","yoast_head_json":{"title":"Tr\u00e1mite expr\u00e9s para la Visa Americana - Visa Estados Unidos","description":"Tr\u00e1mite la Visa Americana en 24 horas con la ayuda de un agente especializado. Para mas informaci\u00f3n haga clic aqu\u00ed.","robots":{"index":"index","follow":"follow","max-snippet":"max-snippet:-1","max-image-preview":"max-image-preview:large","max-video-preview":"max-video-preview:-1"},"canonical":"https:\/\/www.ideaymedia.com.mx\/visa\/tramite-expres\/","og_locale":"en_US","og_type":"article","og_title":"Tr\u00e1mite expr\u00e9s para la Visa Americana - Visa Estados Unidos","og_description":"Tr\u00e1mite la Visa Americana en 24 horas con la ayuda de un agente especializado. Para mas informaci\u00f3n haga clic aqu\u00ed.","og_url":"https:\/\/www.ideaymedia.com.mx\/visa\/tramite-expres\/","og_site_name":"Visa Americana Asesoramiento Migratorio","article_modified_time":"2023-08-11T16:47:13+00:00","twitter_misc":{"Est. reading time":"4 minutes"},"schema":{"@context":"https:\/\/schema.org","@graph":[{"@type":"WebPage","@id":"https:\/\/www.ideaymedia.com.mx\/visa\/tramite-expres\/","url":"https:\/\/www.ideaymedia.com.mx\/visa\/tramite-expres\/","name":"Tr\u00e1mite expr\u00e9s para la Visa Americana - Visa Estados Unidos","isPartOf":{"@id":"https:\/\/www.ideaymedia.com.mx\/visa\/#website"},"datePublished":"2015-02-05T21:09:15+00:00","dateModified":"2023-08-11T16:47:13+00:00","description":"Tr\u00e1mite la Visa Americana en 24 horas con la ayuda de un agente especializado. Para mas informaci\u00f3n haga clic aqu\u00ed.","breadcrumb":{"@id":"https:\/\/www.ideaymedia.com.mx\/visa\/tramite-expres\/#breadcrumb"},"inLanguage":"en-US","potentialAction":[{"@type":"ReadAction","target":["https:\/\/www.ideaymedia.com.mx\/visa\/tramite-expres\/"]}]},{"@type":"BreadcrumbList","@id":"https:\/\/www.ideaymedia.com.mx\/visa\/tramite-expres\/#breadcrumb","itemListElement":[{"@type":"ListItem","position":1,"name":"Home","item":"https:\/\/www.ideaymedia.com.mx\/visa\/requisitos-para-tramitar-visa-a-eu\/"},{"@type":"ListItem","position":2,"name":"Tramite Express con un Experto"}]},{"@type":"WebSite","@id":"https:\/\/www.ideaymedia.com.mx\/visa\/#website","url":"https:\/\/www.ideaymedia.com.mx\/visa\/","name":"Visa Americana Asesoramiento Migratorio","description":"Visa Americana Asesoramiento Migratorio","publisher":{"@id":"https:\/\/www.ideaymedia.com.mx\/visa\/#organization"},"potentialAction":[{"@type":"SearchAction","target":{"@type":"EntryPoint","urlTemplate":"https:\/\/www.ideaymedia.com.mx\/visa\/?s={search_term_string}"},"query-input":{"@type":"PropertyValueSpecification","valueRequired":true,"valueName":"search_term_string"}}],"inLanguage":"en-US"},{"@type":"Organization","@id":"https:\/\/www.ideaymedia.com.mx\/visa\/#organization","name":"Visa Americana","url":"https:\/\/www.ideaymedia.com.mx\/visa\/","logo":{"@type":"ImageObject","inLanguage":"en-US","@id":"https:\/\/www.ideaymedia.com.mx\/visa\/#\/schema\/logo\/image\/","url":"https:\/\/www.ideaymedia.com.mx\/visa\/wp-content\/uploads\/2015\/02\/Escudo-Visa-Americana.gif","contentUrl":"https:\/\/www.ideaymedia.com.mx\/visa\/wp-content\/uploads\/2015\/02\/Escudo-Visa-Americana.gif","width":165,"height":165,"caption":"Visa Americana"},"image":{"@id":"https:\/\/www.ideaymedia.com.mx\/visa\/#\/schema\/logo\/image\/"}}]}},"_links":{"self":[{"href":"https:\/\/www.ideaymedia.com.mx\/visa\/wp-json\/wp\/v2\/pages\/1732","targetHints":{"allow":["GET"]}}],"collection":[{"href":"https:\/\/www.ideaymedia.com.mx\/visa\/wp-json\/wp\/v2\/pages"}],"about":[{"href":"https:\/\/www.ideaymedia.com.mx\/visa\/wp-json\/wp\/v2\/types\/page"}],"author":[{"embeddable":true,"href":"https:\/\/www.ideaymedia.com.mx\/visa\/wp-json\/wp\/v2\/users\/3"}],"replies":[{"embeddable":true,"href":"https:\/\/www.ideaymedia.com.mx\/visa\/wp-json\/wp\/v2\/comments?post=1732"}],"version-history":[{"count":1,"href":"https:\/\/www.ideaymedia.com.mx\/visa\/wp-json\/wp\/v2\/pages\/1732\/revisions"}],"predecessor-version":[{"id":4890,"href":"https:\/\/www.ideaymedia.com.mx\/visa\/wp-json\/wp\/v2\/pages\/1732\/revisions\/4890"}],"wp:attachment":[{"href":"https:\/\/www.ideaymedia.com.mx\/visa\/wp-json\/wp\/v2\/media?parent=1732"}],"curies":[{"name":"wp","href":"https:\/\/api.w.org\/{rel}","templated":true}]}}