{"id":1654,"date":"2015-01-31T15:57:19","date_gmt":"2015-01-31T21:57:19","guid":{"rendered":"https:\/\/visa-americana.com\/?page_id=1654"},"modified":"2018-06-13T20:21:59","modified_gmt":"2018-06-14T01:21:59","slug":"quienes-somos","status":"publish","type":"page","link":"https:\/\/www.ideaymedia.com.mx\/visa\/quienes-somos\/","title":{"rendered":"Quienes somos"},"content":{"rendered":"<h1 class= \"blue\">Acerca de Visa Americana<\/h1>\r\n<p class=\"justify-text\">Visa Americana se form&oacute; en el a&ntilde;o 2013 con el objetivo de brindar la mejor&nbsp;oportunidad a los ciudadanos de Am&eacute;rica Latina de alcanzar su objetivo de viajar a los Estados Unidos con un servicio de calidad y al alcance de sus manos.<\/p>\r\n<p class=\"justify-text\">Nuestros servicios son de orientaci&oacute;n y traducci&oacute;n del complejo y confuso proceso para la gesti&oacute;n de la <a href=\"https:\/\/www.ideaymedia.com.mx\/visa\/tramite-visa-americana\/\">Visa Americana B1\/B2<\/a> (turista o negocios), que parcialmente se lleva a cabo en ingl&eacute;s ante la embajada y el gobierno de los Estados Unidos.<\/p>\r\n<p class=\"justify-text\">El proceso para la solicitud y\/o renovaci&oacute;n de la Visa Americana constantemente es modificado y actualizado por el gobierno norte americano, debido a la enorme cantidad de aplicaciones que reciben diariamente. Nuestros servicios y productos son los &uacute;nicos en el mercado que le mantiene al tanto de estos cambios en tiempo real y durante su proceso de gesti&oacute;n, actualizando las herramientas que deber&aacute; utilizar para efectuar correctamente este importante tr&aacute;mite.<\/p>\r\n<p class=\"justify-text\">&iquest;Alguna vez usted se ha preguntado porque algunas personas obtienen la visa y otras no? La principal raz&oacute;n por la cual una visa es negada, es debido a la manera en que el solicitante gestiona su aplicaci&oacute;n.<\/p>\r\n<p class=\"justify-text\">En estos tiempos, esto es m&aacute;s ver&iacute;dico que nunca debido a la enorme cantidad de personas que a nivel mundial gestionan la Visa Americana. Para poder atender todas las solicitudes, el gobierno de los Estados Unidos implementa tecnolog&iacute;as de vanguardia que revisan a detalle cada petici&oacute;n basados en la informaci&oacute;n que el solicitante presenta y la forma en que realiza dicha gesti&oacute;n. El sistema tiene la capacidad&nbsp;de determinar por si solo si el solicitante es elegible para obtener una visa En la actualidad&nbsp;se estima que 2 de 3 solicitudes negadas fueron descartadas por este sistema&nbsp;antes de que estas lleguen a las manos de un agente consular.<\/p>\r\n<p class=\"justify-text\">Dependiendo de su regi&oacute;n o territorio, la mayor&iacute;a de los solicitantes de Visa Americana deber&aacute;n acudir a los Centros de Atenci&oacute;n a Solicitantes, tambi&eacute;n conocidos como CAS, para una &#8220;pre entrevista&#8221; y toma de datos biom&eacute;tricos (huellas dactilares o digitales y fotograf&iacute;a). Esto es de suma importancia y ayuda a determinar si el solicitante acudir&aacute; a una segunda entrevista en la embajada o consulado americano de su dependencia.<\/p>\r\n<p class=\"justify-text\">&iquest;Qu&eacute; significado tiene todo esto para usted y como le ayudamos?<\/p>\r\n<p class=\"justify-text\">Hoy en dia&nbsp;se debe estar muy bien preparados para lograr gestionar con &eacute;xito una Visa Americana. Es necesario conocer a fondo el proceso para comprenderlo y poder as&iacute; efectuar correctamente este tr&aacute;mite.<\/p>\r\n<p class=\"justify-text\">En Visa Americana le ayudamos en cada paso de este proceso.<\/p>\r\n<p class=\"justify-text\">Al adquirir el programa <a href=\"https:\/\/www.ideaymedia.com.mx\/visa\/tramite-visa-americana\/\">Visa Americana en Espa&ntilde;ol, <\/a>usted tendr&aacute; acceso a una amplia gama de herramientas, as&iacute; como el &#8220;Formulario DS-160 en Espa&ntilde;ol&#8221;, el cuestionario CAS o CGI (seg&uacute;n corresponda por el pa&iacute;s donde se encuentra), y mucho m&aacute;s.<\/p>\r\n<p class=\"justify-text\">Cada uno de los pasos necesarios para gestionar por primera ocasi&oacute;n o renovar correctamente la Visa Americana forman parte del programa &#8220;Visa Americana B1\/B2 en Espa&ntilde;ol&#8221;. Si&nbsp;usted se encuentra con alg&uacute;n inconveniente al momento de realizar su tr&aacute;mite uno de nuestros agentes estar&aacute; a su servicio para aclarar sus dudas.<\/p>\r\n<p class=\"justify-text\">En el caso de que usted no tenga el tiempo, o no se sienta completamente seguro de realizar el tr&aacute;mite por su propia cuenta, Visa Americana le ofrece el servicio de <a href=\"https:\/\/www.ideaymedia.com.mx\/visa\/tramite-con-un-experto\/\">&#8220;Tramite con un Experto&#8221;. <\/a>Qu&eacute;dese tranquilo con esta c&oacute;moda opci&oacute;n que le permite relajarse mientras uno de nuestros agentes especializados efect&uacute;a todo el trabajo pesado por usted. Para m&aacute;s informaci&oacute;n con respecto a esta opci&oacute;n, haga <a href=\"https:\/\/www.ideaymedia.com.mx\/visa\/tramite-con-un-experto\/\">clic aqu&iacute;.<\/a><\/p>\r\n<p class=\"justify-text\">Si tiene alguna duda o comentario con respecto a este y\/o alg&uacute;n otro servicio de Visa Americana, puede comunicarse con nosotros por medio de nuestra forma de contacto haciendo clic <a href=\"https:\/\/www.ideaymedia.com.mx\/visa\/contacto\/\">aqu&iacute; <\/a>o envi&aacute;ndonos su comunicado a la siguiente direcci&oacute;n:<\/p>\r\n\r\n<p class=\"justify-text\">Visa Americana LLC<br>\r\n1712 Pioneer Ave. Suite 135<br>\r\nCheyenne WY 82001 USA<\/p>\r\n\r\n<p><strong>Tel:<\/strong><br>\r\n+1 (855) 208 6778<br>\r\n+1 (307) 202 8288<\/p>\r\n\r\n<p><strong>Fax:<\/strong><br>\r\n+1 (307) 316 8930<\/p>\r\n\r\n<p><strong>Horarios de atenci\u00f3n:<\/strong><br>\r\nLunes &#8211; Viernes de 9am a 5pm.<\/p>","protected":false},"excerpt":{"rendered":"Acerca de Visa Americana Visa Americana se form&oacute; en el a&ntilde;o 2013 con el objetivo de brindar la mejor&nbsp;oportunidad a los ciudadanos de Am&eacute;rica Latina de alcanzar su objetivo de viajar a los Estados Unidos con un servicio de calidad<span class=\"ellipsis\">&hellip;<\/span><div class=\"read-more\"><a href=\"https:\/\/www.ideaymedia.com.mx\/visa\/quienes-somos\/\">Read more &#8250;<\/a><\/div><!-- end of .read-more -->","protected":false},"author":3,"featured_media":0,"parent":0,"menu_order":142,"comment_status":"closed","ping_status":"closed","template":"template-single-nosidebar-minimal.php","meta":{"footnotes":""},"class_list":["post-1654","page","type-page","status-publish","hentry"],"yoast_head":"<!-- This site is optimized with the Yoast SEO plugin v26.5 - https:\/\/yoast.com\/wordpress\/plugins\/seo\/ -->\n<title>Quienes somos - Visa Americana Asesoramiento Migratorio<\/title>\n<meta name=\"description\" content=\"Visa Americana se form\u00f3 el a\u00f1o 2013 con el objetivo de brindar una oportunidad a toda Am\u00e9rica Latina de alcanzar su objetivo de viajar a los Estados Unidos.\" \/>\n<meta name=\"robots\" content=\"index, follow, max-snippet:-1, max-image-preview:large, max-video-preview:-1\" \/>\n<link rel=\"canonical\" href=\"https:\/\/www.ideaymedia.com.mx\/visa\/quienes-somos\/\" \/>\n<meta property=\"og:locale\" content=\"en_US\" \/>\n<meta property=\"og:type\" content=\"article\" \/>\n<meta property=\"og:title\" content=\"Quienes somos - Visa Americana Asesoramiento Migratorio\" \/>\n<meta property=\"og:description\" content=\"Visa Americana se form\u00f3 el a\u00f1o 2013 con el objetivo de brindar una oportunidad a toda Am\u00e9rica Latina de alcanzar su objetivo de viajar a los Estados Unidos.\" \/>\n<meta property=\"og:url\" content=\"https:\/\/www.ideaymedia.com.mx\/visa\/quienes-somos\/\" \/>\n<meta property=\"og:site_name\" content=\"Visa Americana Asesoramiento Migratorio\" \/>\n<meta property=\"article:modified_time\" content=\"2018-06-14T01:21:59+00:00\" \/>\n<meta name=\"twitter:label1\" content=\"Est. reading time\" \/>\n\t<meta name=\"twitter:data1\" content=\"4 minutes\" \/>\n<script type=\"application\/ld+json\" class=\"yoast-schema-graph\">{\"@context\":\"https:\/\/schema.org\",\"@graph\":[{\"@type\":\"WebPage\",\"@id\":\"https:\/\/www.ideaymedia.com.mx\/visa\/quienes-somos\/\",\"url\":\"https:\/\/www.ideaymedia.com.mx\/visa\/quienes-somos\/\",\"name\":\"Quienes somos - Visa Americana Asesoramiento Migratorio\",\"isPartOf\":{\"@id\":\"https:\/\/www.ideaymedia.com.mx\/visa\/#website\"},\"datePublished\":\"2015-01-31T21:57:19+00:00\",\"dateModified\":\"2018-06-14T01:21:59+00:00\",\"description\":\"Visa Americana se form\u00f3 el a\u00f1o 2013 con el objetivo de brindar una oportunidad a toda Am\u00e9rica Latina de alcanzar su objetivo de viajar a los Estados Unidos.\",\"breadcrumb\":{\"@id\":\"https:\/\/www.ideaymedia.com.mx\/visa\/quienes-somos\/#breadcrumb\"},\"inLanguage\":\"en-US\",\"potentialAction\":[{\"@type\":\"ReadAction\",\"target\":[\"https:\/\/www.ideaymedia.com.mx\/visa\/quienes-somos\/\"]}]},{\"@type\":\"BreadcrumbList\",\"@id\":\"https:\/\/www.ideaymedia.com.mx\/visa\/quienes-somos\/#breadcrumb\",\"itemListElement\":[{\"@type\":\"ListItem\",\"position\":1,\"name\":\"Home\",\"item\":\"https:\/\/www.ideaymedia.com.mx\/visa\/requisitos-para-tramitar-visa-a-eu\/\"},{\"@type\":\"ListItem\",\"position\":2,\"name\":\"Quienes somos\"}]},{\"@type\":\"WebSite\",\"@id\":\"https:\/\/www.ideaymedia.com.mx\/visa\/#website\",\"url\":\"https:\/\/www.ideaymedia.com.mx\/visa\/\",\"name\":\"Visa Americana Asesoramiento Migratorio\",\"description\":\"Visa Americana Asesoramiento Migratorio\",\"publisher\":{\"@id\":\"https:\/\/www.ideaymedia.com.mx\/visa\/#organization\"},\"potentialAction\":[{\"@type\":\"SearchAction\",\"target\":{\"@type\":\"EntryPoint\",\"urlTemplate\":\"https:\/\/www.ideaymedia.com.mx\/visa\/?s={search_term_string}\"},\"query-input\":{\"@type\":\"PropertyValueSpecification\",\"valueRequired\":true,\"valueName\":\"search_term_string\"}}],\"inLanguage\":\"en-US\"},{\"@type\":\"Organization\",\"@id\":\"https:\/\/www.ideaymedia.com.mx\/visa\/#organization\",\"name\":\"Visa Americana\",\"url\":\"https:\/\/www.ideaymedia.com.mx\/visa\/\",\"logo\":{\"@type\":\"ImageObject\",\"inLanguage\":\"en-US\",\"@id\":\"https:\/\/www.ideaymedia.com.mx\/visa\/#\/schema\/logo\/image\/\",\"url\":\"https:\/\/www.ideaymedia.com.mx\/visa\/wp-content\/uploads\/2015\/02\/Escudo-Visa-Americana.gif\",\"contentUrl\":\"https:\/\/www.ideaymedia.com.mx\/visa\/wp-content\/uploads\/2015\/02\/Escudo-Visa-Americana.gif\",\"width\":165,\"height\":165,\"caption\":\"Visa Americana\"},\"image\":{\"@id\":\"https:\/\/www.ideaymedia.com.mx\/visa\/#\/schema\/logo\/image\/\"}}]}<\/script>\n<!-- \/ Yoast SEO plugin. -->","yoast_head_json":{"title":"Quienes somos - Visa Americana Asesoramiento Migratorio","description":"Visa Americana se form\u00f3 el a\u00f1o 2013 con el objetivo de brindar una oportunidad a toda Am\u00e9rica Latina de alcanzar su objetivo de viajar a los Estados Unidos.","robots":{"index":"index","follow":"follow","max-snippet":"max-snippet:-1","max-image-preview":"max-image-preview:large","max-video-preview":"max-video-preview:-1"},"canonical":"https:\/\/www.ideaymedia.com.mx\/visa\/quienes-somos\/","og_locale":"en_US","og_type":"article","og_title":"Quienes somos - Visa Americana Asesoramiento Migratorio","og_description":"Visa Americana se form\u00f3 el a\u00f1o 2013 con el objetivo de brindar una oportunidad a toda Am\u00e9rica Latina de alcanzar su objetivo de viajar a los Estados Unidos.","og_url":"https:\/\/www.ideaymedia.com.mx\/visa\/quienes-somos\/","og_site_name":"Visa Americana Asesoramiento Migratorio","article_modified_time":"2018-06-14T01:21:59+00:00","twitter_misc":{"Est. reading time":"4 minutes"},"schema":{"@context":"https:\/\/schema.org","@graph":[{"@type":"WebPage","@id":"https:\/\/www.ideaymedia.com.mx\/visa\/quienes-somos\/","url":"https:\/\/www.ideaymedia.com.mx\/visa\/quienes-somos\/","name":"Quienes somos - Visa Americana Asesoramiento Migratorio","isPartOf":{"@id":"https:\/\/www.ideaymedia.com.mx\/visa\/#website"},"datePublished":"2015-01-31T21:57:19+00:00","dateModified":"2018-06-14T01:21:59+00:00","description":"Visa Americana se form\u00f3 el a\u00f1o 2013 con el objetivo de brindar una oportunidad a toda Am\u00e9rica Latina de alcanzar su objetivo de viajar a los Estados Unidos.","breadcrumb":{"@id":"https:\/\/www.ideaymedia.com.mx\/visa\/quienes-somos\/#breadcrumb"},"inLanguage":"en-US","potentialAction":[{"@type":"ReadAction","target":["https:\/\/www.ideaymedia.com.mx\/visa\/quienes-somos\/"]}]},{"@type":"BreadcrumbList","@id":"https:\/\/www.ideaymedia.com.mx\/visa\/quienes-somos\/#breadcrumb","itemListElement":[{"@type":"ListItem","position":1,"name":"Home","item":"https:\/\/www.ideaymedia.com.mx\/visa\/requisitos-para-tramitar-visa-a-eu\/"},{"@type":"ListItem","position":2,"name":"Quienes somos"}]},{"@type":"WebSite","@id":"https:\/\/www.ideaymedia.com.mx\/visa\/#website","url":"https:\/\/www.ideaymedia.com.mx\/visa\/","name":"Visa Americana Asesoramiento Migratorio","description":"Visa Americana Asesoramiento Migratorio","publisher":{"@id":"https:\/\/www.ideaymedia.com.mx\/visa\/#organization"},"potentialAction":[{"@type":"SearchAction","target":{"@type":"EntryPoint","urlTemplate":"https:\/\/www.ideaymedia.com.mx\/visa\/?s={search_term_string}"},"query-input":{"@type":"PropertyValueSpecification","valueRequired":true,"valueName":"search_term_string"}}],"inLanguage":"en-US"},{"@type":"Organization","@id":"https:\/\/www.ideaymedia.com.mx\/visa\/#organization","name":"Visa Americana","url":"https:\/\/www.ideaymedia.com.mx\/visa\/","logo":{"@type":"ImageObject","inLanguage":"en-US","@id":"https:\/\/www.ideaymedia.com.mx\/visa\/#\/schema\/logo\/image\/","url":"https:\/\/www.ideaymedia.com.mx\/visa\/wp-content\/uploads\/2015\/02\/Escudo-Visa-Americana.gif","contentUrl":"https:\/\/www.ideaymedia.com.mx\/visa\/wp-content\/uploads\/2015\/02\/Escudo-Visa-Americana.gif","width":165,"height":165,"caption":"Visa Americana"},"image":{"@id":"https:\/\/www.ideaymedia.com.mx\/visa\/#\/schema\/logo\/image\/"}}]}},"_links":{"self":[{"href":"https:\/\/www.ideaymedia.com.mx\/visa\/wp-json\/wp\/v2\/pages\/1654","targetHints":{"allow":["GET"]}}],"collection":[{"href":"https:\/\/www.ideaymedia.com.mx\/visa\/wp-json\/wp\/v2\/pages"}],"about":[{"href":"https:\/\/www.ideaymedia.com.mx\/visa\/wp-json\/wp\/v2\/types\/page"}],"author":[{"embeddable":true,"href":"https:\/\/www.ideaymedia.com.mx\/visa\/wp-json\/wp\/v2\/users\/3"}],"replies":[{"embeddable":true,"href":"https:\/\/www.ideaymedia.com.mx\/visa\/wp-json\/wp\/v2\/comments?post=1654"}],"version-history":[{"count":0,"href":"https:\/\/www.ideaymedia.com.mx\/visa\/wp-json\/wp\/v2\/pages\/1654\/revisions"}],"wp:attachment":[{"href":"https:\/\/www.ideaymedia.com.mx\/visa\/wp-json\/wp\/v2\/media?parent=1654"}],"curies":[{"name":"wp","href":"https:\/\/api.w.org\/{rel}","templated":true}]}}