{"id":1639,"date":"2015-01-30T13:42:19","date_gmt":"2015-01-30T19:42:19","guid":{"rendered":"https:\/\/visa-americana.com\/?page_id=1639"},"modified":"2018-06-13T20:18:49","modified_gmt":"2018-06-14T01:18:49","slug":"poliza-de-privacidad","status":"publish","type":"page","link":"https:\/\/www.ideaymedia.com.mx\/visa\/terminos-y-condiciones\/poliza-de-privacidad\/","title":{"rendered":"Poliza de privacidad"},"content":{"rendered":"<h1 class=\"blue\">P\u00f3liza de privacidad<\/h1>\r\n<p class=\"justify-text\">Visa Americana LLC, nuestros socios y afiliados directos respetamos su privacidad y protegemos su informaci\u00f3n personal. No compartimos, vendemos, rentamos o proveemos su informaci\u00f3n personal a entidades terceras que no est\u00e9n directamente afiliadas con Visa Americana LLC.<\/p>\r\n<p class=\"justify-text\">Al visitar este sitio web y\/o al ingresar su informaci\u00f3n personal en cualquiera de las formas de contacto o suscripci\u00f3n que se encuentran en dicho sitio, Visa Americana LLC se reserva el derecho de recopilar su informaci\u00f3n personal e informaci\u00f3n secundaria o de agregado.<\/p>\r\n\r\n<h4 class=\"blue\">Informaci\u00f3n personal<\/h4>\r\n<p class=\"justify-text\">Informaci\u00f3n personal se refiere a cualquier informaci\u00f3n mediante la cual usted pueda ser identificado, as\u00ed como su nombre, direcci\u00f3n, n\u00famero telef\u00f3nico, correo electr\u00f3nico, informaci\u00f3n de tarjeta de cr\u00e9dito, etc.<\/p>\r\n<p class=\"justify-text\">Visa Americana LLC utiliza su informaci\u00f3n para mejorar la atenci\u00f3n al cliente. Dicha informaci\u00f3n nos ayuda a responder de manera m\u00e1s eficaz a sus solicitudes y necesidades. Esta informaci\u00f3n tambi\u00e9n es de suma importancia para que al momento de comprar uno de nuestros productos o contratar uno de nuestros servicios usted reciba la entrega del mismo en forma y tiempo.<\/p>\r\n<p class=\"justify-text\">Visa Americana LLC tambi\u00e9n se reserva el derecho de enviarle peri\u00f3dicamente comunicados a su direcci\u00f3n de correo electr\u00f3nico con los fines de responder a alguna encuesta en nuestro sitio web, respuesta a alguna solicitud, informaci\u00f3n o actualizaci\u00f3n de alg\u00fan servicio o producto, mercadotecnia u otros.<\/p>\r\n<p class=\"justify-text\">Depende completamente de usted el que proporcione o no dicha informaci\u00f3n. Usted no est\u00e1 obligado a responder ninguna pregunta que se le presente. Al mismo tiempo, haga notar que si usted elije no proporcionar dicha informaci\u00f3n, es posible que no pueda acceder a ciertos contenidos, productos, servicios u ofertas que se encuentran disponibles en este sitio web.<\/p>\r\n<p class=\"justify-text\">En caso de que usted ya no desee recibir comunicados por parte de Visa Americana LLC y\/o visa-americana.com, deber\u00e1 notificar a Visa Americana LLC y\/o visa-americana.com a trav\u00e9s de la <a href=\"https:\/\/www.ideaymedia.com.mx\/visa\/contacto\/\">forma de contacto<\/a> disponible en el sitio web o simplemente haciendo clic en el v\u00ednculo: \u201cUnsubscribe\u201d que se encuentra al pie de todos los comunicados y\/o correos electr\u00f3nicos enviados por Visa Americana LLC y\/o visa-americana.com.<\/p>\r\n\r\n<h4 class=\"blue\">Informaci\u00f3n secundaria o de agregado<\/h4>\r\n<p class=\"justify-text\">Informaci\u00f3n secundaria o de agregado refiere a los datos an\u00f3nimos como direcci\u00f3n de IP, tipo de navegador (p.ej. \u201cExplorer, Chrome, Safari, etc.\u201d), estad\u00edsticas del usuario (p.ej., el territorio donde reside), etc.<\/p>\r\n<p class=\"justify-text\">Visa Americana LLC tambi\u00e9n se reserva el derecho de utilizar su informaci\u00f3n secundaria o de agregado para recabar datos con respecto a frecuencia, volumen de visita y de uso, informaci\u00f3n demogr\u00e1fica, patrones de b\u00fasqueda, etc. as\u00ed como diagnosticar problemas t\u00e9cnicos, optimizar y administrar el sitio web con el fin de mejorar el servicio y la calidad de su experiencia en l\u00ednea.<\/p>\r\n\r\n<h4 class=\"blue\">Cookies<\/h4>\r\n<p class=\"justify-text\">Visa Americana LLC se reserva el derecho de utilizar \u201ccookies de seguimiento\u201d para recabar y guardar algunos de sus datos y preferencias para futuras visitas al sitio web.<\/p>\r\n<p class=\"justify-text\">Las cookies de Internet o cookies de seguimiento, son peque\u00f1os archivos de texto que son colocadas en su computadora cuando visita ciertos sitios web, estos cookies contiene informaci\u00f3n sobre usted y sus preferencias de navegaci\u00f3n que su explorador de internet guarda para cuando usted regrese a dicho sitio. Algunos motores de b\u00fasqueda utilizan estos \u201ccookies\u201d para desplegar anuncios en sus sitios. Usted pueden optar por excluirse del uso de los cookies al momento de visitar un sitio web por primera ocasi\u00f3n o visitando la p\u00f3liza de privacidad de red de contenido y\/o ajustes de su navegador.<\/p>\r\n\r\n<h4 class=\"blue\">Resguardo de informaci\u00f3n<\/h4>\r\n<p class=\"justify-text\">Visa Americana LLC, su sitio web (visa-americana.com), sus socios y afiliados implementan las medidas de seguridad m\u00e1s altas y actualizadas del mercado. Cuando usted env\u00eda o recibe informaci\u00f3n o comunicados electr\u00f3nicos, estos son procesados por medios que cumplen con los est\u00e1ndares m\u00e1s altos de la industria, sin embargo, no es posible garantizar al 100% el env\u00edo y\/o almacenamiento de informaci\u00f3n por Internet, por lo que usted asume esta responsabilidad bajo su propio riesgo.<\/p>\r\n<p class=\"justify-text\">No compartimos, vendemos, comercializamos, rentamos o proveemos su informaci\u00f3n personal a entidades terceras que no est\u00e9n directamente afiliadas con Visa Americana LLC.<\/p>\r\n<p class=\"justify-text\">Visa Americana LLC se reserva el derecho de proveer su informaci\u00f3n personal y\/o secundaria a sus socios o afiliados directos, siempre y cuando estos cumplan con los mismos est\u00e1ndares de seguridad y protecci\u00f3n de la informaci\u00f3n.<\/p>\r\n<p class=\"justify-text\">Visa Americana LLC se reserva el derecho de transmitir su informaci\u00f3n personal y\/o secundaria como parte de los activos de dicha compa\u00f1\u00eda en el caso de que esta fuese vendida, fusionada u adquirida por alg\u00fan tercero.<\/p>\r\n<p class=\"justify-text\">Visa Americana LLC se reserva el derecho de divulgar su informaci\u00f3n personal y\/o secundaria cuando esta informaci\u00f3n sea necesaria para cumplir con la ley, hacer valer las p\u00f3lizas de su sitio web o proteger sus derechos, propiedades o seguridad.<\/p>\r\n<p class=\"justify-text\">Visa Americana LLC se reserva el derecho de transmitir su informaci\u00f3n secundaria a terceros con fines an\u00e1lisis, mercadotecnia, publicidad u otros.<\/p>\r\n\r\n<h4 class=\"blue\">P\u00f3liza de Privacidad del sitio Web<\/h4>\r\n<p class=\"justify-text\">La p\u00f3liza de privacidad en l\u00ednea aplica \u00fanicamente a informaci\u00f3n recopilada por medio de nuestro sitio web visa-americana.com y no a informaci\u00f3n recopilada fuera del Internet en caso de que esto aplicara.<\/p>\r\n\r\n<h4 class=\"blue\">T\u00e9rminos y Condiciones<\/h4>\r\n<p class=\"justify-text\">Refi\u00e9rase a la secci\u00f3n de t\u00e9rminos y condiciones de nuestro sitio web, haciendo clic <a href=\"https:\/\/www.ideaymedia.com.mx\/visa\/terminos-y-condiciones\/\">aqu\u00ed<\/a>\u00a0o en el siguiente enlace: <a href=\"https:\/\/www.ideaymedia.com.mx\/visa\/terminos-y-condiciones\/\">https:\/\/www.ideaymedia.com.mx\/visa\/terminos-y-condiciones\/<\/a><\/p>\r\n\r\n<h4 class=\"blue\">Consentimiento<\/h4>\r\n<p class=\"justify-text\">Al hacer uso de este sitio web, usted acepta incondicionalmente nuestros <a href=\"https:\/\/www.ideaymedia.com.mx\/visa\/terminos-y-condiciones\/\">t\u00e9rminos y condiciones<\/a> de servicio, p\u00f3liza de privacidad y pol\u00edticas generales.<\/p>\r\n\r\n<h4 class=\"blue\">Comentarios o sugerencias<\/h4>\r\n<p class=\"justify-text\">Si tiene alguna duda o comentario con respecto a alguna de nuestras p\u00f3lizas, p\u00f3ngase en contacto con nuestro departamento de servicio al cliente haciendo <a href=\"https:\/\/ay150.infusionsoft.com\/app\/form\/servicioalcliente\/\">clic aqu\u00ed<\/a> o envi\u00e1ndonos su comunicado a la siguiente direcci\u00f3n:<\/p>\r\n\r\n<p class=\"justify-text\">Visa Americana LLC<br>\r\n1712 Pioneer Ave. Suite 135<br>\r\nCheyenne WY 82001 USA<\/p>\r\n\r\n<p><strong>Tel:<\/strong><br>\r\n+1 (855) 208 6778<br>\r\n+1 (307) 202 8288<\/p>\r\n\r\n<p><strong>Fax:<\/strong><br>\r\n+1 (307) 316 8930<\/p>\r\n\r\n<p><strong>Horarios de atenci\u00f3n:<\/strong><br>\r\nLunes &#8211; Viernes de 9am a 5pm.<\/p>","protected":false},"excerpt":{"rendered":"P\u00f3liza de privacidad Visa Americana LLC, nuestros socios y afiliados directos respetamos su privacidad y protegemos su informaci\u00f3n personal. No compartimos, vendemos, rentamos o proveemos su informaci\u00f3n personal a entidades terceras que no est\u00e9n directamente afiliadas con Visa Americana LLC.<span class=\"ellipsis\">&hellip;<\/span><div class=\"read-more\"><a href=\"https:\/\/www.ideaymedia.com.mx\/visa\/terminos-y-condiciones\/poliza-de-privacidad\/\">Read more &#8250;<\/a><\/div><!-- end of .read-more -->","protected":false},"author":3,"featured_media":0,"parent":106,"menu_order":0,"comment_status":"closed","ping_status":"closed","template":"template-single-nosidebar-minimal.php","meta":{"footnotes":""},"class_list":["post-1639","page","type-page","status-publish","hentry"],"yoast_head":"<!-- This site is optimized with the Yoast SEO plugin v26.5 - https:\/\/yoast.com\/wordpress\/plugins\/seo\/ -->\n<title>Poliza de privacidad - Visa Americana Asesoramiento Migratorio<\/title>\n<meta name=\"description\" content=\"P\u00f3liza de privacidad Visa Americana, nuestros socios y afiliados directos respetamos su privacidad y protegemos su informaci\u00f3n personal.\" \/>\n<meta name=\"robots\" content=\"index, follow, max-snippet:-1, max-image-preview:large, max-video-preview:-1\" \/>\n<link rel=\"canonical\" href=\"https:\/\/www.ideaymedia.com.mx\/visa\/terminos-y-condiciones\/poliza-de-privacidad\/\" \/>\n<meta property=\"og:locale\" content=\"en_US\" \/>\n<meta property=\"og:type\" content=\"article\" \/>\n<meta property=\"og:title\" content=\"Poliza de privacidad - Visa Americana Asesoramiento Migratorio\" \/>\n<meta property=\"og:description\" content=\"P\u00f3liza de privacidad Visa Americana, nuestros socios y afiliados directos respetamos su privacidad y protegemos su informaci\u00f3n personal.\" \/>\n<meta property=\"og:url\" content=\"https:\/\/www.ideaymedia.com.mx\/visa\/terminos-y-condiciones\/poliza-de-privacidad\/\" \/>\n<meta property=\"og:site_name\" content=\"Visa Americana Asesoramiento Migratorio\" \/>\n<meta property=\"article:modified_time\" content=\"2018-06-14T01:18:49+00:00\" \/>\n<meta name=\"twitter:label1\" content=\"Est. reading time\" \/>\n\t<meta name=\"twitter:data1\" content=\"5 minutes\" \/>\n<script type=\"application\/ld+json\" class=\"yoast-schema-graph\">{\"@context\":\"https:\/\/schema.org\",\"@graph\":[{\"@type\":\"WebPage\",\"@id\":\"https:\/\/www.ideaymedia.com.mx\/visa\/terminos-y-condiciones\/poliza-de-privacidad\/\",\"url\":\"https:\/\/www.ideaymedia.com.mx\/visa\/terminos-y-condiciones\/poliza-de-privacidad\/\",\"name\":\"Poliza de privacidad - Visa Americana Asesoramiento Migratorio\",\"isPartOf\":{\"@id\":\"https:\/\/www.ideaymedia.com.mx\/visa\/#website\"},\"datePublished\":\"2015-01-30T19:42:19+00:00\",\"dateModified\":\"2018-06-14T01:18:49+00:00\",\"description\":\"P\u00f3liza de privacidad Visa Americana, nuestros socios y afiliados directos respetamos su privacidad y protegemos su informaci\u00f3n personal.\",\"breadcrumb\":{\"@id\":\"https:\/\/www.ideaymedia.com.mx\/visa\/terminos-y-condiciones\/poliza-de-privacidad\/#breadcrumb\"},\"inLanguage\":\"en-US\",\"potentialAction\":[{\"@type\":\"ReadAction\",\"target\":[\"https:\/\/www.ideaymedia.com.mx\/visa\/terminos-y-condiciones\/poliza-de-privacidad\/\"]}]},{\"@type\":\"BreadcrumbList\",\"@id\":\"https:\/\/www.ideaymedia.com.mx\/visa\/terminos-y-condiciones\/poliza-de-privacidad\/#breadcrumb\",\"itemListElement\":[{\"@type\":\"ListItem\",\"position\":1,\"name\":\"Home\",\"item\":\"https:\/\/www.ideaymedia.com.mx\/visa\/requisitos-para-tramitar-visa-a-eu\/\"},{\"@type\":\"ListItem\",\"position\":2,\"name\":\"T\u00e9rminos, condiciones y pol\u00edticas de devolucion\",\"item\":\"https:\/\/www.ideaymedia.com.mx\/visa\/terminos-y-condiciones\/\"},{\"@type\":\"ListItem\",\"position\":3,\"name\":\"Poliza de privacidad\"}]},{\"@type\":\"WebSite\",\"@id\":\"https:\/\/www.ideaymedia.com.mx\/visa\/#website\",\"url\":\"https:\/\/www.ideaymedia.com.mx\/visa\/\",\"name\":\"Visa Americana Asesoramiento Migratorio\",\"description\":\"Visa Americana Asesoramiento Migratorio\",\"publisher\":{\"@id\":\"https:\/\/www.ideaymedia.com.mx\/visa\/#organization\"},\"potentialAction\":[{\"@type\":\"SearchAction\",\"target\":{\"@type\":\"EntryPoint\",\"urlTemplate\":\"https:\/\/www.ideaymedia.com.mx\/visa\/?s={search_term_string}\"},\"query-input\":{\"@type\":\"PropertyValueSpecification\",\"valueRequired\":true,\"valueName\":\"search_term_string\"}}],\"inLanguage\":\"en-US\"},{\"@type\":\"Organization\",\"@id\":\"https:\/\/www.ideaymedia.com.mx\/visa\/#organization\",\"name\":\"Visa Americana\",\"url\":\"https:\/\/www.ideaymedia.com.mx\/visa\/\",\"logo\":{\"@type\":\"ImageObject\",\"inLanguage\":\"en-US\",\"@id\":\"https:\/\/www.ideaymedia.com.mx\/visa\/#\/schema\/logo\/image\/\",\"url\":\"https:\/\/www.ideaymedia.com.mx\/visa\/wp-content\/uploads\/2015\/02\/Escudo-Visa-Americana.gif\",\"contentUrl\":\"https:\/\/www.ideaymedia.com.mx\/visa\/wp-content\/uploads\/2015\/02\/Escudo-Visa-Americana.gif\",\"width\":165,\"height\":165,\"caption\":\"Visa Americana\"},\"image\":{\"@id\":\"https:\/\/www.ideaymedia.com.mx\/visa\/#\/schema\/logo\/image\/\"}}]}<\/script>\n<!-- \/ Yoast SEO plugin. -->","yoast_head_json":{"title":"Poliza de privacidad - Visa Americana Asesoramiento Migratorio","description":"P\u00f3liza de privacidad Visa Americana, nuestros socios y afiliados directos respetamos su privacidad y protegemos su informaci\u00f3n personal.","robots":{"index":"index","follow":"follow","max-snippet":"max-snippet:-1","max-image-preview":"max-image-preview:large","max-video-preview":"max-video-preview:-1"},"canonical":"https:\/\/www.ideaymedia.com.mx\/visa\/terminos-y-condiciones\/poliza-de-privacidad\/","og_locale":"en_US","og_type":"article","og_title":"Poliza de privacidad - Visa Americana Asesoramiento Migratorio","og_description":"P\u00f3liza de privacidad Visa Americana, nuestros socios y afiliados directos respetamos su privacidad y protegemos su informaci\u00f3n personal.","og_url":"https:\/\/www.ideaymedia.com.mx\/visa\/terminos-y-condiciones\/poliza-de-privacidad\/","og_site_name":"Visa Americana Asesoramiento Migratorio","article_modified_time":"2018-06-14T01:18:49+00:00","twitter_misc":{"Est. reading time":"5 minutes"},"schema":{"@context":"https:\/\/schema.org","@graph":[{"@type":"WebPage","@id":"https:\/\/www.ideaymedia.com.mx\/visa\/terminos-y-condiciones\/poliza-de-privacidad\/","url":"https:\/\/www.ideaymedia.com.mx\/visa\/terminos-y-condiciones\/poliza-de-privacidad\/","name":"Poliza de privacidad - Visa Americana Asesoramiento Migratorio","isPartOf":{"@id":"https:\/\/www.ideaymedia.com.mx\/visa\/#website"},"datePublished":"2015-01-30T19:42:19+00:00","dateModified":"2018-06-14T01:18:49+00:00","description":"P\u00f3liza de privacidad Visa Americana, nuestros socios y afiliados directos respetamos su privacidad y protegemos su informaci\u00f3n personal.","breadcrumb":{"@id":"https:\/\/www.ideaymedia.com.mx\/visa\/terminos-y-condiciones\/poliza-de-privacidad\/#breadcrumb"},"inLanguage":"en-US","potentialAction":[{"@type":"ReadAction","target":["https:\/\/www.ideaymedia.com.mx\/visa\/terminos-y-condiciones\/poliza-de-privacidad\/"]}]},{"@type":"BreadcrumbList","@id":"https:\/\/www.ideaymedia.com.mx\/visa\/terminos-y-condiciones\/poliza-de-privacidad\/#breadcrumb","itemListElement":[{"@type":"ListItem","position":1,"name":"Home","item":"https:\/\/www.ideaymedia.com.mx\/visa\/requisitos-para-tramitar-visa-a-eu\/"},{"@type":"ListItem","position":2,"name":"T\u00e9rminos, condiciones y pol\u00edticas de devolucion","item":"https:\/\/www.ideaymedia.com.mx\/visa\/terminos-y-condiciones\/"},{"@type":"ListItem","position":3,"name":"Poliza de privacidad"}]},{"@type":"WebSite","@id":"https:\/\/www.ideaymedia.com.mx\/visa\/#website","url":"https:\/\/www.ideaymedia.com.mx\/visa\/","name":"Visa Americana Asesoramiento Migratorio","description":"Visa Americana Asesoramiento Migratorio","publisher":{"@id":"https:\/\/www.ideaymedia.com.mx\/visa\/#organization"},"potentialAction":[{"@type":"SearchAction","target":{"@type":"EntryPoint","urlTemplate":"https:\/\/www.ideaymedia.com.mx\/visa\/?s={search_term_string}"},"query-input":{"@type":"PropertyValueSpecification","valueRequired":true,"valueName":"search_term_string"}}],"inLanguage":"en-US"},{"@type":"Organization","@id":"https:\/\/www.ideaymedia.com.mx\/visa\/#organization","name":"Visa Americana","url":"https:\/\/www.ideaymedia.com.mx\/visa\/","logo":{"@type":"ImageObject","inLanguage":"en-US","@id":"https:\/\/www.ideaymedia.com.mx\/visa\/#\/schema\/logo\/image\/","url":"https:\/\/www.ideaymedia.com.mx\/visa\/wp-content\/uploads\/2015\/02\/Escudo-Visa-Americana.gif","contentUrl":"https:\/\/www.ideaymedia.com.mx\/visa\/wp-content\/uploads\/2015\/02\/Escudo-Visa-Americana.gif","width":165,"height":165,"caption":"Visa Americana"},"image":{"@id":"https:\/\/www.ideaymedia.com.mx\/visa\/#\/schema\/logo\/image\/"}}]}},"_links":{"self":[{"href":"https:\/\/www.ideaymedia.com.mx\/visa\/wp-json\/wp\/v2\/pages\/1639","targetHints":{"allow":["GET"]}}],"collection":[{"href":"https:\/\/www.ideaymedia.com.mx\/visa\/wp-json\/wp\/v2\/pages"}],"about":[{"href":"https:\/\/www.ideaymedia.com.mx\/visa\/wp-json\/wp\/v2\/types\/page"}],"author":[{"embeddable":true,"href":"https:\/\/www.ideaymedia.com.mx\/visa\/wp-json\/wp\/v2\/users\/3"}],"replies":[{"embeddable":true,"href":"https:\/\/www.ideaymedia.com.mx\/visa\/wp-json\/wp\/v2\/comments?post=1639"}],"version-history":[{"count":0,"href":"https:\/\/www.ideaymedia.com.mx\/visa\/wp-json\/wp\/v2\/pages\/1639\/revisions"}],"up":[{"embeddable":true,"href":"https:\/\/www.ideaymedia.com.mx\/visa\/wp-json\/wp\/v2\/pages\/106"}],"wp:attachment":[{"href":"https:\/\/www.ideaymedia.com.mx\/visa\/wp-json\/wp\/v2\/media?parent=1639"}],"curies":[{"name":"wp","href":"https:\/\/api.w.org\/{rel}","templated":true}]}}