{"id":136,"date":"2013-11-25T18:10:45","date_gmt":"2013-11-26T00:10:45","guid":{"rendered":"https:\/\/visa-americana.com\/?page_id=136"},"modified":"2019-08-01T10:40:40","modified_gmt":"2019-08-01T15:40:40","slug":"tramite-visa-previamente-negada","status":"publish","type":"page","link":"https:\/\/www.ideaymedia.com.mx\/visa\/tramite-visa-previamente-negada\/","title":{"rendered":"Tramite Visa Previamente Negada"},"content":{"rendered":"<form id=\"ifs-right\" class=\"infusion-form form-350\" style=\"margin-top: 0px;\" accept-charset=\"UTF-8\" action=\"https:\/\/ay150.infusionsoft.com\/app\/form\/process\/3432d6c7ceffce05f7e9b03e1894a58e\" method=\"POST\"><input name=\"inf_form_xid\" type=\"hidden\" value=\"3432d6c7ceffce05f7e9b03e1894a58e\"><input name=\"inf_form_name\" type=\"hidden\" value=\"Negada Visa form\"><input name=\"infusionsoft_version\" type=\"hidden\" value=\"1.40.0.46\"><span class=\"blue medium center\" style=\"width: 100%; font-weight: bold; text-shadow: -1px -1px 2px white; margin-bottom: 15px;\">1. Introduzca sus datos<\/span>\n<div class=\"infusion-field\"><label for=\"inf_custom_Titulo\">T\u00edtulo *<\/label><select id=\"inf_custom_Titulo\" style=\"float: right; width: 260px; margin-left: 13px;\" name=\"inf_custom_Titulo\">\n<option selected=\"selected\" value=\"Sr.\">Sr.<\/option>\n<option value=\"Sra.\">Sra.<\/option>\n<option value=\"Srta.\">Srta.<\/option>\n<\/select><\/div>\n<div class=\"infusion-field\"><label for=\"inf_field_FirstName\">Nombre *<\/label><input id=\"inf_field_FirstName\" class=\"infusion-field-input-container\" style=\"float: right; margin-left: 13px;\" name=\"inf_field_FirstName\" type=\"text\"><\/div>\n<div class=\"infusion-field\"><label for=\"inf_field_LastName\">Apellido paterno *<\/label><input id=\"inf_field_LastName\" class=\"infusion-field-input-container\" style=\"float: right; margin-left: 13px;\" name=\"inf_field_LastName\" type=\"text\"><\/div>\n<div class=\"infusion-field\"><label for=\"inf_field_MiddleName\">Apellido materno *<\/label><input id=\"inf_field_MiddleName\" class=\"infusion-field-input-container\" style=\"float: right; margin-left: 13px;\" name=\"inf_field_MiddleName\" type=\"text\"><\/div>\n<div class=\"infusion-field\"><label for=\"inf_field_Email\">E-mail *<\/label><input id=\"inf_field_Email\" class=\"infusion-field-input-container\" style=\"float: right; margin-left: 13px;\" name=\"inf_field_Email\" type=\"text\"><\/div>\n<div class=\"infusion-field\"><label for=\"inf_custom_CountryDropdownMenu\">Pa\u00eds *<\/label><select id=\"inf_custom_CountryDropdownMenu\" style=\"float: right; margin-left: 13px;\" name=\"inf_custom_CountryDropdownMenu\">\n<option selected=\"selected\" value=\"Argentina\">Argentina<\/option>\n<option value=\"Bolivia\">Bolivia<\/option>\n<option value=\"Colombia\">Colombia<\/option>\n<option value=\"Republica Dominicana\">Republica Dominicana<\/option>\n<option value=\"Ecuador\">Ecuador<\/option>\n<option value=\"El Salvador\">El Salvador<\/option>\n<option value=\"Guatemala\">Guatemala<\/option>\n<option value=\"Honduras\">Honduras<\/option>\n<option value=\"Mexico\">Mexico<\/option>\n<option value=\"Nicaragua\">Nicaragua<\/option>\n<option value=\"Panama\">Panama<\/option>\n<option value=\"Paraguay\">Paraguay<\/option>\n<option value=\"Peru\">Peru<\/option>\n<option value=\"Uruguay\">Uruguay<\/option>\n<option value=\"Venezuela\">Venezuela<\/option>\n<option value=\"Otro Pais\">Otro Pais<\/option>\n<\/select><\/div>\n<div class=\"infusion-field\"><span style=\"font-size: 10pt;\">He le\u00eddo y acepto los <a class=\"eModal-1\" href=\"#\">t\u00e9rminos y condiciones<\/a>*<\/span><input id=\"inf_option_IAgree\" style=\"float: right; width: 21px; height: 21px; border-radius: 5px; background-color: #fff;\" name=\"inf_option_IAgree\" type=\"checkbox\"><\/div>\n<div class=\"infusion-field\"><input style=\"margin-top: 0px !important;\" type=\"submit\" value=\"Enviar\"><\/div>\n<div class=\"infusion-field\" style=\"text-align: center; font-size: 11px;\"><a href=\"https:\/\/www.ideaymedia.com.mx\/visa\/terminos-y-condiciones\/poliza-de-privacidad\/\" target=\"_blank\" rel=\"noopener noreferrer\">P\u00f3liza de privacidad<\/a><\/div>\n<!-- Empieza C\u00f3digo IP -->\n<input id=\"_IPAddress\" name=\"inf_custom_IPAddress\" type=\"hidden\" value=\"null\">\n<script>var userip;<\/script>\n<script src=\"https:\/\/l2.io\/ip.js?var=userip\"><\/script>\n<script><br \/>\ndocument.getElementById('_IPAddress').value = userip;<br \/>\n<\/script>\n<!-- Termina C\u00f3digo IP -->\n\n<script src=\"https:\/\/ajax.googleapis.com\/ajax\/libs\/jquery\/1.8.3\/jquery.min.js\" type=\"text\/javascript\"><\/script><script src=\"https:\/\/ajax.googleapis.com\/ajax\/libs\/jqueryui\/1.7.2\/jquery-ui.min.js\" type=\"text\/javascript\"><\/script><script type=\"text\/javascript\">\/\/ <![CDATA[\n$(window).load(function(){                 $('#inf_option_IAgree').attr('required', true);             });\n\/\/ ]]><\/script>\n<script type=\"text\/javascript\"><br \/>\n\/\/Validacion para Safari<br \/>\nvar detectarNavegador = window.navigator.userAgent;<br \/>\nvar chrome = \/Chrome\/;<br \/>\nvar safari = \/Safari\/;<\/p>\n<p>if(detectarNavegador.indexOf('Safari')!=-1 && detectarNavegador.indexOf('Chrome')==-1)<br \/>\nvar isSafari = true;<\/p>\n<p>if (isSafari){<br \/>\n\tvar forms = document.getElementsByTagName('form');<br \/>\n\tfor (var i = 0; i < forms.length; i++) {\n\t    forms[i].noValidate = true;\n\t\n\t    forms[i].addEventListener('submit', function(event) {\n\t        \/\/Prevent submission if checkValidity on the form returns false.\n\t        if (!event.target.checkValidity()) {\n\t            event.preventDefault();\n\t            alert('Es necesario marcar la casilla de t\u00e9rminos y condiciones para continuar');\n\t            \/\/Implement you own means of displaying error messages to the user here.\n\t        }\n\t    }, false);\n\t}\n}\n<\/script>\n\n<\/form>\n<div class=\"desktop-view\">\n<h1 class=\"blue\"><b>Programa para tramitar la Visa Americana previamente Negada en Espa\u00f1ol<\/b><\/h1>\n<ol>\n \t<li><strong>Introduzca su t\u00edtulo, nombre, apellido y e-mail<\/strong><\/li>\n \t<li><strong>Seleccione su pa\u00eds, acepte los t\u00e9rminos y haga clic en \u201cEnviar\u201d<\/strong><\/li>\n \t<li><strong>Realice pago correspondiente<\/strong><\/li>\n \t<li><strong>Descargue el programa Visa Americana Negada en Espa\u00f1ol<\/strong><\/li>\n \t<li><strong>Siga las indicaciones proporcionadas<\/strong><\/li>\n<\/ol>\n<\/div>\n<div class=\"mobile-view\">\n<h2 class=\"blue\"><b>Programa para Tramitar la Visa Americana Previamente Negada en Espa\u00f1ol<\/b><\/h2>\n<ol>\n \t<li><strong>Introduzca su t\u00edtulo, nombre, apellido y e-mail<\/strong><\/li>\n \t<li><strong>Seleccione su pa\u00eds, acepte los t\u00e9rminos y haga clic en \u201cEnviar\u201d<\/strong><\/li>\n \t<li><strong>Realice pago correspondiente<\/strong><\/li>\n \t<li><strong>Descargue el programa Visa Americana Negada en Espa\u00f1ol<\/strong><\/li>\n \t<li><strong>Siga las indicaciones proporcionadas<\/strong><\/li>\n<\/ol>\n<\/div>\n<p class=\"justify-text\">El nuevo programa Visa Americana previamente negada en Espa\u00f1ol, simplifica la gesti\u00f3n de la Visa Americana negada, brindando acceso a los diferentes tr\u00e1mites necesarios para llevar a cabo esta solicitud en una sola locaci\u00f3n y con indicaciones en su idioma nativo.<\/p>\nEl programa incluye los siguientes documentos e indicaciones:\n<ul>\n \t<li><strong>Visa Americana previamente Negada<\/strong><\/li>\n \t<li><strong>Formulario DS-160 en Espa\u00f1ol<\/strong><\/li>\n \t<li><strong>CAS (Centro de atenci\u00f3n a Solicitantes) o SIV \/ VAC<\/strong> (seg\u00fan corresponda al territorio)<\/li>\n<\/ul>\n<p class=\"justify-text\"><span class=\"red\"><strong>Nota:<\/strong><\/span> Al haber obtenido una negativa en su aplicaci\u00f3n anterior, ser\u00e1 de suma importancia prep\u00e1rese adecuadamente para realizar esta gesti\u00f3n y obtener un resultado favorable.<\/p>\n<p class=\"justify-text\">Una vez que haya descargado el programa Visa Americana previamente negada, siga de cerca las indicaciones de los documentos proporcionados y evite repetir los patrones que anteriormente pudieran haber influenciado la negativa de este documento. Habiendo gestionado el tr\u00e1mite DS-160, habr\u00e1 que llevar a cabo el cuestionario CAS, SIV o tramite VAC de acuerdo con su pa\u00eds de residencia, (preste mucha atenci\u00f3n a las indicaciones subrayadas y remarcadas). El llevar a cabo correctamente este cuestionario le dar\u00e1 acceso al pago MRV para poder programar su cita o citas, seg\u00fan sea el caso.<\/p>\n<p class=\"justify-text\">La mayor\u00eda de los solicitantes que aplican nuevamente para una Visa Americana previamente negada, tendr\u00e1n que acudir a los Centros de Atenci\u00f3n a Solicitantes, para la toma de huellas dactilares o digitales y su fotograf\u00eda (datos biom\u00e9tricos). En caso necesario, el solicitante deber\u00e1 acudir a una segunda entrevista en la embajada o consulado americano de su dependencia.<\/p>\n<p class=\"justify-text\">Es de suma importancia que las diferentes etapas de la gesti\u00f3n para la Visa Americana previamente negada, sean llevadas a cabo correctamente y en un orden preciso. Para facilitarle esto al usuario, el nuevo programa Visa Americana previamente Negada en Espa\u00f1ol incluye:<\/p>\n\n<ul>\n \t<li>Indicaciones para la solicitud de la Visa Americana previamente negada<\/li>\n \t<li>Acceso directo e indicaciones para Formulario DS-160<\/li>\n \t<li>Obtenci\u00f3n de su n\u00famero de expediente o \u201cApplication ID\u201d<\/li>\n \t<li>Recuperaci\u00f3n de aplicaci\u00f3n en caso necesario<\/li>\n \t<li>Detallado de cuestionario CAS, SIV o VAC (seg\u00fan el caso)<\/li>\n \t<li>Proceso de obtenci\u00f3n del pago MRV<\/li>\n \t<li>Reservaci\u00f3n de mensajer\u00eda para entrega de visa y pasaporte<\/li>\n \t<li>Consulta y apartado de fechas disponibles para cita CAS<\/li>\n \t<li>Agendado de cita consular<\/li>\n \t<li>Entrevista y cita CAS y\/o consular<\/li>\n \t<li>Herramienta de traducci\u00f3n y revisi\u00f3n espa\u00f1ol. \u2013 ingl\u00e9s (seg\u00fan aplicaci\u00f3n)<\/li>\n \t<li>Recomendaciones finales para realizar su gesti\u00f3n<\/li>\n<\/ul>\n<p class=\"justify-text\">Deber\u00e1 indicar correctamente su pa\u00eds de residencia, ya que el tr\u00e1mite para la Visa Americana previamente negada var\u00eda de acuerdo a cada territorio. Es importante estudiar los documentos proporcionados que le indican detalladamente cada uno de los pasos antes mencionados y que forman parte de esta presentaci\u00f3n. En algunas circunstancias, cargos o tarifas gubernamentales pueden aplicar, estas no est\u00e1n incluidas dentro del costo del este programa.<\/p>\n<p class=\"justify-text\">Para personas que prefieran que un agente experto realice este tr\u00e1mite por usted, este servicio se efect\u00faa en 48 a 72 horas y est\u00e1 disponible por un cargo adicional haciendo <span style=\"text-decoration: underline;\"><a href=\"https:\/\/www.ideaymedia.com.mx\/visa\/negada_con_un_experto\/\"><strong>clic aqu\u00ed.<\/strong><\/a><\/span><\/p>","protected":false},"excerpt":{"rendered":"1. Introduzca sus datos T\u00edtulo * Sr. Sra. Srta. Nombre * Apellido paterno * Apellido materno * E-mail * Pa\u00eds * Argentina Bolivia Colombia Republica Dominicana Ecuador El Salvador Guatemala Honduras Mexico Nicaragua Panama Paraguay Peru Uruguay Venezuela Otro Pais<span class=\"ellipsis\">&hellip;<\/span><div class=\"read-more\"><a href=\"https:\/\/www.ideaymedia.com.mx\/visa\/tramite-visa-previamente-negada\/\">Read more &#8250;<\/a><\/div><!-- end of .read-more -->","protected":false},"author":3,"featured_media":0,"parent":0,"menu_order":17,"comment_status":"open","ping_status":"open","template":"template-single-nosidebar-minimal.php","meta":{"footnotes":""},"class_list":["post-136","page","type-page","status-publish","hentry"],"yoast_head":"<!-- This site is optimized with the Yoast SEO plugin v26.5 - https:\/\/yoast.com\/wordpress\/plugins\/seo\/ -->\n<title>Tramite de Visa Americana Negada | Visa Americana<\/title>\n<meta name=\"description\" content=\"Si su solicitud para la Visa Americana ha sido negada anteriormente, realice su gesti\u00f3n con nuestro programa en espa\u00f1ol, Visa Americana negada. D\u00e9 clic aqu\u00ed\" \/>\n<meta name=\"robots\" content=\"index, follow, max-snippet:-1, max-image-preview:large, max-video-preview:-1\" \/>\n<link rel=\"canonical\" href=\"https:\/\/www.ideaymedia.com.mx\/visa\/tramite-visa-previamente-negada\/\" \/>\n<meta property=\"og:locale\" content=\"en_US\" \/>\n<meta property=\"og:type\" content=\"article\" \/>\n<meta property=\"og:title\" content=\"Tramite de Visa Americana Negada | Visa Americana\" \/>\n<meta property=\"og:description\" content=\"Si su solicitud para la Visa Americana ha sido negada anteriormente, realice su gesti\u00f3n con nuestro programa en espa\u00f1ol, Visa Americana negada. D\u00e9 clic aqu\u00ed\" \/>\n<meta property=\"og:url\" content=\"https:\/\/www.ideaymedia.com.mx\/visa\/tramite-visa-previamente-negada\/\" \/>\n<meta property=\"og:site_name\" content=\"Visa Americana Asesoramiento Migratorio\" \/>\n<meta property=\"article:modified_time\" content=\"2019-08-01T15:40:40+00:00\" \/>\n<meta name=\"twitter:label1\" content=\"Est. reading time\" \/>\n\t<meta name=\"twitter:data1\" content=\"3 minutes\" \/>\n<script type=\"application\/ld+json\" class=\"yoast-schema-graph\">{\"@context\":\"https:\/\/schema.org\",\"@graph\":[{\"@type\":\"WebPage\",\"@id\":\"https:\/\/www.ideaymedia.com.mx\/visa\/tramite-visa-previamente-negada\/\",\"url\":\"https:\/\/www.ideaymedia.com.mx\/visa\/tramite-visa-previamente-negada\/\",\"name\":\"Tramite de Visa Americana Negada | Visa Americana\",\"isPartOf\":{\"@id\":\"https:\/\/www.ideaymedia.com.mx\/visa\/#website\"},\"datePublished\":\"2013-11-26T00:10:45+00:00\",\"dateModified\":\"2019-08-01T15:40:40+00:00\",\"description\":\"Si su solicitud para la Visa Americana ha sido negada anteriormente, realice su gesti\u00f3n con nuestro programa en espa\u00f1ol, Visa Americana negada. D\u00e9 clic aqu\u00ed\",\"breadcrumb\":{\"@id\":\"https:\/\/www.ideaymedia.com.mx\/visa\/tramite-visa-previamente-negada\/#breadcrumb\"},\"inLanguage\":\"en-US\",\"potentialAction\":[{\"@type\":\"ReadAction\",\"target\":[\"https:\/\/www.ideaymedia.com.mx\/visa\/tramite-visa-previamente-negada\/\"]}]},{\"@type\":\"BreadcrumbList\",\"@id\":\"https:\/\/www.ideaymedia.com.mx\/visa\/tramite-visa-previamente-negada\/#breadcrumb\",\"itemListElement\":[{\"@type\":\"ListItem\",\"position\":1,\"name\":\"Home\",\"item\":\"https:\/\/www.ideaymedia.com.mx\/visa\/requisitos-para-tramitar-visa-a-eu\/\"},{\"@type\":\"ListItem\",\"position\":2,\"name\":\"Tramite Visa Previamente Negada\"}]},{\"@type\":\"WebSite\",\"@id\":\"https:\/\/www.ideaymedia.com.mx\/visa\/#website\",\"url\":\"https:\/\/www.ideaymedia.com.mx\/visa\/\",\"name\":\"Visa Americana Asesoramiento Migratorio\",\"description\":\"Visa Americana Asesoramiento Migratorio\",\"publisher\":{\"@id\":\"https:\/\/www.ideaymedia.com.mx\/visa\/#organization\"},\"potentialAction\":[{\"@type\":\"SearchAction\",\"target\":{\"@type\":\"EntryPoint\",\"urlTemplate\":\"https:\/\/www.ideaymedia.com.mx\/visa\/?s={search_term_string}\"},\"query-input\":{\"@type\":\"PropertyValueSpecification\",\"valueRequired\":true,\"valueName\":\"search_term_string\"}}],\"inLanguage\":\"en-US\"},{\"@type\":\"Organization\",\"@id\":\"https:\/\/www.ideaymedia.com.mx\/visa\/#organization\",\"name\":\"Visa Americana\",\"url\":\"https:\/\/www.ideaymedia.com.mx\/visa\/\",\"logo\":{\"@type\":\"ImageObject\",\"inLanguage\":\"en-US\",\"@id\":\"https:\/\/www.ideaymedia.com.mx\/visa\/#\/schema\/logo\/image\/\",\"url\":\"https:\/\/www.ideaymedia.com.mx\/visa\/wp-content\/uploads\/2015\/02\/Escudo-Visa-Americana.gif\",\"contentUrl\":\"https:\/\/www.ideaymedia.com.mx\/visa\/wp-content\/uploads\/2015\/02\/Escudo-Visa-Americana.gif\",\"width\":165,\"height\":165,\"caption\":\"Visa Americana\"},\"image\":{\"@id\":\"https:\/\/www.ideaymedia.com.mx\/visa\/#\/schema\/logo\/image\/\"}}]}<\/script>\n<!-- \/ Yoast SEO plugin. -->","yoast_head_json":{"title":"Tramite de Visa Americana Negada | Visa Americana","description":"Si su solicitud para la Visa Americana ha sido negada anteriormente, realice su gesti\u00f3n con nuestro programa en espa\u00f1ol, Visa Americana negada. D\u00e9 clic aqu\u00ed","robots":{"index":"index","follow":"follow","max-snippet":"max-snippet:-1","max-image-preview":"max-image-preview:large","max-video-preview":"max-video-preview:-1"},"canonical":"https:\/\/www.ideaymedia.com.mx\/visa\/tramite-visa-previamente-negada\/","og_locale":"en_US","og_type":"article","og_title":"Tramite de Visa Americana Negada | Visa Americana","og_description":"Si su solicitud para la Visa Americana ha sido negada anteriormente, realice su gesti\u00f3n con nuestro programa en espa\u00f1ol, Visa Americana negada. D\u00e9 clic aqu\u00ed","og_url":"https:\/\/www.ideaymedia.com.mx\/visa\/tramite-visa-previamente-negada\/","og_site_name":"Visa Americana Asesoramiento Migratorio","article_modified_time":"2019-08-01T15:40:40+00:00","twitter_misc":{"Est. reading time":"3 minutes"},"schema":{"@context":"https:\/\/schema.org","@graph":[{"@type":"WebPage","@id":"https:\/\/www.ideaymedia.com.mx\/visa\/tramite-visa-previamente-negada\/","url":"https:\/\/www.ideaymedia.com.mx\/visa\/tramite-visa-previamente-negada\/","name":"Tramite de Visa Americana Negada | Visa Americana","isPartOf":{"@id":"https:\/\/www.ideaymedia.com.mx\/visa\/#website"},"datePublished":"2013-11-26T00:10:45+00:00","dateModified":"2019-08-01T15:40:40+00:00","description":"Si su solicitud para la Visa Americana ha sido negada anteriormente, realice su gesti\u00f3n con nuestro programa en espa\u00f1ol, Visa Americana negada. D\u00e9 clic aqu\u00ed","breadcrumb":{"@id":"https:\/\/www.ideaymedia.com.mx\/visa\/tramite-visa-previamente-negada\/#breadcrumb"},"inLanguage":"en-US","potentialAction":[{"@type":"ReadAction","target":["https:\/\/www.ideaymedia.com.mx\/visa\/tramite-visa-previamente-negada\/"]}]},{"@type":"BreadcrumbList","@id":"https:\/\/www.ideaymedia.com.mx\/visa\/tramite-visa-previamente-negada\/#breadcrumb","itemListElement":[{"@type":"ListItem","position":1,"name":"Home","item":"https:\/\/www.ideaymedia.com.mx\/visa\/requisitos-para-tramitar-visa-a-eu\/"},{"@type":"ListItem","position":2,"name":"Tramite Visa Previamente Negada"}]},{"@type":"WebSite","@id":"https:\/\/www.ideaymedia.com.mx\/visa\/#website","url":"https:\/\/www.ideaymedia.com.mx\/visa\/","name":"Visa Americana Asesoramiento Migratorio","description":"Visa Americana Asesoramiento Migratorio","publisher":{"@id":"https:\/\/www.ideaymedia.com.mx\/visa\/#organization"},"potentialAction":[{"@type":"SearchAction","target":{"@type":"EntryPoint","urlTemplate":"https:\/\/www.ideaymedia.com.mx\/visa\/?s={search_term_string}"},"query-input":{"@type":"PropertyValueSpecification","valueRequired":true,"valueName":"search_term_string"}}],"inLanguage":"en-US"},{"@type":"Organization","@id":"https:\/\/www.ideaymedia.com.mx\/visa\/#organization","name":"Visa Americana","url":"https:\/\/www.ideaymedia.com.mx\/visa\/","logo":{"@type":"ImageObject","inLanguage":"en-US","@id":"https:\/\/www.ideaymedia.com.mx\/visa\/#\/schema\/logo\/image\/","url":"https:\/\/www.ideaymedia.com.mx\/visa\/wp-content\/uploads\/2015\/02\/Escudo-Visa-Americana.gif","contentUrl":"https:\/\/www.ideaymedia.com.mx\/visa\/wp-content\/uploads\/2015\/02\/Escudo-Visa-Americana.gif","width":165,"height":165,"caption":"Visa Americana"},"image":{"@id":"https:\/\/www.ideaymedia.com.mx\/visa\/#\/schema\/logo\/image\/"}}]}},"_links":{"self":[{"href":"https:\/\/www.ideaymedia.com.mx\/visa\/wp-json\/wp\/v2\/pages\/136","targetHints":{"allow":["GET"]}}],"collection":[{"href":"https:\/\/www.ideaymedia.com.mx\/visa\/wp-json\/wp\/v2\/pages"}],"about":[{"href":"https:\/\/www.ideaymedia.com.mx\/visa\/wp-json\/wp\/v2\/types\/page"}],"author":[{"embeddable":true,"href":"https:\/\/www.ideaymedia.com.mx\/visa\/wp-json\/wp\/v2\/users\/3"}],"replies":[{"embeddable":true,"href":"https:\/\/www.ideaymedia.com.mx\/visa\/wp-json\/wp\/v2\/comments?post=136"}],"version-history":[{"count":0,"href":"https:\/\/www.ideaymedia.com.mx\/visa\/wp-json\/wp\/v2\/pages\/136\/revisions"}],"wp:attachment":[{"href":"https:\/\/www.ideaymedia.com.mx\/visa\/wp-json\/wp\/v2\/media?parent=136"}],"curies":[{"name":"wp","href":"https:\/\/api.w.org\/{rel}","templated":true}]}}