{"id":129,"date":"2013-11-25T18:04:34","date_gmt":"2013-11-26T00:04:34","guid":{"rendered":"https:\/\/visa-americana.com\/?page_id=129"},"modified":"2021-07-07T20:51:38","modified_gmt":"2021-07-08T01:51:38","slug":"tramite-renovacion-de-visa","status":"publish","type":"page","link":"https:\/\/www.ideaymedia.com.mx\/visa\/tramite-renovacion-de-visa\/","title":{"rendered":"Renovacion de Visa Americana"},"content":{"rendered":"<form id=\"ifs-right\" class=\"infusion-form form-350\" style=\"margin-top: 0px;\" accept-charset=\"UTF-8\" action=\"https:\/\/ay150.infusionsoft.com\/app\/form\/process\/c9951f496c2209bd43a598afc039e70b\" method=\"POST\"><input name=\"inf_form_xid\" type=\"hidden\" value=\"c9951f496c2209bd43a598afc039e70b\"><input name=\"inf_form_name\" type=\"hidden\" value=\"Renovar Visa form\"><input name=\"infusionsoft_version\" type=\"hidden\" value=\"1.40.0.46\"><span class=\"blue medium center\" style=\"width: 100%; font-weight: bold; text-shadow: -1px -1px 2px white; margin-bottom: 15px;\">1. Introduzca sus datos<\/span>\r\n        <div class=\"infusion-field\"><label for=\"inf_custom_Titulo\">T\u00edtulo *<\/label><select id=\"inf_custom_Titulo\" style=\"float: right; width: 260px; margin-left: 13px;\" name=\"inf_custom_Titulo\">\r\n        <option selected=\"selected\" value=\"Sr.\">Sr.<\/option>\r\n        <option value=\"Sra.\">Sra.<\/option>\r\n        <option value=\"Srta.\">Srta.<\/option>\r\n        <\/select><\/div>\r\n        <div class=\"infusion-field\"><label for=\"inf_field_FirstName\">Nombre *<\/label><input id=\"inf_field_FirstName\" class=\"infusion-field-input-container\" style=\"float: right; margin-left: 13px;\" name=\"inf_field_FirstName\" type=\"text\"><\/div>\r\n        <div class=\"infusion-field\"><label for=\"inf_field_LastName\">Apellido paterno *<\/label><input id=\"inf_field_LastName\" class=\"infusion-field-input-container\" style=\"float: right; margin-left: 13px;\" name=\"inf_field_LastName\" type=\"text\"><\/div>\r\n        <div class=\"infusion-field\"><label for=\"inf_field_MiddleName\">Apellido materno *<\/label><input id=\"inf_field_MiddleName\" class=\"infusion-field-input-container\" style=\"float: right; margin-left: 13px;\" name=\"inf_field_MiddleName\" type=\"text\"><\/div>\r\n        <div class=\"infusion-field\"><label for=\"inf_field_Email\">E-mail *<\/label><input id=\"inf_field_Email\" class=\"infusion-field-input-container\" style=\"float: right; margin-left: 13px;\" name=\"inf_field_Email\" type=\"text\"><\/div>\r\n        <div class=\"infusion-field\"><label for=\"inf_custom_CountryDropdownMenu\">Pa\u00eds *<\/label><select id=\"inf_custom_CountryDropdownMenu\" style=\"float: right; margin-left: 13px;\" name=\"inf_custom_CountryDropdownMenu\">\r\n        <option selected=\"selected\" value=\"Argentina\">Argentina<\/option>\r\n        <option value=\"Bolivia\">Bolivia<\/option>\r\n        <option value=\"Colombia\">Colombia<\/option>\r\n        <option value=\"Republica Dominicana\">Republica Dominicana<\/option>\r\n        <option value=\"Ecuador\">Ecuador<\/option>\r\n        <option value=\"El Salvador\">El Salvador<\/option>\r\n        <option value=\"Guatemala\">Guatemala<\/option>\r\n        <option value=\"Honduras\">Honduras<\/option>\r\n        <option value=\"Mexico\">Mexico<\/option>\r\n        <option value=\"Nicaragua\">Nicaragua<\/option>\r\n        <option value=\"Panama\">Panama<\/option>\r\n        <option value=\"Paraguay\">Paraguay<\/option>\r\n        <option value=\"Peru\">Peru<\/option>\r\n        <option value=\"Uruguay\">Uruguay<\/option>\r\n        <option value=\"Venezuela\">Venezuela<\/option>\r\n        <option value=\"Otro Pais\">Otro Pais<\/option>\r\n        <\/select><\/div>\r\n        <div class=\"infusion-field\"><span style=\"font-size: 10pt;\">He le\u00eddo y acepto los <a class=\"eModal-1\" href=\"#\">t\u00e9rminos y condiciones<\/a>*<\/span><input id=\"inf_option_IAgree\" style=\"float: right; width: 21px; height: 21px; border-radius: 5px; background-color: #fff;\" name=\"inf_option_IAgree\" type=\"checkbox\"><\/div>\r\n        <div class=\"infusion-field\"><input style=\"margin-top: 0px !important;\" type=\"submit\" value=\"Enviar\"><\/div>\r\n        <div class=\"infusion-field\" style=\"text-align: center; font-size: 11px;\"><a href=\"https:\/\/www.ideaymedia.com.mx\/visa\/terminos-y-condiciones\/poliza-de-privacidad\/\" target=\"_blank\" rel=\"noopener noreferrer\">P\u00f3liza de privacidad<\/a><\/div>\r\n        <!-- Empieza C\u00f3digo IP -->\r\n        <input id=\"_IPAddress\" name=\"inf_custom_IPAddress\" type=\"hidden\" value=\"null\">\r\n        <script>var userip;<\/script>\r\n        <script src=\"https:\/\/l2.io\/ip.js?var=userip\"><\/script>\r\n        <script>\r\n        document.getElementById('_IPAddress').value = userip;\r\n        <\/script>\r\n        <!-- Termina C\u00f3digo IP -->\r\n        \r\n        <script src=\"https:\/\/ajax.googleapis.com\/ajax\/libs\/jquery\/1.8.3\/jquery.min.js\"><\/script><script src=\"https:\/\/ajax.googleapis.com\/ajax\/libs\/jqueryui\/1.7.2\/jquery-ui.min.js\"><\/script>\r\n        <script>\/\/ <![CDATA[\r\n        $(window).load(function(){ $('#inf_option_IAgree').attr('required', true); });\r\n        \/\/ ]]><\/script>\r\n        <script>\r\n        \/\/Validacion para Safari\r\n        var detectarNavegador = window.navigator.userAgent;\r\n        var chrome = \/Chrome\/;\r\n        var safari = \/Safari\/;\r\n        if(detectarNavegador.indexOf('Safari')!=-1 && detectarNavegador.indexOf('Chrome')==-1)\r\n        var isSafari = true;\r\n        if (isSafari){\r\n            var forms = document.getElementsByTagName('form');\r\n            for (var i = 0; i < forms.length; i++) {\r\n                forms[i].noValidate = true;\r\n            \r\n                forms[i].addEventListener('submit', function(event) {\r\n                    \/\/Prevent submission if checkValidity on the form returns false.\r\n                    if (!event.target.checkValidity()) {\r\n                        event.preventDefault();\r\n                        alert('Es necesario marcar la casilla de t\u00e9rminos y condiciones para continuar');\r\n                        \/\/Implement you own means of displaying error messages to the user here.\r\n                    }\r\n                }, false);\r\n            }\r\n        }\r\n        <\/script>\r\n        \r\n        <\/form>\r\n        <div class=\"desktop-view\">\r\n        <h1 class=\"blue\"><b>Programa para Renovaci\u00f3n de Visa Americana en Espa\u00f1ol<\/b><\/h1>\r\n        <ol>\r\n             <li><strong>Indique su nombre, apellidos y correo electr\u00f3nico.<\/strong><\/li>\r\n             <li><strong>Seleccione su pa\u00eds, acepte los t\u00e9rminos y haga clic en \u201cEnviar\u201d<\/strong><\/li>\r\n             <li><strong>Realice pago correspondiente<\/strong><\/li>\r\n             <li><strong>Descargue el Programa Renovaci\u00f3n de Visa Americana en Espa\u00f1ol<\/strong><\/li>\r\n             <li><strong>Siga las indicaciones proporcionadas<\/strong><\/li>\r\n        <\/ol>\r\n        <\/div>\r\n        <div class=\"mobile-view\">\r\n        <h2 class=\"blue\"><b>Programa para Renovaci\u00f3n de Visa Americana en Espa\u00f1ol<\/b><\/h2>\r\n        <ol>\r\n             <li><strong>Indique su nombre, apellidos y correo electr\u00f3nico.<\/strong><\/li>\r\n             <li><strong>Seleccione su pa\u00eds, acepte los t\u00e9rminos y haga clic en \u201cEnviar\u201d<\/strong><\/li>\r\n             <li><strong>Realice pago correspondiente<\/strong><\/li>\r\n             <li><strong>Descargue el Programa Renovaci\u00f3n de Visa Americana en Espa\u00f1ol<\/strong><\/li>\r\n             <li><strong>Siga las indicaciones proporcionadas<\/strong><\/li>\r\n        <\/ol>\r\n        <\/div>\r\n        <p class=\"justify-text\">El programa Renovaci\u00f3n de Visa Americana en Espa\u00f1ol da acceso al usuario y simplifica la gesti\u00f3n, a los diferentes tr\u00e1mites necesarios, para llevar a cabo esta solicitud en una sola locaci\u00f3n y con indicaciones en su idioma nativo.<\/p>\r\n        El programa incluye los siguientes documentos e indicaciones:\r\n        <ul>\r\n             <li><strong>Renovaci\u00f3n de Visa Americana<\/strong><\/li>\r\n             <li><strong>Formulario DS-160 en Espa\u00f1ol<\/strong><\/li>\r\n             <li><strong>CAS (Centro de atenci\u00f3n a Solicitantes) o SIV \/ VAC<\/strong> (seg\u00fan corresponda al territorio)<\/li>\r\n        <\/ul>\r\n        <p class=\"justify-text\"><span style=\"color: #800000;\"><b>Nota:<\/b><\/span> Prep\u00e1rese adecuadamente para realizar esta gesti\u00f3n.<\/p>\r\n        <p class=\"justify-text\">Para continuar, siga de cerca las instrucciones de los documentos proporcionados.<\/p>\r\n        <p class=\"justify-text\">Una vez efectuado el tr\u00e1mite DS-160, debe llevar a cabo el cuestionario CAS, SIV o VAC de acuerdo con su pa\u00eds de residencia. Esto le brindar\u00e1 acceso al pago MRV y programar su cita o citas, seg\u00fan sea el caso.<\/p>\r\n        <p class=\"justify-text\">Al renovar la Visa Americana, los solicitantes tendr\u00e1n que acudir a los Centros de Atenci\u00f3n a Solicitantes (CAS) para la toma de datos biom\u00e9tricos (huellas dactilares o digitales y fotograf\u00eda); siendo posible que, en caso de ser necesario, el solicitante acuda a una segunda cita en la embajada o consulado americano de su dependencia.<\/p>\r\n        <p class=\"justify-text\">As\u00ed mismo, cada etapa de la gesti\u00f3n, para tr\u00e1mite Visa Americana, debe ser llevada a cabo correctamente y en un preciso orden. Es por ello que el nuevo programa <strong>Renovaci\u00f3n Visa Americana en Espa\u00f1ol<\/strong> incluye:<\/p>\r\n        \r\n        <ul>\r\n             <li>Indicaciones para la renovaci\u00f3n de la Visa Americana<\/li>\r\n             <li>Acceso directo e indicaciones para Formulario DS-160<\/li>\r\n             <li>Obtenci\u00f3n de su n\u00famero de expediente o \u201cApplication ID\u201d<\/li>\r\n             <li>Recuperaci\u00f3n de aplicaci\u00f3n en caso necesario<\/li>\r\n             <li>Detallado de cuestionario CAS, SIV o VAC (seg\u00fan el caso)<\/li>\r\n             <li>Proceso de obtenci\u00f3n del pago MRV<\/li>\r\n             <li>Reservaci\u00f3n de mensajer\u00eda para entrega de visa y pasaporte<\/li>\r\n             <li>Consulta y apartado de fechas disponibles para cita CAS<\/li>\r\n             <li>Agendado de cita consular<\/li>\r\n             <li>Entrevista y cita CAS y\/o consular<\/li>\r\n             <li>Herramienta de traducci\u00f3n y revisi\u00f3n espa\u00f1ol. \u2013 ingl\u00e9s (seg\u00fan aplicaci\u00f3n)<\/li>\r\n        <\/ul>\r\n        <p class=\"justify-text\">Todas las etapas antes mencionadas son detalladas en los documentos incluidos que forman parte del programa Renovaci\u00f3n Visa Americana en Espa\u00f1ol. Sin embargo, es importante indique correctamente su pa\u00eds de residencia, ya que el tr\u00e1mite para la Visa Americana puede variar de acuerdo a cada territorio.<\/p>\r\n        <p class=\"justify-text\">En algunas instancias, cargos o tarifas gubernamentales que no est\u00e1n incluidas dentro del costo de este programa pueden aplicarse.<\/p>\r\n        <p class=\"justify-text\">Para aquellas personas que prefieran que un experto realice su tr\u00e1mite, les informamos que este servicio se efect\u00faa en un lapso de 48 a 72 horas y est\u00e1 disponible por un cargo adicional haciendo <a href=\"https:\/\/www.ideaymedia.com.mx\/visa\/renovacion-con-un-experto\/\"><span style=\"text-decoration: underline;\"><strong>clic aqu\u00ed.<\/strong><\/span><\/a><\/p>","protected":false},"excerpt":{"rendered":"1. Introduzca sus datos T\u00edtulo * Sr. Sra. Srta. Nombre * Apellido paterno * Apellido materno * E-mail * Pa\u00eds * Argentina Bolivia Colombia Republica Dominicana Ecuador El Salvador Guatemala Honduras Mexico Nicaragua Panama Paraguay Peru Uruguay Venezuela Otro Pais<span class=\"ellipsis\">&hellip;<\/span><div class=\"read-more\"><a href=\"https:\/\/www.ideaymedia.com.mx\/visa\/tramite-renovacion-de-visa\/\">Read more &#8250;<\/a><\/div><!-- end of .read-more -->","protected":false},"author":3,"featured_media":0,"parent":0,"menu_order":12,"comment_status":"open","ping_status":"open","template":"template-single-nosidebar-minimal.php","meta":{"footnotes":""},"class_list":["post-129","page","type-page","status-publish","hentry"],"yoast_head":"<!-- This site is optimized with the Yoast SEO plugin v26.5 - https:\/\/yoast.com\/wordpress\/plugins\/seo\/ -->\n<title>Renovacion de Visa Americana - Visa Americana Asesoramiento Migratorio<\/title>\n<meta name=\"robots\" content=\"index, follow, max-snippet:-1, max-image-preview:large, max-video-preview:-1\" \/>\n<link rel=\"canonical\" href=\"https:\/\/www.ideaymedia.com.mx\/visa\/opcion-de-pago-con-un-experto-express-8cop\/\" \/>\n<meta property=\"og:locale\" content=\"en_US\" \/>\n<meta property=\"og:type\" content=\"article\" \/>\n<meta property=\"og:title\" content=\"Renovacion de Visa Americana - Visa Americana Asesoramiento Migratorio\" \/>\n<meta property=\"og:description\" content=\"1. Introduzca sus datos T\u00edtulo * Sr. Sra. Srta. Nombre * Apellido paterno * Apellido materno * E-mail * Pa\u00eds * Argentina Bolivia Colombia Republica Dominicana Ecuador El Salvador Guatemala Honduras Mexico Nicaragua Panama Paraguay Peru Uruguay Venezuela Otro Pais&hellip;Read more &#8250;\" \/>\n<meta property=\"og:url\" content=\"https:\/\/www.ideaymedia.com.mx\/visa\/opcion-de-pago-con-un-experto-express-8cop\/\" \/>\n<meta property=\"og:site_name\" content=\"Visa Americana Asesoramiento Migratorio\" \/>\n<meta property=\"article:modified_time\" content=\"2021-07-08T01:51:38+00:00\" \/>\n<meta property=\"og:image\" content=\"https:\/\/www.ideaymedia.com.mx\/visa\/wp-content\/uploads\/2014\/08\/Visa-Mastercard.jpg\" \/>\n<meta name=\"twitter:label1\" content=\"Est. reading time\" \/>\n\t<meta name=\"twitter:data1\" content=\"2 minutes\" \/>\n<script type=\"application\/ld+json\" class=\"yoast-schema-graph\">{\"@context\":\"https:\/\/schema.org\",\"@graph\":[{\"@type\":\"WebPage\",\"@id\":\"https:\/\/www.ideaymedia.com.mx\/visa\/opcion-de-pago-con-un-experto-express-8cop\/\",\"url\":\"https:\/\/www.ideaymedia.com.mx\/visa\/opcion-de-pago-con-un-experto-express-8cop\/\",\"name\":\"Renovacion de Visa Americana - Visa Americana Asesoramiento Migratorio\",\"isPartOf\":{\"@id\":\"https:\/\/www.ideaymedia.com.mx\/visa\/#website\"},\"datePublished\":\"2013-11-26T00:04:34+00:00\",\"dateModified\":\"2021-07-08T01:51:38+00:00\",\"breadcrumb\":{\"@id\":\"https:\/\/www.ideaymedia.com.mx\/visa\/opcion-de-pago-con-un-experto-express-8cop\/#breadcrumb\"},\"inLanguage\":\"en-US\",\"potentialAction\":[{\"@type\":\"ReadAction\",\"target\":[\"https:\/\/www.ideaymedia.com.mx\/visa\/opcion-de-pago-con-un-experto-express-8cop\/\"]}]},{\"@type\":\"BreadcrumbList\",\"@id\":\"https:\/\/www.ideaymedia.com.mx\/visa\/opcion-de-pago-con-un-experto-express-8cop\/#breadcrumb\",\"itemListElement\":[{\"@type\":\"ListItem\",\"position\":1,\"name\":\"Home\",\"item\":\"https:\/\/www.ideaymedia.com.mx\/visa\/requisitos-para-tramitar-visa-a-eu\/\"},{\"@type\":\"ListItem\",\"position\":2,\"name\":\"Opcion de pago con un experto 8 EXPRESS 3COP\"}]},{\"@type\":\"WebSite\",\"@id\":\"https:\/\/www.ideaymedia.com.mx\/visa\/#website\",\"url\":\"https:\/\/www.ideaymedia.com.mx\/visa\/\",\"name\":\"Visa Americana Asesoramiento Migratorio\",\"description\":\"Visa Americana Asesoramiento Migratorio\",\"publisher\":{\"@id\":\"https:\/\/www.ideaymedia.com.mx\/visa\/#organization\"},\"potentialAction\":[{\"@type\":\"SearchAction\",\"target\":{\"@type\":\"EntryPoint\",\"urlTemplate\":\"https:\/\/www.ideaymedia.com.mx\/visa\/?s={search_term_string}\"},\"query-input\":{\"@type\":\"PropertyValueSpecification\",\"valueRequired\":true,\"valueName\":\"search_term_string\"}}],\"inLanguage\":\"en-US\"},{\"@type\":\"Organization\",\"@id\":\"https:\/\/www.ideaymedia.com.mx\/visa\/#organization\",\"name\":\"Visa Americana\",\"url\":\"https:\/\/www.ideaymedia.com.mx\/visa\/\",\"logo\":{\"@type\":\"ImageObject\",\"inLanguage\":\"en-US\",\"@id\":\"https:\/\/www.ideaymedia.com.mx\/visa\/#\/schema\/logo\/image\/\",\"url\":\"https:\/\/www.ideaymedia.com.mx\/visa\/wp-content\/uploads\/2015\/02\/Escudo-Visa-Americana.gif\",\"contentUrl\":\"https:\/\/www.ideaymedia.com.mx\/visa\/wp-content\/uploads\/2015\/02\/Escudo-Visa-Americana.gif\",\"width\":165,\"height\":165,\"caption\":\"Visa Americana\"},\"image\":{\"@id\":\"https:\/\/www.ideaymedia.com.mx\/visa\/#\/schema\/logo\/image\/\"}}]}<\/script>\n<!-- \/ Yoast SEO plugin. -->","yoast_head_json":{"title":"Renovacion de Visa Americana - Visa Americana Asesoramiento Migratorio","robots":{"index":"index","follow":"follow","max-snippet":"max-snippet:-1","max-image-preview":"max-image-preview:large","max-video-preview":"max-video-preview:-1"},"canonical":"https:\/\/www.ideaymedia.com.mx\/visa\/opcion-de-pago-con-un-experto-express-8cop\/","og_locale":"en_US","og_type":"article","og_title":"Renovacion de Visa Americana - Visa Americana Asesoramiento Migratorio","og_description":"1. Introduzca sus datos T\u00edtulo * Sr. Sra. Srta. Nombre * Apellido paterno * Apellido materno * E-mail * Pa\u00eds * Argentina Bolivia Colombia Republica Dominicana Ecuador El Salvador Guatemala Honduras Mexico Nicaragua Panama Paraguay Peru Uruguay Venezuela Otro Pais&hellip;Read more &#8250;","og_url":"https:\/\/www.ideaymedia.com.mx\/visa\/opcion-de-pago-con-un-experto-express-8cop\/","og_site_name":"Visa Americana Asesoramiento Migratorio","article_modified_time":"2021-07-08T01:51:38+00:00","og_image":[{"url":"https:\/\/www.ideaymedia.com.mx\/visa\/wp-content\/uploads\/2014\/08\/Visa-Mastercard.jpg","type":"","width":"","height":""}],"twitter_misc":{"Est. reading time":"2 minutes"},"schema":{"@context":"https:\/\/schema.org","@graph":[{"@type":"WebPage","@id":"https:\/\/www.ideaymedia.com.mx\/visa\/opcion-de-pago-con-un-experto-express-8cop\/","url":"https:\/\/www.ideaymedia.com.mx\/visa\/opcion-de-pago-con-un-experto-express-8cop\/","name":"Renovacion de Visa Americana - Visa Americana Asesoramiento Migratorio","isPartOf":{"@id":"https:\/\/www.ideaymedia.com.mx\/visa\/#website"},"datePublished":"2013-11-26T00:04:34+00:00","dateModified":"2021-07-08T01:51:38+00:00","breadcrumb":{"@id":"https:\/\/www.ideaymedia.com.mx\/visa\/opcion-de-pago-con-un-experto-express-8cop\/#breadcrumb"},"inLanguage":"en-US","potentialAction":[{"@type":"ReadAction","target":["https:\/\/www.ideaymedia.com.mx\/visa\/opcion-de-pago-con-un-experto-express-8cop\/"]}]},{"@type":"BreadcrumbList","@id":"https:\/\/www.ideaymedia.com.mx\/visa\/opcion-de-pago-con-un-experto-express-8cop\/#breadcrumb","itemListElement":[{"@type":"ListItem","position":1,"name":"Home","item":"https:\/\/www.ideaymedia.com.mx\/visa\/requisitos-para-tramitar-visa-a-eu\/"},{"@type":"ListItem","position":2,"name":"Opcion de pago con un experto 8 EXPRESS 3COP"}]},{"@type":"WebSite","@id":"https:\/\/www.ideaymedia.com.mx\/visa\/#website","url":"https:\/\/www.ideaymedia.com.mx\/visa\/","name":"Visa Americana Asesoramiento Migratorio","description":"Visa Americana Asesoramiento Migratorio","publisher":{"@id":"https:\/\/www.ideaymedia.com.mx\/visa\/#organization"},"potentialAction":[{"@type":"SearchAction","target":{"@type":"EntryPoint","urlTemplate":"https:\/\/www.ideaymedia.com.mx\/visa\/?s={search_term_string}"},"query-input":{"@type":"PropertyValueSpecification","valueRequired":true,"valueName":"search_term_string"}}],"inLanguage":"en-US"},{"@type":"Organization","@id":"https:\/\/www.ideaymedia.com.mx\/visa\/#organization","name":"Visa Americana","url":"https:\/\/www.ideaymedia.com.mx\/visa\/","logo":{"@type":"ImageObject","inLanguage":"en-US","@id":"https:\/\/www.ideaymedia.com.mx\/visa\/#\/schema\/logo\/image\/","url":"https:\/\/www.ideaymedia.com.mx\/visa\/wp-content\/uploads\/2015\/02\/Escudo-Visa-Americana.gif","contentUrl":"https:\/\/www.ideaymedia.com.mx\/visa\/wp-content\/uploads\/2015\/02\/Escudo-Visa-Americana.gif","width":165,"height":165,"caption":"Visa Americana"},"image":{"@id":"https:\/\/www.ideaymedia.com.mx\/visa\/#\/schema\/logo\/image\/"}}]}},"_links":{"self":[{"href":"https:\/\/www.ideaymedia.com.mx\/visa\/wp-json\/wp\/v2\/pages\/129","targetHints":{"allow":["GET"]}}],"collection":[{"href":"https:\/\/www.ideaymedia.com.mx\/visa\/wp-json\/wp\/v2\/pages"}],"about":[{"href":"https:\/\/www.ideaymedia.com.mx\/visa\/wp-json\/wp\/v2\/types\/page"}],"author":[{"embeddable":true,"href":"https:\/\/www.ideaymedia.com.mx\/visa\/wp-json\/wp\/v2\/users\/3"}],"replies":[{"embeddable":true,"href":"https:\/\/www.ideaymedia.com.mx\/visa\/wp-json\/wp\/v2\/comments?post=129"}],"version-history":[{"count":0,"href":"https:\/\/www.ideaymedia.com.mx\/visa\/wp-json\/wp\/v2\/pages\/129\/revisions"}],"wp:attachment":[{"href":"https:\/\/www.ideaymedia.com.mx\/visa\/wp-json\/wp\/v2\/media?parent=129"}],"curies":[{"name":"wp","href":"https:\/\/api.w.org\/{rel}","templated":true}]}}