{"id":110,"date":"2013-11-25T14:01:44","date_gmt":"2013-11-25T20:01:44","guid":{"rendered":"https:\/\/visa-americana.com\/?page_id=110"},"modified":"2018-06-18T22:15:27","modified_gmt":"2018-06-19T03:15:27","slug":"tramite-con-un-experto","status":"publish","type":"page","link":"https:\/\/www.ideaymedia.com.mx\/visa\/tramite-con-un-experto\/","title":{"rendered":"Tramite con un experto"},"content":{"rendered":"<h1 class= \"blue\">Tramite su Visa Americana con uno de nuestros agentes expertos<\/h1>\r\n<p class=\"justify-text\">Si usted no se siente completamente seguro de llevar a cabo esta gesti\u00f3n por s\u00ed mismo, permita que uno de nuestros expertos realice el tr\u00e1mite por usted. Qu\u00e9dese tranquilo y seguro de que su agente asignado efectuar\u00e1 de manera correcta su gesti\u00f3n.<\/p>\r\n\r\n<p class=\"justify-text\">Nuestro servicio completo incluye la elaboraci\u00f3n de las aplicaciones y cuestionarios que forman parte del tr\u00e1mite para la Visa Americana, el agendado de citas tanto en el Centro de Atenci\u00f3n al Solicitante como en la embajada o consulado seg\u00fan sea su caso.<\/p>\r\n<p class=\"justify-text\">Para un listado completo de servicios incluidos vea a continuaci\u00f3n.<\/p>\r\n\r\n<ul>\r\n\t<li class=\"justify-text\">Revisi\u00f3n y evaluaci\u00f3n de su caso particular<\/li>\r\n\t<li>Gesti\u00f3n del Formulario DS-160<\/li>\r\n\t<li>Confirmaci\u00f3n del n\u00famero de expediente o \u201cApplication ID\u201d<\/li>\r\n\t<li>Gesti\u00f3n del cuestionario CAS, SIV o VAC (seg\u00fan el caso)<\/li>\r\n\t<li>Tr\u00e1mite para pago MRV<\/li>\r\n\t<li>Reservaci\u00f3n DHL para entrega de visa y pasaporte<\/li>\r\n\t<li>Consulta y apartado de fechas disponibles para la cita CAS<\/li>\r\n\t<li>Agendado de cita consular<\/li>\r\n\t<li>Evaluaci\u00f3n final de su expediente<\/li>\r\n\t<li>Elaboraci\u00f3n de sugerencias y recomendaciones para su entrevista<\/li>\r\n<\/ul>\r\n\r\n<p class=\"justify-text\">Nuestros expertos har\u00e1n todo el trabajo pesado para que usted \u00fanicamente tenga que realizar el pago MRV por el derecho de tr\u00e1mite para la visa americana y presentarse a su cita en el CAS y\/o embajada americana local.<\/p>\r\n<p class=\"justify-text\">Este servicio exclusivo toma entre 48 y 72 horas. Para m\u00e1s informaci\u00f3n o para contratar este servicio, seleccione de la siguiente lista.<\/p>\r\n\r\n<style type=\"text\/css\">\r\n.tg  {border-collapse:collapse;border-spacing:0;width:100% !important;}\r\n.tg td{font-family:Arial, sans-serif;font-size:14px;padding:10px 5px;border-style:solid;border-width:1px;overflow:hidden;word-break:normal;text-align: center; font-weight:bold;vertical-align: middle;}\r\n.tg th{font-family:Arial, sans-serif;font-size:14px;font-weight:normal;padding:10px 5px;border-style:solid;border-width:1px;overflow:hidden;word-break:normal;}\r\n<\/style>\r\n\r\n<table class=\"tg\" style=\"background: #dedede;\">\r\n   <tr>\r\n      <td class=\"tg-031e\"><strong>Solicitud de Visa Americana de no inmigrante (B1\/B2) por primera\u00a0ocasi\u00f3n.<\/strong><\/td>\r\n      <td class=\"tg-031e\" nowrap><a href=\"https:\/\/www.ideaymedia.com.mx\/visa\/tramite-su-visa-americana-b1b2-con-un-experto\/\" class=\"green\">Clic aqu\u00ed\u200e<\/a><\/td>\r\n  <\/tr>\r\n  <tr>\r\n      <td class=\"tg-031e\"><strong>Renovaci\u00f3n de Visa Americana no inmigrante (B1\/B2)<\/strong><\/td>\r\n      <td class=\"tg-031e\" nowrap><a href=\"https:\/\/www.ideaymedia.com.mx\/visa\/renovacion-con-un-experto\/\" class=\"green\">Clic aqu\u00ed\u200e<\/a><\/td>\r\n  <\/tr>\r\n  <tr>\r\n      <td class=\"tg-031e\"><strong>Visa Americana de no inmigrante (B1\/B2) previamente negada.<\/strong><\/td>\r\n      <td class=\"tg-031e\" nowrap><a href=\"https:\/\/www.ideaymedia.com.mx\/visa\/negada_con_un_experto\/\" class=\"green\">Clic aqu\u00ed<\/a><\/td>\r\n  <\/tr>\r\n<\/table>\r\n\r\n\r\n<p><span class=\"red\"><strong>Nota:<\/strong><\/span> Para casos de emergencias, contamos con servicio de tr\u00e1mite expr\u00e9s en<span class=\"red\"><strong> 24 horas.<\/strong><\/span> Haga <strong><a href=\"https:\/\/www.ideaymedia.com.mx\/visa\/tramite-expres\/\"><strong>clic aqu\u00ed<\/strong><\/a><\/span> <\/strong>para m\u00e1s informaci\u00f3n.<\/p>","protected":false},"excerpt":{"rendered":"Tramite su Visa Americana con uno de nuestros agentes expertos Si usted no se siente completamente seguro de llevar a cabo esta gesti\u00f3n por s\u00ed mismo, permita que uno de nuestros expertos realice el tr\u00e1mite por usted. Qu\u00e9dese tranquilo y<span class=\"ellipsis\">&hellip;<\/span><div class=\"read-more\"><a href=\"https:\/\/www.ideaymedia.com.mx\/visa\/tramite-con-un-experto\/\">Read more &#8250;<\/a><\/div><!-- end of .read-more -->","protected":false},"author":3,"featured_media":0,"parent":0,"menu_order":18,"comment_status":"open","ping_status":"open","template":"template-single-sidebar-minimal.php","meta":{"footnotes":""},"class_list":["post-110","page","type-page","status-publish","hentry"],"yoast_head":"<!-- This site is optimized with the Yoast SEO plugin v26.5 - https:\/\/yoast.com\/wordpress\/plugins\/seo\/ -->\n<title>Tramite Visa Americana con un Experto | Visa Americana<\/title>\n<meta name=\"description\" content=\"Nuestros agentes expertos de Visa Americana pueden efectuar la solicitud de su visado en 48 a 72 horas. Haga clic aqu\u00ed para contratar este servicio.\" \/>\n<meta name=\"robots\" content=\"index, follow, max-snippet:-1, max-image-preview:large, max-video-preview:-1\" \/>\n<link rel=\"canonical\" href=\"https:\/\/www.ideaymedia.com.mx\/visa\/tramite-con-un-experto\/\" \/>\n<meta property=\"og:locale\" content=\"en_US\" \/>\n<meta property=\"og:type\" content=\"article\" \/>\n<meta property=\"og:title\" content=\"Tramite Visa Americana con un Experto | Visa Americana\" \/>\n<meta property=\"og:description\" content=\"Nuestros agentes expertos de Visa Americana pueden efectuar la solicitud de su visado en 48 a 72 horas. Haga clic aqu\u00ed para contratar este servicio.\" \/>\n<meta property=\"og:url\" content=\"https:\/\/www.ideaymedia.com.mx\/visa\/tramite-con-un-experto\/\" \/>\n<meta property=\"og:site_name\" content=\"Visa Americana Asesoramiento Migratorio\" \/>\n<meta property=\"article:modified_time\" content=\"2018-06-19T03:15:27+00:00\" \/>\n<meta name=\"twitter:label1\" content=\"Est. reading time\" \/>\n\t<meta name=\"twitter:data1\" content=\"2 minutes\" \/>\n<script type=\"application\/ld+json\" class=\"yoast-schema-graph\">{\"@context\":\"https:\/\/schema.org\",\"@graph\":[{\"@type\":\"WebPage\",\"@id\":\"https:\/\/www.ideaymedia.com.mx\/visa\/tramite-con-un-experto\/\",\"url\":\"https:\/\/www.ideaymedia.com.mx\/visa\/tramite-con-un-experto\/\",\"name\":\"Tramite Visa Americana con un Experto | Visa Americana\",\"isPartOf\":{\"@id\":\"https:\/\/www.ideaymedia.com.mx\/visa\/#website\"},\"datePublished\":\"2013-11-25T20:01:44+00:00\",\"dateModified\":\"2018-06-19T03:15:27+00:00\",\"description\":\"Nuestros agentes expertos de Visa Americana pueden efectuar la solicitud de su visado en 48 a 72 horas. Haga clic aqu\u00ed para contratar este servicio.\",\"breadcrumb\":{\"@id\":\"https:\/\/www.ideaymedia.com.mx\/visa\/tramite-con-un-experto\/#breadcrumb\"},\"inLanguage\":\"en-US\",\"potentialAction\":[{\"@type\":\"ReadAction\",\"target\":[\"https:\/\/www.ideaymedia.com.mx\/visa\/tramite-con-un-experto\/\"]}]},{\"@type\":\"BreadcrumbList\",\"@id\":\"https:\/\/www.ideaymedia.com.mx\/visa\/tramite-con-un-experto\/#breadcrumb\",\"itemListElement\":[{\"@type\":\"ListItem\",\"position\":1,\"name\":\"Home\",\"item\":\"https:\/\/www.ideaymedia.com.mx\/visa\/requisitos-para-tramitar-visa-a-eu\/\"},{\"@type\":\"ListItem\",\"position\":2,\"name\":\"Tramite con un experto\"}]},{\"@type\":\"WebSite\",\"@id\":\"https:\/\/www.ideaymedia.com.mx\/visa\/#website\",\"url\":\"https:\/\/www.ideaymedia.com.mx\/visa\/\",\"name\":\"Visa Americana Asesoramiento Migratorio\",\"description\":\"Visa Americana Asesoramiento Migratorio\",\"publisher\":{\"@id\":\"https:\/\/www.ideaymedia.com.mx\/visa\/#organization\"},\"potentialAction\":[{\"@type\":\"SearchAction\",\"target\":{\"@type\":\"EntryPoint\",\"urlTemplate\":\"https:\/\/www.ideaymedia.com.mx\/visa\/?s={search_term_string}\"},\"query-input\":{\"@type\":\"PropertyValueSpecification\",\"valueRequired\":true,\"valueName\":\"search_term_string\"}}],\"inLanguage\":\"en-US\"},{\"@type\":\"Organization\",\"@id\":\"https:\/\/www.ideaymedia.com.mx\/visa\/#organization\",\"name\":\"Visa Americana\",\"url\":\"https:\/\/www.ideaymedia.com.mx\/visa\/\",\"logo\":{\"@type\":\"ImageObject\",\"inLanguage\":\"en-US\",\"@id\":\"https:\/\/www.ideaymedia.com.mx\/visa\/#\/schema\/logo\/image\/\",\"url\":\"https:\/\/www.ideaymedia.com.mx\/visa\/wp-content\/uploads\/2015\/02\/Escudo-Visa-Americana.gif\",\"contentUrl\":\"https:\/\/www.ideaymedia.com.mx\/visa\/wp-content\/uploads\/2015\/02\/Escudo-Visa-Americana.gif\",\"width\":165,\"height\":165,\"caption\":\"Visa Americana\"},\"image\":{\"@id\":\"https:\/\/www.ideaymedia.com.mx\/visa\/#\/schema\/logo\/image\/\"}}]}<\/script>\n<!-- \/ Yoast SEO plugin. -->","yoast_head_json":{"title":"Tramite Visa Americana con un Experto | Visa Americana","description":"Nuestros agentes expertos de Visa Americana pueden efectuar la solicitud de su visado en 48 a 72 horas. Haga clic aqu\u00ed para contratar este servicio.","robots":{"index":"index","follow":"follow","max-snippet":"max-snippet:-1","max-image-preview":"max-image-preview:large","max-video-preview":"max-video-preview:-1"},"canonical":"https:\/\/www.ideaymedia.com.mx\/visa\/tramite-con-un-experto\/","og_locale":"en_US","og_type":"article","og_title":"Tramite Visa Americana con un Experto | Visa Americana","og_description":"Nuestros agentes expertos de Visa Americana pueden efectuar la solicitud de su visado en 48 a 72 horas. Haga clic aqu\u00ed para contratar este servicio.","og_url":"https:\/\/www.ideaymedia.com.mx\/visa\/tramite-con-un-experto\/","og_site_name":"Visa Americana Asesoramiento Migratorio","article_modified_time":"2018-06-19T03:15:27+00:00","twitter_misc":{"Est. reading time":"2 minutes"},"schema":{"@context":"https:\/\/schema.org","@graph":[{"@type":"WebPage","@id":"https:\/\/www.ideaymedia.com.mx\/visa\/tramite-con-un-experto\/","url":"https:\/\/www.ideaymedia.com.mx\/visa\/tramite-con-un-experto\/","name":"Tramite Visa Americana con un Experto | Visa Americana","isPartOf":{"@id":"https:\/\/www.ideaymedia.com.mx\/visa\/#website"},"datePublished":"2013-11-25T20:01:44+00:00","dateModified":"2018-06-19T03:15:27+00:00","description":"Nuestros agentes expertos de Visa Americana pueden efectuar la solicitud de su visado en 48 a 72 horas. Haga clic aqu\u00ed para contratar este servicio.","breadcrumb":{"@id":"https:\/\/www.ideaymedia.com.mx\/visa\/tramite-con-un-experto\/#breadcrumb"},"inLanguage":"en-US","potentialAction":[{"@type":"ReadAction","target":["https:\/\/www.ideaymedia.com.mx\/visa\/tramite-con-un-experto\/"]}]},{"@type":"BreadcrumbList","@id":"https:\/\/www.ideaymedia.com.mx\/visa\/tramite-con-un-experto\/#breadcrumb","itemListElement":[{"@type":"ListItem","position":1,"name":"Home","item":"https:\/\/www.ideaymedia.com.mx\/visa\/requisitos-para-tramitar-visa-a-eu\/"},{"@type":"ListItem","position":2,"name":"Tramite con un experto"}]},{"@type":"WebSite","@id":"https:\/\/www.ideaymedia.com.mx\/visa\/#website","url":"https:\/\/www.ideaymedia.com.mx\/visa\/","name":"Visa Americana Asesoramiento Migratorio","description":"Visa Americana Asesoramiento Migratorio","publisher":{"@id":"https:\/\/www.ideaymedia.com.mx\/visa\/#organization"},"potentialAction":[{"@type":"SearchAction","target":{"@type":"EntryPoint","urlTemplate":"https:\/\/www.ideaymedia.com.mx\/visa\/?s={search_term_string}"},"query-input":{"@type":"PropertyValueSpecification","valueRequired":true,"valueName":"search_term_string"}}],"inLanguage":"en-US"},{"@type":"Organization","@id":"https:\/\/www.ideaymedia.com.mx\/visa\/#organization","name":"Visa Americana","url":"https:\/\/www.ideaymedia.com.mx\/visa\/","logo":{"@type":"ImageObject","inLanguage":"en-US","@id":"https:\/\/www.ideaymedia.com.mx\/visa\/#\/schema\/logo\/image\/","url":"https:\/\/www.ideaymedia.com.mx\/visa\/wp-content\/uploads\/2015\/02\/Escudo-Visa-Americana.gif","contentUrl":"https:\/\/www.ideaymedia.com.mx\/visa\/wp-content\/uploads\/2015\/02\/Escudo-Visa-Americana.gif","width":165,"height":165,"caption":"Visa Americana"},"image":{"@id":"https:\/\/www.ideaymedia.com.mx\/visa\/#\/schema\/logo\/image\/"}}]}},"_links":{"self":[{"href":"https:\/\/www.ideaymedia.com.mx\/visa\/wp-json\/wp\/v2\/pages\/110","targetHints":{"allow":["GET"]}}],"collection":[{"href":"https:\/\/www.ideaymedia.com.mx\/visa\/wp-json\/wp\/v2\/pages"}],"about":[{"href":"https:\/\/www.ideaymedia.com.mx\/visa\/wp-json\/wp\/v2\/types\/page"}],"author":[{"embeddable":true,"href":"https:\/\/www.ideaymedia.com.mx\/visa\/wp-json\/wp\/v2\/users\/3"}],"replies":[{"embeddable":true,"href":"https:\/\/www.ideaymedia.com.mx\/visa\/wp-json\/wp\/v2\/comments?post=110"}],"version-history":[{"count":0,"href":"https:\/\/www.ideaymedia.com.mx\/visa\/wp-json\/wp\/v2\/pages\/110\/revisions"}],"wp:attachment":[{"href":"https:\/\/www.ideaymedia.com.mx\/visa\/wp-json\/wp\/v2\/media?parent=110"}],"curies":[{"name":"wp","href":"https:\/\/api.w.org\/{rel}","templated":true}]}}