{"id":108,"date":"2013-11-25T14:00:32","date_gmt":"2013-11-25T20:00:32","guid":{"rendered":"https:\/\/visa-americana.com\/?page_id=108"},"modified":"2018-06-13T19:30:32","modified_gmt":"2018-06-14T00:30:32","slug":"programa-de-exencion-de-visa","status":"publish","type":"page","link":"https:\/\/www.ideaymedia.com.mx\/visa\/programa-de-exencion-de-visa\/","title":{"rendered":"Programa de Exenci\u00f3n de Visa"},"content":{"rendered":"<h1 class= \"blue\">Pa\u00edses dentro del Programa de Exenci\u00f3n de Visa (VWP):<\/h1>\r\n<p>El Programa de Exenci\u00f3n de Visa (VWP) permite a ciudadanos de ciertos pa\u00edses viajar a los Estados Unidos por motivos de turismo o negocios y por un periodo inferior a 90 d\u00edas\u00a0 sin necesidad de obtener una visa americana. No obstante, existen algunas restricciones.\u00a0 No todos los pa\u00edses participan en el Programa de Exenci\u00f3n de Visa (VWP).<\/p>\r\n\r\n<h5 class= \"red\">Los siguientes 36 pa\u00edses participan actualmente en el Programa de Exenci\u00f3n de Visa:<\/h5>\r\n<table id=\"exencion\">\r\n<tbody>\r\n<tr>\r\n<td class=\"center-text\" colspan=\"3\"><strong>Pa\u00edses<\/strong><\/td>\r\n<\/tr>\r\n<tr>\r\n<td>Alemania<\/td>\r\n<td>Francia<\/td>\r\n<td>Malta<\/td>\r\n<\/tr>\r\n<tr>\r\n<td>Andorra<\/td>\r\n<td>Grecia<\/td>\r\n<td>M\u00f3naco<\/td>\r\n<\/tr>\r\n<tr>\r\n<td>Australia<\/td>\r\n<td>Holanda<\/td>\r\n<td>Noruega<\/td>\r\n<\/tr>\r\n<tr>\r\n<td>Austria<\/td>\r\n<td>Hungr\u00eda<\/td>\r\n<td>Nueva Zelanda<\/td>\r\n<\/tr>\r\n<tr>\r\n<td>B\u00e9lgica<\/td>\r\n<td>Irlanda<\/td>\r\n<td>Portugal<\/td>\r\n<\/tr>\r\n<tr>\r\n<td>Brunei<\/td>\r\n<td>Islandia<\/td>\r\n<td>Reino Unido<\/td>\r\n<\/tr>\r\n<tr>\r\n<td>Dinamarca<\/td>\r\n<td>Italia<\/td>\r\n<td>Rep\u00fablica de Corea<\/td>\r\n<\/tr>\r\n<tr>\r\n<td>Eslovenia<\/td>\r\n<td>Jap\u00f3n<\/td>\r\n<td>Rep\u00fablica Checa<\/td>\r\n<\/tr>\r\n<tr>\r\n<td>Eslovaquia<\/td>\r\n<td>Letonia<\/td>\r\n<td>San Marino<\/td>\r\n<\/tr>\r\n<tr>\r\n<td>Espa\u00f1a<\/td>\r\n<td>Liechtenstein<\/td>\r\n<td>Singapur<\/td>\r\n<\/tr>\r\n<tr>\r\n<td>Estonia<\/td>\r\n<td>Lituania<\/td>\r\n<td>Suecia<\/td>\r\n<\/tr>\r\n<tr>\r\n<td>Finlandia<\/td>\r\n<td>Luxemburgo<\/td>\r\n<td>Suiza<\/td>\r\n<\/tr>\r\n<tr>\r\n<td><\/td>\r\n<td><\/td>\r\n<td>Taiw\u00e1n<\/td>\r\n<\/tr>\r\n<\/tbody>\r\n<\/table>\r\n<p>Si usted es residente de alguno de estos pa\u00edses:<\/p>\r\n<ol>\r\n\t<li>Pueden ser elegibles para viajar a los Estados Unidos sin visado bajo el Programa de Exenci\u00f3n de visa si viaja por negocios, turismo o en tr\u00e1nsito (durante un periodo m\u00e1ximo de 90 d\u00edas).<\/li>\r\n\t<li>Su pasaporte tiene un chip integrado.<\/li>\r\n\t<li>Han obtenido una autorizaci\u00f3n de viaje a trav\u00e9s del Sistema Electr\u00f3nico de Autorizaci\u00f3n de Viaje (<a href=\"https:\/\/esta.cbp.dhs.gov\/esta\/\">ESTA<\/a> por sus siglas en ingles) antes de embarcar en una compa\u00f1\u00eda a\u00e9rea o mar\u00edtima.<\/li>\r\n<\/ol>\r\n<p>Si usted no cumple con los requisitos anteriormente mencionados, usted deber\u00e1 aplicar para una visa B1 o B2.<\/p>\r\n\r\n<p>Haga <a href=\"https:\/\/www.ideaymedia.com.mx\/visa\/tramite-visa-americana\/\"><strong>clic aqu\u00ed<\/strong><\/a> para informaci\u00f3n de c\u00f3mo realizar el tramitar su visado en espa\u00f1ol.<\/p>\r\n\r\n<p>En caso de que usted aplique para el programa de exenci\u00f3n de visa, puede hacer clic en el siguiente v\u00ednculo para efectuar la gesti\u00f3n de su <strong>ESTA<\/strong> directamente ante el Gobierno de los Estados Unidos.<\/p>\r\n\r\n<a href=\"https:\/\/esta.cbp.dhs.gov\/esta\/\"><img loading=\"lazy\" decoding=\"async\" src=\"https:\/\/www.ideaymedia.com.mx\/visa\/wp-content\/uploads\/2015\/03\/ESTA_Visa_Americana.png\" style=\"float: center; width: 311px; height: 112px;\" alt=\"Programa de Exenci\u00f3n de Visa\" width=\"311\" height=\"112\"\/><div><span style=\"font-size: xx-small;\">(Imagen tomada del sitio: https:\/\/esta.cbp.dhs.gov\/esta\/)<\/a><\/span><\/div>\r\n\r\n<p>En caso de no estar seguro si usted aplica para el programa de exenci\u00f3n de visa o no, puede contactarnos por medio de nuestro formulario de contacto haciendo <a href=\"https:\/\/www.ideaymedia.com.mx\/visa\/contacto\/\"><strong>clic aqu\u00ed.<\/strong><\/a> Uno de nuestros agentes atender\u00e1 con gusto su cuesti\u00f3n.<\/p>","protected":false},"excerpt":{"rendered":"Pa\u00edses dentro del Programa de Exenci\u00f3n de Visa (VWP): El Programa de Exenci\u00f3n de Visa (VWP) permite a ciudadanos de ciertos pa\u00edses viajar a los Estados Unidos por motivos de turismo o negocios y por un periodo inferior a 90<span class=\"ellipsis\">&hellip;<\/span><div class=\"read-more\"><a href=\"https:\/\/www.ideaymedia.com.mx\/visa\/programa-de-exencion-de-visa\/\">Read more &#8250;<\/a><\/div><!-- end of .read-more -->","protected":false},"author":3,"featured_media":0,"parent":0,"menu_order":146,"comment_status":"open","ping_status":"open","template":"template-single-nosidebar-minimal.php","meta":{"footnotes":""},"class_list":["post-108","page","type-page","status-publish","hentry"],"yoast_head":"<!-- This site is optimized with the Yoast SEO plugin v26.5 - https:\/\/yoast.com\/wordpress\/plugins\/seo\/ -->\n<title>Programa de Exenci\u00f3n de Visa | Visa Americana<\/title>\n<meta name=\"description\" content=\"Visa Americana le informa sobre el Programa de Exenci\u00f3n de Visa (VWP). Haga clic aqu\u00ed para un listado de los pa\u00edses participantes en dicho esquema.\" \/>\n<meta name=\"robots\" content=\"index, follow, max-snippet:-1, max-image-preview:large, max-video-preview:-1\" \/>\n<link rel=\"canonical\" href=\"https:\/\/www.ideaymedia.com.mx\/visa\/programa-de-exencion-de-visa\/\" \/>\n<meta property=\"og:locale\" content=\"en_US\" \/>\n<meta property=\"og:type\" content=\"article\" \/>\n<meta property=\"og:title\" content=\"Programa de Exenci\u00f3n de Visa | Visa Americana\" \/>\n<meta property=\"og:description\" content=\"Visa Americana le informa sobre el Programa de Exenci\u00f3n de Visa (VWP). Haga clic aqu\u00ed para un listado de los pa\u00edses participantes en dicho esquema.\" \/>\n<meta property=\"og:url\" content=\"https:\/\/www.ideaymedia.com.mx\/visa\/programa-de-exencion-de-visa\/\" \/>\n<meta property=\"og:site_name\" content=\"Visa Americana Asesoramiento Migratorio\" \/>\n<meta property=\"article:modified_time\" content=\"2018-06-14T00:30:32+00:00\" \/>\n<meta property=\"og:image\" content=\"https:\/\/www.ideaymedia.com.mx\/visa\/wp-content\/uploads\/2015\/03\/ESTA_Visa_Americana.png\" \/>\n<meta name=\"twitter:label1\" content=\"Est. reading time\" \/>\n\t<meta name=\"twitter:data1\" content=\"2 minutes\" \/>\n<script type=\"application\/ld+json\" class=\"yoast-schema-graph\">{\"@context\":\"https:\/\/schema.org\",\"@graph\":[{\"@type\":\"WebPage\",\"@id\":\"https:\/\/www.ideaymedia.com.mx\/visa\/programa-de-exencion-de-visa\/\",\"url\":\"https:\/\/www.ideaymedia.com.mx\/visa\/programa-de-exencion-de-visa\/\",\"name\":\"Programa de Exenci\u00f3n de Visa | Visa Americana\",\"isPartOf\":{\"@id\":\"https:\/\/www.ideaymedia.com.mx\/visa\/#website\"},\"primaryImageOfPage\":{\"@id\":\"https:\/\/www.ideaymedia.com.mx\/visa\/programa-de-exencion-de-visa\/#primaryimage\"},\"image\":{\"@id\":\"https:\/\/www.ideaymedia.com.mx\/visa\/programa-de-exencion-de-visa\/#primaryimage\"},\"thumbnailUrl\":\"https:\/\/www.ideaymedia.com.mx\/visa\/wp-content\/uploads\/2015\/03\/ESTA_Visa_Americana.png\",\"datePublished\":\"2013-11-25T20:00:32+00:00\",\"dateModified\":\"2018-06-14T00:30:32+00:00\",\"description\":\"Visa Americana le informa sobre el Programa de Exenci\u00f3n de Visa (VWP). Haga clic aqu\u00ed para un listado de los pa\u00edses participantes en dicho esquema.\",\"breadcrumb\":{\"@id\":\"https:\/\/www.ideaymedia.com.mx\/visa\/programa-de-exencion-de-visa\/#breadcrumb\"},\"inLanguage\":\"en-US\",\"potentialAction\":[{\"@type\":\"ReadAction\",\"target\":[\"https:\/\/www.ideaymedia.com.mx\/visa\/programa-de-exencion-de-visa\/\"]}]},{\"@type\":\"ImageObject\",\"inLanguage\":\"en-US\",\"@id\":\"https:\/\/www.ideaymedia.com.mx\/visa\/programa-de-exencion-de-visa\/#primaryimage\",\"url\":\"https:\/\/www.ideaymedia.com.mx\/visa\/wp-content\/uploads\/2015\/03\/ESTA_Visa_Americana.png\",\"contentUrl\":\"https:\/\/www.ideaymedia.com.mx\/visa\/wp-content\/uploads\/2015\/03\/ESTA_Visa_Americana.png\",\"width\":311,\"height\":112},{\"@type\":\"BreadcrumbList\",\"@id\":\"https:\/\/www.ideaymedia.com.mx\/visa\/programa-de-exencion-de-visa\/#breadcrumb\",\"itemListElement\":[{\"@type\":\"ListItem\",\"position\":1,\"name\":\"Home\",\"item\":\"https:\/\/www.ideaymedia.com.mx\/visa\/requisitos-para-tramitar-visa-a-eu\/\"},{\"@type\":\"ListItem\",\"position\":2,\"name\":\"Programa de Exenci\u00f3n de Visa\"}]},{\"@type\":\"WebSite\",\"@id\":\"https:\/\/www.ideaymedia.com.mx\/visa\/#website\",\"url\":\"https:\/\/www.ideaymedia.com.mx\/visa\/\",\"name\":\"Visa Americana Asesoramiento Migratorio\",\"description\":\"Visa Americana Asesoramiento Migratorio\",\"publisher\":{\"@id\":\"https:\/\/www.ideaymedia.com.mx\/visa\/#organization\"},\"potentialAction\":[{\"@type\":\"SearchAction\",\"target\":{\"@type\":\"EntryPoint\",\"urlTemplate\":\"https:\/\/www.ideaymedia.com.mx\/visa\/?s={search_term_string}\"},\"query-input\":{\"@type\":\"PropertyValueSpecification\",\"valueRequired\":true,\"valueName\":\"search_term_string\"}}],\"inLanguage\":\"en-US\"},{\"@type\":\"Organization\",\"@id\":\"https:\/\/www.ideaymedia.com.mx\/visa\/#organization\",\"name\":\"Visa Americana\",\"url\":\"https:\/\/www.ideaymedia.com.mx\/visa\/\",\"logo\":{\"@type\":\"ImageObject\",\"inLanguage\":\"en-US\",\"@id\":\"https:\/\/www.ideaymedia.com.mx\/visa\/#\/schema\/logo\/image\/\",\"url\":\"https:\/\/www.ideaymedia.com.mx\/visa\/wp-content\/uploads\/2015\/02\/Escudo-Visa-Americana.gif\",\"contentUrl\":\"https:\/\/www.ideaymedia.com.mx\/visa\/wp-content\/uploads\/2015\/02\/Escudo-Visa-Americana.gif\",\"width\":165,\"height\":165,\"caption\":\"Visa Americana\"},\"image\":{\"@id\":\"https:\/\/www.ideaymedia.com.mx\/visa\/#\/schema\/logo\/image\/\"}}]}<\/script>\n<!-- \/ Yoast SEO plugin. -->","yoast_head_json":{"title":"Programa de Exenci\u00f3n de Visa | Visa Americana","description":"Visa Americana le informa sobre el Programa de Exenci\u00f3n de Visa (VWP). Haga clic aqu\u00ed para un listado de los pa\u00edses participantes en dicho esquema.","robots":{"index":"index","follow":"follow","max-snippet":"max-snippet:-1","max-image-preview":"max-image-preview:large","max-video-preview":"max-video-preview:-1"},"canonical":"https:\/\/www.ideaymedia.com.mx\/visa\/programa-de-exencion-de-visa\/","og_locale":"en_US","og_type":"article","og_title":"Programa de Exenci\u00f3n de Visa | Visa Americana","og_description":"Visa Americana le informa sobre el Programa de Exenci\u00f3n de Visa (VWP). Haga clic aqu\u00ed para un listado de los pa\u00edses participantes en dicho esquema.","og_url":"https:\/\/www.ideaymedia.com.mx\/visa\/programa-de-exencion-de-visa\/","og_site_name":"Visa Americana Asesoramiento Migratorio","article_modified_time":"2018-06-14T00:30:32+00:00","og_image":[{"url":"https:\/\/www.ideaymedia.com.mx\/visa\/wp-content\/uploads\/2015\/03\/ESTA_Visa_Americana.png","type":"","width":"","height":""}],"twitter_misc":{"Est. reading time":"2 minutes"},"schema":{"@context":"https:\/\/schema.org","@graph":[{"@type":"WebPage","@id":"https:\/\/www.ideaymedia.com.mx\/visa\/programa-de-exencion-de-visa\/","url":"https:\/\/www.ideaymedia.com.mx\/visa\/programa-de-exencion-de-visa\/","name":"Programa de Exenci\u00f3n de Visa | Visa Americana","isPartOf":{"@id":"https:\/\/www.ideaymedia.com.mx\/visa\/#website"},"primaryImageOfPage":{"@id":"https:\/\/www.ideaymedia.com.mx\/visa\/programa-de-exencion-de-visa\/#primaryimage"},"image":{"@id":"https:\/\/www.ideaymedia.com.mx\/visa\/programa-de-exencion-de-visa\/#primaryimage"},"thumbnailUrl":"https:\/\/www.ideaymedia.com.mx\/visa\/wp-content\/uploads\/2015\/03\/ESTA_Visa_Americana.png","datePublished":"2013-11-25T20:00:32+00:00","dateModified":"2018-06-14T00:30:32+00:00","description":"Visa Americana le informa sobre el Programa de Exenci\u00f3n de Visa (VWP). Haga clic aqu\u00ed para un listado de los pa\u00edses participantes en dicho esquema.","breadcrumb":{"@id":"https:\/\/www.ideaymedia.com.mx\/visa\/programa-de-exencion-de-visa\/#breadcrumb"},"inLanguage":"en-US","potentialAction":[{"@type":"ReadAction","target":["https:\/\/www.ideaymedia.com.mx\/visa\/programa-de-exencion-de-visa\/"]}]},{"@type":"ImageObject","inLanguage":"en-US","@id":"https:\/\/www.ideaymedia.com.mx\/visa\/programa-de-exencion-de-visa\/#primaryimage","url":"https:\/\/www.ideaymedia.com.mx\/visa\/wp-content\/uploads\/2015\/03\/ESTA_Visa_Americana.png","contentUrl":"https:\/\/www.ideaymedia.com.mx\/visa\/wp-content\/uploads\/2015\/03\/ESTA_Visa_Americana.png","width":311,"height":112},{"@type":"BreadcrumbList","@id":"https:\/\/www.ideaymedia.com.mx\/visa\/programa-de-exencion-de-visa\/#breadcrumb","itemListElement":[{"@type":"ListItem","position":1,"name":"Home","item":"https:\/\/www.ideaymedia.com.mx\/visa\/requisitos-para-tramitar-visa-a-eu\/"},{"@type":"ListItem","position":2,"name":"Programa de Exenci\u00f3n de Visa"}]},{"@type":"WebSite","@id":"https:\/\/www.ideaymedia.com.mx\/visa\/#website","url":"https:\/\/www.ideaymedia.com.mx\/visa\/","name":"Visa Americana Asesoramiento Migratorio","description":"Visa Americana Asesoramiento Migratorio","publisher":{"@id":"https:\/\/www.ideaymedia.com.mx\/visa\/#organization"},"potentialAction":[{"@type":"SearchAction","target":{"@type":"EntryPoint","urlTemplate":"https:\/\/www.ideaymedia.com.mx\/visa\/?s={search_term_string}"},"query-input":{"@type":"PropertyValueSpecification","valueRequired":true,"valueName":"search_term_string"}}],"inLanguage":"en-US"},{"@type":"Organization","@id":"https:\/\/www.ideaymedia.com.mx\/visa\/#organization","name":"Visa Americana","url":"https:\/\/www.ideaymedia.com.mx\/visa\/","logo":{"@type":"ImageObject","inLanguage":"en-US","@id":"https:\/\/www.ideaymedia.com.mx\/visa\/#\/schema\/logo\/image\/","url":"https:\/\/www.ideaymedia.com.mx\/visa\/wp-content\/uploads\/2015\/02\/Escudo-Visa-Americana.gif","contentUrl":"https:\/\/www.ideaymedia.com.mx\/visa\/wp-content\/uploads\/2015\/02\/Escudo-Visa-Americana.gif","width":165,"height":165,"caption":"Visa Americana"},"image":{"@id":"https:\/\/www.ideaymedia.com.mx\/visa\/#\/schema\/logo\/image\/"}}]}},"_links":{"self":[{"href":"https:\/\/www.ideaymedia.com.mx\/visa\/wp-json\/wp\/v2\/pages\/108","targetHints":{"allow":["GET"]}}],"collection":[{"href":"https:\/\/www.ideaymedia.com.mx\/visa\/wp-json\/wp\/v2\/pages"}],"about":[{"href":"https:\/\/www.ideaymedia.com.mx\/visa\/wp-json\/wp\/v2\/types\/page"}],"author":[{"embeddable":true,"href":"https:\/\/www.ideaymedia.com.mx\/visa\/wp-json\/wp\/v2\/users\/3"}],"replies":[{"embeddable":true,"href":"https:\/\/www.ideaymedia.com.mx\/visa\/wp-json\/wp\/v2\/comments?post=108"}],"version-history":[{"count":0,"href":"https:\/\/www.ideaymedia.com.mx\/visa\/wp-json\/wp\/v2\/pages\/108\/revisions"}],"wp:attachment":[{"href":"https:\/\/www.ideaymedia.com.mx\/visa\/wp-json\/wp\/v2\/media?parent=108"}],"curies":[{"name":"wp","href":"https:\/\/api.w.org\/{rel}","templated":true}]}}